{"id":28336,"date":"2025-03-21T12:08:06","date_gmt":"2025-03-21T11:08:06","guid":{"rendered":"https:\/\/gliki.at\/?post_type=product&#038;p=28336"},"modified":"2025-05-16T10:50:24","modified_gmt":"2025-05-16T08:50:24","slug":"ax25-30-10-80","status":"publish","type":"product","link":"https:\/\/gliki.at\/de\/shop\/kontaktori\/ax25-30-10-80\/","title":{"rendered":"AX25-30-10-80"},"content":{"rendered":"<p>AX25-30-10-80 je trofazni kontaktor proizvo\u0111a\u010da ABB, namenjen za kontrolu trofaznih motora i naponskih krugova do 690 V AC. Ovaj kontaktor ima blok-dizajn sa tri glavne kontaktne grane i jednim ugra\u0111enim pomo\u0107nim kontaktom. Kontrolni krug je AC upravljan, a dostupni su i dodaci kao \u0161to su pomo\u0107ni kontakt blokovi za prednju ili bo\u010dnu monta\u017eu.<\/p>\n<p>Glavne karakteristike:<\/p>\n<p>Kontrolni napon: 220\u2013230 V pri 50 Hz ili 230\u2013240 V pri 60 Hz.<br \/>\nNazivna struja pri AC-3 kategoriji (za motore): 25 A pri 400 V.<br \/>\nBroj glavnih kontakata: 3 NO (normalno otvorena).<br \/>\nBroj pomo\u0107nih kontakata: 1 NO (normalno otvoren).<br \/>\nTip veze za glavni krug: \u0160rafna veza.<br \/>\nOvaj kontaktor je idealan za razne industrijske primene gde je potrebno upravljanje motorima i visokim naponskim krugovima.<\/p>","protected":false},"excerpt":{"rendered":"<p>AX25-30-10-80 je trofazni AC kontaktor sa 3 glavna i 1 pomo\u0107nim kontaktom, dizajniran za upravljanje motorima i naponskim krugovima do 690 V AC.<\/p>","protected":false},"featured_media":28343,"template":"","meta":[],"product_brand":[117],"product_cat":[81],"product_tag":[],"class_list":{"0":"post-28336","1":"product","2":"type-product","3":"status-publish","4":"has-post-thumbnail","6":"product_brand-abb","7":"product_cat-kontaktori","9":"first","10":"instock","11":"taxable","12":"shipping-taxable","13":"purchasable","14":"product-type-simple"},"_links":{"self":[{"href":"https:\/\/gliki.at\/de\/wp-json\/wp\/v2\/product\/28336","targetHints":{"allow":["GET"]}}],"collection":[{"href":"https:\/\/gliki.at\/de\/wp-json\/wp\/v2\/product"}],"about":[{"href":"https:\/\/gliki.at\/de\/wp-json\/wp\/v2\/types\/product"}],"version-history":[{"count":1,"href":"https:\/\/gliki.at\/de\/wp-json\/wp\/v2\/product\/28336\/revisions"}],"predecessor-version":[{"id":28337,"href":"https:\/\/gliki.at\/de\/wp-json\/wp\/v2\/product\/28336\/revisions\/28337"}],"wp:featuredmedia":[{"embeddable":true,"href":"https:\/\/gliki.at\/de\/wp-json\/wp\/v2\/media\/28343"}],"wp:attachment":[{"href":"https:\/\/gliki.at\/de\/wp-json\/wp\/v2\/media?parent=28336"}],"wp:term":[{"taxonomy":"product_brand","embeddable":true,"href":"https:\/\/gliki.at\/de\/wp-json\/wp\/v2\/product_brand?post=28336"},{"taxonomy":"product_cat","embeddable":true,"href":"https:\/\/gliki.at\/de\/wp-json\/wp\/v2\/product_cat?post=28336"},{"taxonomy":"product_tag","embeddable":true,"href":"https:\/\/gliki.at\/de\/wp-json\/wp\/v2\/product_tag?post=28336"}],"curies":[{"name":"wp","href":"https:\/\/api.w.org\/{rel}","templated":true}]}}