{"id":28362,"date":"2025-03-22T10:09:23","date_gmt":"2025-03-22T09:09:23","guid":{"rendered":"https:\/\/gliki.at\/?post_type=product&#038;p=28362"},"modified":"2025-05-16T10:51:35","modified_gmt":"2025-05-16T08:51:35","slug":"ms116-1-16a","status":"publish","type":"product","link":"https:\/\/gliki.at\/de\/shop\/motorni-zastitni-prekidaci\/ms116-1-16a\/","title":{"rendered":"MS116 (1-1,6)A"},"content":{"rendered":"<p>ABB MS116-1.6 je ru\u010dni motorni starter dizajniran za uklju\u010divanje i isklju\u010divanje motora, kao i za njihovu za\u0161titu od kratkih spojeva, preoptere\u0107enja i faznih kvarova, bez potrebe za dodatnim osigura\u010dima. Ovaj model ima podesivi raspon struje od 1 do 1,6 ampera.<\/p>\n<p>Klju\u010dne karakteristike:<br \/>\nTermi\u010dka za\u0161tita: Klasa okidanja 10<\/p>\n<p>Osetljivost na gubitak faze<\/p>\n<p>Funkcija isklju\u010denja<\/p>\n<p>Temperaturna kompenzacija: od -25 do +55 \u00b0C<\/p>\n<p>Podesivo pode\u0161avanje struje za za\u0161titu od preoptere\u0107enja<\/p>\n<p>Pogodno za trofazne i jednofazne aplikacije<\/p>\n<p>Mehanizam slobodnog okidanja<\/p>\n<p>Jasna indikacija polo\u017eaja prekida\u010da: UKLJU\u010cENO\/ISKLJU\u010cENO\/OKIDANJE<\/p>\n<p>Tehni\u010dke specifikacije:<br \/>\nNazivni radni napon (Ue): do 690 V AC<\/p>\n<p>Nazivna izolaciona struja (Ith): 16 A<\/p>\n<p>Broj polova: 3<\/p>\n<p>Stepen za\u0161tite: IP20 (IP10 na terminalima)<\/p>\n<p>Dimenzije (V x \u0160 x D): 90 mm x 45 mm x 85,6 mm<\/p>\n<p>Te\u017eina: 0,225 kg<\/p>\n<p>Ovaj ure\u0111aj pru\u017ea pouzdanu za\u0161titu motora u kompaktnom dizajnu, sa mogu\u0107no\u0161\u0107u dodatne opreme kao \u0161to su pomo\u0107ni kontakti, signalni kontakti, podnaponska i \u0161ant isklju\u010denja, kao i mogu\u0107nost monta\u017ee na DIN \u0161inu.<\/p>","protected":false},"excerpt":{"rendered":"<p>ABB MS116-1.6 je ru\u010dni motorni starter dizajniran za uklju\u010divanje i isklju\u010divanje motora, kao i za njihovu za\u0161titu od kratkih spojeva, preoptere\u0107enja i faznih kvarova, bez potrebe za dodatnim osigura\u010dima. Ovaj model ima podesivi raspon struje od 1 do 1,6 ampera.<\/p>","protected":false},"featured_media":28363,"template":"","meta":[],"product_brand":[117],"product_cat":[103],"product_tag":[],"class_list":{"0":"post-28362","1":"product","2":"type-product","3":"status-publish","4":"has-post-thumbnail","6":"product_brand-abb","7":"product_cat-motorni-zastitni-prekidaci","9":"first","10":"instock","11":"taxable","12":"shipping-taxable","13":"purchasable","14":"product-type-simple"},"_links":{"self":[{"href":"https:\/\/gliki.at\/de\/wp-json\/wp\/v2\/product\/28362","targetHints":{"allow":["GET"]}}],"collection":[{"href":"https:\/\/gliki.at\/de\/wp-json\/wp\/v2\/product"}],"about":[{"href":"https:\/\/gliki.at\/de\/wp-json\/wp\/v2\/types\/product"}],"version-history":[{"count":2,"href":"https:\/\/gliki.at\/de\/wp-json\/wp\/v2\/product\/28362\/revisions"}],"predecessor-version":[{"id":28974,"href":"https:\/\/gliki.at\/de\/wp-json\/wp\/v2\/product\/28362\/revisions\/28974"}],"wp:featuredmedia":[{"embeddable":true,"href":"https:\/\/gliki.at\/de\/wp-json\/wp\/v2\/media\/28363"}],"wp:attachment":[{"href":"https:\/\/gliki.at\/de\/wp-json\/wp\/v2\/media?parent=28362"}],"wp:term":[{"taxonomy":"product_brand","embeddable":true,"href":"https:\/\/gliki.at\/de\/wp-json\/wp\/v2\/product_brand?post=28362"},{"taxonomy":"product_cat","embeddable":true,"href":"https:\/\/gliki.at\/de\/wp-json\/wp\/v2\/product_cat?post=28362"},{"taxonomy":"product_tag","embeddable":true,"href":"https:\/\/gliki.at\/de\/wp-json\/wp\/v2\/product_tag?post=28362"}],"curies":[{"name":"wp","href":"https:\/\/api.w.org\/{rel}","templated":true}]}}