{"id":28446,"date":"2025-03-22T14:28:39","date_gmt":"2025-03-22T13:28:39","guid":{"rendered":"https:\/\/gliki.at\/?post_type=product&#038;p=28446"},"modified":"2025-05-14T11:54:48","modified_gmt":"2025-05-14T09:54:48","slug":"fatek-fbs-14mat2-d24","status":"publish","type":"product","link":"https:\/\/gliki.at\/de\/shop\/plc-kontroleri\/cpu\/fatek-fbs-14mat2-d24\/","title":{"rendered":"FATEK FBs-14MAT2-D24"},"content":{"rendered":"<p>FATEK FBs-14MAT2-D24 je osnovni programabilni logi\u010dki kontroler (PLC) iz FBs serije, namenjen za industrijsku automatizaciju. Ovaj ure\u0111aj pru\u017ea pouzdano upravljanje za razli\u010dite industrijske procese.\u200b<\/p>\n<p>Klju\u010dne karakteristike:<\/p>\n<p>Digitalni ulazi: 8 ta\u010daka 24V DC digitalnog ulaza.\u200b<\/p>\n<p>Digitalni izlazi: 6 ta\u010daka tranzistorskih izlaza tipa Sink (NPN).\u200b<\/p>\n<p>Komunikacioni port: 1 ugra\u0111eni RS-232 port.\u200b<\/p>\n<p>Napajanje: Podr\u017eava 24V DC napajanje.\u200b<\/p>\n<p>Real-time sat: Ugra\u0111eni real-time sat za precizno pra\u0107enje vremena.\u200b<\/p>\n<p>Ovaj PLC je idealan za aplikacije koje zahtevaju osnovne funkcije automatizacije, pru\u017eaju\u0107i jednostavno i efikasno re\u0161enje za razli\u010dite industrijske potrebe.<\/p>","protected":false},"excerpt":{"rendered":"<p>FATEK FBs-14MAT2-D24 je osnovni programabilni logi\u010dki kontroler (PLC) iz FBs serije, namenjen za industrijsku automatizaciju. Ovaj ure\u0111aj pru\u017ea pouzdano upravljanje za razli\u010dite industrijske procese.\u200b<\/p>","protected":false},"featured_media":28447,"template":"","meta":[],"product_brand":[111],"product_cat":[43,94],"product_tag":[],"class_list":{"0":"post-28446","1":"product","2":"type-product","3":"status-publish","4":"has-post-thumbnail","6":"product_brand-fatek","7":"product_cat-plc-kontroleri","8":"product_cat-cpu","10":"first","11":"instock","12":"taxable","13":"shipping-taxable","14":"purchasable","15":"product-type-simple"},"_links":{"self":[{"href":"https:\/\/gliki.at\/de\/wp-json\/wp\/v2\/product\/28446","targetHints":{"allow":["GET"]}}],"collection":[{"href":"https:\/\/gliki.at\/de\/wp-json\/wp\/v2\/product"}],"about":[{"href":"https:\/\/gliki.at\/de\/wp-json\/wp\/v2\/types\/product"}],"version-history":[{"count":2,"href":"https:\/\/gliki.at\/de\/wp-json\/wp\/v2\/product\/28446\/revisions"}],"predecessor-version":[{"id":28590,"href":"https:\/\/gliki.at\/de\/wp-json\/wp\/v2\/product\/28446\/revisions\/28590"}],"wp:featuredmedia":[{"embeddable":true,"href":"https:\/\/gliki.at\/de\/wp-json\/wp\/v2\/media\/28447"}],"wp:attachment":[{"href":"https:\/\/gliki.at\/de\/wp-json\/wp\/v2\/media?parent=28446"}],"wp:term":[{"taxonomy":"product_brand","embeddable":true,"href":"https:\/\/gliki.at\/de\/wp-json\/wp\/v2\/product_brand?post=28446"},{"taxonomy":"product_cat","embeddable":true,"href":"https:\/\/gliki.at\/de\/wp-json\/wp\/v2\/product_cat?post=28446"},{"taxonomy":"product_tag","embeddable":true,"href":"https:\/\/gliki.at\/de\/wp-json\/wp\/v2\/product_tag?post=28446"}],"curies":[{"name":"wp","href":"https:\/\/api.w.org\/{rel}","templated":true}]}}