{"id":28548,"date":"2025-03-25T14:40:03","date_gmt":"2025-03-25T13:40:03","guid":{"rendered":"https:\/\/gliki.at\/?post_type=product&#038;p=28548"},"modified":"2025-05-14T11:57:22","modified_gmt":"2025-05-14T09:57:22","slug":"fbs-1hlc","status":"publish","type":"product","link":"https:\/\/gliki.at\/de\/shop\/plc-kontroleri\/periferije\/fbs-1hlc\/","title":{"rendered":"FATEK FBs-1HLC"},"content":{"rendered":"<p class=\"\" data-start=\"0\" data-end=\"215\">FBs-1HLC je modul za merenje mase kompanije Fatek, dizajniran za integraciju sa PLC kontrolerima serije FBs. Omogu\u0107ava precizno merenje te\u017eine pomo\u0107u \u0107elija optere\u0107enja (load cells) i pru\u017ea slede\u0107e karakteristike:<\/p>\n<ul data-start=\"217\" data-end=\"680\">\n<li class=\"\" data-start=\"217\" data-end=\"239\">\n<p class=\"\" data-start=\"219\" data-end=\"239\"><strong data-start=\"219\" data-end=\"234\">Broj kanala<\/strong>: 1<\/p>\n<\/li>\n<li class=\"\" data-start=\"240\" data-end=\"268\">\n<p class=\"\" data-start=\"242\" data-end=\"268\"><strong data-start=\"242\" data-end=\"256\">Rezolucija<\/strong>: 16-bitna<\/p>\n<\/li>\n<li class=\"\" data-start=\"269\" data-end=\"310\">\n<p class=\"\" data-start=\"271\" data-end=\"310\"><strong data-start=\"271\" data-end=\"289\">Raspon merenja<\/strong>: od -1 mV do 39 mV<\/p>\n<\/li>\n<li class=\"\" data-start=\"311\" data-end=\"363\">\n<p class=\"\" data-start=\"313\" data-end=\"363\"><strong data-start=\"313\" data-end=\"338\">Brzina A\/D konverzije<\/strong>: 100 uzoraka u sekundi<\/p>\n<\/li>\n<li class=\"\" data-start=\"364\" data-end=\"440\">\n<p class=\"\" data-start=\"366\" data-end=\"440\"><strong data-start=\"366\" data-end=\"387\">Napajanje senzora<\/strong>: DC 5V \u00b15%, 120 mA (podr\u017eava do 8 senzora od 350\u03a9)<\/p>\n<\/li>\n<li class=\"\" data-start=\"441\" data-end=\"540\">\n<p class=\"\" data-start=\"443\" data-end=\"540\"><strong data-start=\"443\" data-end=\"456\">Izolacija<\/strong>: Transformator za napajanje i foto-koplirana signalna izolacija, 500 VAC, 1 minut<\/p>\n<\/li>\n<li class=\"\" data-start=\"541\" data-end=\"590\">\n<p class=\"\" data-start=\"543\" data-end=\"590\"><strong data-start=\"543\" data-end=\"565\">Potro\u0161nja energije<\/strong>: 24 VDC, -15%\/+20%, 2W<\/p>\n<\/li>\n<li class=\"\" data-start=\"591\" data-end=\"658\">\n<p class=\"\" data-start=\"593\" data-end=\"658\"><strong data-start=\"593\" data-end=\"606\">Dimenzije<\/strong>: 90 mm (du\u017eina) x 40 mm (\u0161irina) x 80 mm (visina)<\/p>\n<\/li>\n<li class=\"\" data-start=\"659\" data-end=\"680\">\n<p class=\"\" data-start=\"661\" data-end=\"680\"><strong data-start=\"661\" data-end=\"671\">Te\u017eina<\/strong>: 127 g<\/p>\n<\/li>\n<\/ul>\n<p class=\"\" data-start=\"682\" data-end=\"1044\">Modul je opremljen digitalnim filtrima sa podesivom brzinom uzorkovanja od 6,25 Hz do 120 Hz, \u0161to omogu\u0107ava efikasno suzbijanje vibracija u industrijskom okru\u017eenju. Komunikacija izme\u0111u FBs-1HLC modula i PLC-a ostvaruje se putem Modbus protokola, koriste\u0107i fiksne komunikacione parametre: brzina 19200 bps, bez pariteta, 8 podataka bitova, 1 stop bit, RTU format.<\/p>","protected":false},"excerpt":{"rendered":"<p>FBs-1HLC je modul za merenje mase kompanije Fatek, dizajniran za integraciju sa PLC kontrolerima serije FBs. Omogu\u0107ava precizno merenje te\u017eine pomo\u0107u \u0107elija optere\u0107enja (load cells)<\/p>","protected":false},"featured_media":28606,"template":"","meta":[],"product_brand":[111],"product_cat":[43,95],"product_tag":[],"class_list":{"0":"post-28548","1":"product","2":"type-product","3":"status-publish","4":"has-post-thumbnail","6":"product_brand-fatek","7":"product_cat-plc-kontroleri","8":"product_cat-periferije","10":"first","11":"instock","12":"taxable","13":"shipping-taxable","14":"purchasable","15":"product-type-simple"},"_links":{"self":[{"href":"https:\/\/gliki.at\/de\/wp-json\/wp\/v2\/product\/28548","targetHints":{"allow":["GET"]}}],"collection":[{"href":"https:\/\/gliki.at\/de\/wp-json\/wp\/v2\/product"}],"about":[{"href":"https:\/\/gliki.at\/de\/wp-json\/wp\/v2\/types\/product"}],"version-history":[{"count":2,"href":"https:\/\/gliki.at\/de\/wp-json\/wp\/v2\/product\/28548\/revisions"}],"predecessor-version":[{"id":28706,"href":"https:\/\/gliki.at\/de\/wp-json\/wp\/v2\/product\/28548\/revisions\/28706"}],"wp:featuredmedia":[{"embeddable":true,"href":"https:\/\/gliki.at\/de\/wp-json\/wp\/v2\/media\/28606"}],"wp:attachment":[{"href":"https:\/\/gliki.at\/de\/wp-json\/wp\/v2\/media?parent=28548"}],"wp:term":[{"taxonomy":"product_brand","embeddable":true,"href":"https:\/\/gliki.at\/de\/wp-json\/wp\/v2\/product_brand?post=28548"},{"taxonomy":"product_cat","embeddable":true,"href":"https:\/\/gliki.at\/de\/wp-json\/wp\/v2\/product_cat?post=28548"},{"taxonomy":"product_tag","embeddable":true,"href":"https:\/\/gliki.at\/de\/wp-json\/wp\/v2\/product_tag?post=28548"}],"curies":[{"name":"wp","href":"https:\/\/api.w.org\/{rel}","templated":true}]}}