{"id":28574,"date":"2025-03-25T20:55:24","date_gmt":"2025-03-25T19:55:24","guid":{"rendered":"https:\/\/gliki.at\/?post_type=product&#038;p=28574"},"modified":"2025-05-14T12:03:22","modified_gmt":"2025-05-14T10:03:22","slug":"fbs-2da","status":"publish","type":"product","link":"https:\/\/gliki.at\/de\/shop\/plc-kontroleri\/periferije\/fbs-2da\/","title":{"rendered":"FATEK FBs-2DA"},"content":{"rendered":"<p><strong>Fatek PLC FBs-2DA<\/strong> je programabilni logi\u010dki kontroler (PLC) proizveden od strane <strong>Fatek Electric<\/strong>, dizajniran za upravljanje industrijskim procesima koji zahtevaju obradu digitalnih i analognih signala. Ovaj model omogu\u0107ava preciznu kontrolu i nadzor razli\u010ditih parametara u industrijskim sistemima.<\/p>\n<p>FBs-2DA pru\u017ea mogu\u0107nost povezivanja sa \u0161irokim spektrom ure\u0111aja, kao \u0161to su senzori, aktuatori i drugi industrijski ure\u0111aji, i podr\u017eava komunikacijske protokole poput <strong>Modbus RTU<\/strong> i <strong>Ethernet\/IP<\/strong>, \u0161to omogu\u0107ava integraciju u \u0161ire mre\u017ee. Programira se pomo\u0107u <strong>Fatek WinProlad<\/strong> softvera, omogu\u0107avaju\u0107i lako kreiranje i pode\u0161avanje programa.<\/p>\n<p>Zahvaljuju\u0107i fleksibilnosti u radu sa digitalnim i analognim signalima, FBs-2DA je pogodan za razli\u010dite aplikacije u industriji, uklju\u010duju\u0107i proizvodne linije, automatizaciju ma\u0161ina, kao i kontrole temperature, pritiska, brzine i drugih parametara.<\/p>\n<p>Ovaj kontroler je jednostavan za integraciju u postojec\u0301e sisteme sa <strong>24V DC napajanjem<\/strong> i nudi efikasnu i pouzdanu automatizaciju za razli\u010dite industrijske procese.<\/p>","protected":false},"excerpt":{"rendered":"<p><strong>Fatek PLC FBs-2DA<\/strong> je model programabilnog logi\u010dkog kontrolera (PLC) proizveden od strane kompanije <strong>Fatek Electric<\/strong>. Ovaj kontroler je specijalizovan za upravljanje digitalnim i analognim signalima u industrijskim aplikacijama, omogu\u0107avaju\u0107i preciznu kontrolu i nadzor procesa.<\/p>\n<p class=\"\" data-start=\"1595\" data-end=\"1673\">","protected":false},"featured_media":28614,"template":"","meta":[],"product_brand":[111],"product_cat":[43,95],"product_tag":[],"class_list":{"0":"post-28574","1":"product","2":"type-product","3":"status-publish","4":"has-post-thumbnail","6":"product_brand-fatek","7":"product_cat-plc-kontroleri","8":"product_cat-periferije","10":"first","11":"instock","12":"taxable","13":"shipping-taxable","14":"purchasable","15":"product-type-simple"},"_links":{"self":[{"href":"https:\/\/gliki.at\/de\/wp-json\/wp\/v2\/product\/28574","targetHints":{"allow":["GET"]}}],"collection":[{"href":"https:\/\/gliki.at\/de\/wp-json\/wp\/v2\/product"}],"about":[{"href":"https:\/\/gliki.at\/de\/wp-json\/wp\/v2\/types\/product"}],"version-history":[{"count":7,"href":"https:\/\/gliki.at\/de\/wp-json\/wp\/v2\/product\/28574\/revisions"}],"predecessor-version":[{"id":30385,"href":"https:\/\/gliki.at\/de\/wp-json\/wp\/v2\/product\/28574\/revisions\/30385"}],"wp:featuredmedia":[{"embeddable":true,"href":"https:\/\/gliki.at\/de\/wp-json\/wp\/v2\/media\/28614"}],"wp:attachment":[{"href":"https:\/\/gliki.at\/de\/wp-json\/wp\/v2\/media?parent=28574"}],"wp:term":[{"taxonomy":"product_brand","embeddable":true,"href":"https:\/\/gliki.at\/de\/wp-json\/wp\/v2\/product_brand?post=28574"},{"taxonomy":"product_cat","embeddable":true,"href":"https:\/\/gliki.at\/de\/wp-json\/wp\/v2\/product_cat?post=28574"},{"taxonomy":"product_tag","embeddable":true,"href":"https:\/\/gliki.at\/de\/wp-json\/wp\/v2\/product_tag?post=28574"}],"curies":[{"name":"wp","href":"https:\/\/api.w.org\/{rel}","templated":true}]}}