{"id":28651,"date":"2025-03-26T11:55:38","date_gmt":"2025-03-26T10:55:38","guid":{"rendered":"https:\/\/gliki.at\/?post_type=product&#038;p=28651"},"modified":"2025-05-14T12:15:29","modified_gmt":"2025-05-14T10:15:29","slug":"fbs-6rtd","status":"publish","type":"product","link":"https:\/\/gliki.at\/de\/shop\/plc-kontroleri\/periferije\/fbs-6rtd\/","title":{"rendered":"FATEK FBs-6RTD"},"content":{"rendered":"<article class=\"group\/turn w-full text-token-text-primary focus-visible:outline-none\" dir=\"auto\" data-testid=\"conversation-turn-67\" data-scroll-anchor=\"false\">\n<div class=\"text-base my-auto mx-auto py-5 px-6\">\n<div class=\"mx-auto flex flex-1 text-base gap-4 md:gap-5 lg:gap-6 md:max-w-3xl\">\n<div class=\"group\/conversation-turn relative flex w-full min-w-0 flex-col @xs\/thread:px-0 @sm\/thread:px-1.5 @md\/thread:px-4\">\n<div class=\"relative flex-col gap-1 md:gap-3\">\n<div class=\"flex max-w-full flex-col flex-grow\">\n<div class=\"min-h-8 text-message relative flex w-full flex-col items-end gap-2 whitespace-normal break-words text-start [.text-message+&amp;]:mt-5\" dir=\"auto\" data-message-author-role=\"user\" data-message-id=\"2712b224-d34e-4809-80ae-ec0a924bc032\">\n<div class=\"w-full\">\n<div class=\"flex w-full flex-col gap-1 empty:hidden items-end rtl:items-start\">\n<div class=\"relative max-w-[var(--user-chat-width,70%)] rounded-3xl bg-token-message-surface px-5 py-2.5\">\n<div class=\"whitespace-pre-wrap\">Fatek PLC FBs-6RTD je model programabilnog logi\u010dkog kontrolera (PLC) iz Fatek serije, koji je specijalizovan za aplikacije koje zahtevaju precizno merenje temperature pomo\u0107u <strong data-start=\"174\" data-end=\"205\">6 RTD temperaturnih senzora<\/strong>. RTD (Resistance Temperature Detector) senzori su visoko precizni i \u0161iroko kori\u0161\u0107eni u industriji zbog svoje stabilnosti i ta\u010dnosti u merenju temperature.<\/div>\n<\/div>\n<\/div>\n<\/div>\n<\/div>\n<\/div>\n<\/div>\n<\/div>\n<\/div>\n<\/div>\n<\/article>\n<article class=\"group\/turn w-full text-token-text-primary focus-visible:outline-none\" dir=\"auto\" data-testid=\"conversation-turn-68\" data-scroll-anchor=\"true\">\n<div class=\"text-base my-auto mx-auto py-5 px-6\">\n<div class=\"mx-auto flex flex-1 text-base gap-4 md:gap-5 lg:gap-6 md:max-w-3xl\">\n<div class=\"group\/conversation-turn relative flex w-full min-w-0 flex-col agent-turn @xs\/thread:px-0 @sm\/thread:px-1.5 @md\/thread:px-4\">\n<div class=\"relative flex-col gap-1 md:gap-3\">\n<div class=\"flex max-w-full flex-col flex-grow\">\n<div class=\"min-h-8 text-message relative flex w-full flex-col items-end gap-2 whitespace-normal break-words text-start [.text-message+&amp;]:mt-5\" dir=\"auto\" data-message-author-role=\"assistant\" data-message-id=\"18b5fa47-03ab-4eb1-8a42-cf5762f948e1\" data-message-model-slug=\"gpt-4o-mini\">\n<div class=\"flex w-full flex-col gap-1 empty:hidden first:pt-[3px]\">\n<div class=\"markdown prose w-full break-words dark:prose-invert light\">\n<h3 class=\"\" data-start=\"362\" data-end=\"390\"><\/h3>\n<p class=\"\" data-start=\"392\" data-end=\"839\">Fatek PLC FBs-6RTD je dizajniran za industrijske primene koje zahtevaju pra\u0107enje temperature na vi\u0161e ta\u010daka. Sa <strong data-start=\"504\" data-end=\"525\">6 analognih ulaza<\/strong> koji su optimizovani za RTD senzore, ovaj PLC omogu\u0107ava prikupljanje podataka sa \u0161est razli\u010ditih ta\u010daka merenja temperature u realnom vremenu. Ovo je idealno za aplikacije kao \u0161to su <strong data-start=\"709\" data-end=\"730\">kontrola grejanja<\/strong>, <strong data-start=\"732\" data-end=\"745\">hladjenja<\/strong>, <strong data-start=\"747\" data-end=\"768\">proizvodne linije<\/strong>, i mnoge druge industrijske procese gde je temperatura klju\u010dni faktor.<\/p>\n<h3 class=\"\" data-start=\"841\" data-end=\"860\"><\/h3>\n<ul data-start=\"861\" data-end=\"1672\">\n<li class=\"\" data-start=\"861\" data-end=\"1119\">\n<p class=\"\" data-start=\"863\" data-end=\"1119\"><strong data-start=\"863\" data-end=\"879\">RTD senzori:<\/strong> Ovaj PLC omogu\u0107ava rad sa <strong data-start=\"906\" data-end=\"937\">RTD temperaturnim senzorima<\/strong> koji omogu\u0107avaju precizno merenje temperature na osnovu promene otpora. RTD senzori su pogodniji za visoke temperature i du\u017ee vremenske periode sa minimalnim driftom u o\u010ditavanjima.<\/p>\n<\/li>\n<li class=\"\" data-start=\"1120\" data-end=\"1277\">\n<p class=\"\" data-start=\"1122\" data-end=\"1277\"><strong data-start=\"1122\" data-end=\"1144\">6 analognih ulaza:<\/strong> Omogu\u0107ava povezivanje sa \u0161est razli\u010ditih RTD senzora, omogu\u0107avaju\u0107i pra\u0107enje temperature na razli\u010ditim mestima ili delovima sistema.<\/p>\n<\/li>\n<li class=\"\" data-start=\"1278\" data-end=\"1477\">\n<p class=\"\" data-start=\"1280\" data-end=\"1477\"><strong data-start=\"1280\" data-end=\"1301\">Precizno merenje:<\/strong> PLC omogu\u0107ava visoko precizno merenje temperature, \u0161to je posebno va\u017eno u aplikacijama koje zahtevaju visoku ta\u010dnost, kao \u0161to su procesne industrije ili laboratorijski uslovi.<\/p>\n<\/li>\n<li class=\"\" data-start=\"1478\" data-end=\"1672\">\n<p class=\"\" data-start=\"1480\" data-end=\"1672\"><strong data-start=\"1480\" data-end=\"1497\">Komunikacija:<\/strong> Podr\u017eava <strong data-start=\"1507\" data-end=\"1521\">Modbus RTU<\/strong> protokol (RS-232\/RS-485), \u0161to omogu\u0107ava povezivanje sa <strong data-start=\"1577\" data-end=\"1594\">HMI ure\u0111ajima<\/strong>, <strong data-start=\"1596\" data-end=\"1615\">SCADA sistemima<\/strong> i drugim PLC-ovima za lak\u0161e pra\u0107enje i analizu podataka.<\/p>\n<\/li>\n<\/ul>\n<h3 class=\"\" data-start=\"1674\" data-end=\"1698\"><\/h3>\n<ul data-start=\"1699\" data-end=\"2269\">\n<li class=\"\" data-start=\"1699\" data-end=\"1932\">\n<p class=\"\" data-start=\"1701\" data-end=\"1932\"><strong data-start=\"1701\" data-end=\"1733\">Industrijska automatizacija:<\/strong> Idealno za primene u industrijama koje zahtevaju precizno merenje temperature, kao \u0161to su <strong data-start=\"1824\" data-end=\"1847\">hemijska industrija<\/strong>, <strong data-start=\"1849\" data-end=\"1876\">farmaceutska industrija<\/strong>, <strong data-start=\"1878\" data-end=\"1899\">energetski sektor<\/strong>, i <strong data-start=\"1903\" data-end=\"1931\">sistemi za klimatizaciju<\/strong>.<\/p>\n<\/li>\n<li class=\"\" data-start=\"1933\" data-end=\"2137\">\n<p class=\"\" data-start=\"1935\" data-end=\"2137\"><strong data-start=\"1935\" data-end=\"1960\">Kontrola temperature:<\/strong> Savr\u0161eno za aplikacije u kojima je neophodno odr\u017eavati konstantnu temperaturu, kao \u0161to su <strong data-start=\"2051\" data-end=\"2078\">termoenergetski sistemi<\/strong>, <strong data-start=\"2080\" data-end=\"2101\">proizvodne linije<\/strong> ili <strong data-start=\"2106\" data-end=\"2136\">kontejneri za skladi\u0161tenje<\/strong>.<\/p>\n<\/li>\n<li class=\"\" data-start=\"2138\" data-end=\"2269\">\n<p class=\"\" data-start=\"2140\" data-end=\"2269\"><strong data-start=\"2140\" data-end=\"2172\">Fleksibilnost i pro\u0161irivost:<\/strong> Ovaj PLC omogu\u0107ava pro\u0161irenje sistema sa dodatnim ure\u0111ajima i senzorima prema potrebama sistema.<\/p>\n<\/li>\n<\/ul>\n<\/div>\n<\/div>\n<\/div>\n<\/div>\n<\/div>\n<\/div>\n<\/div>\n<\/div>\n<\/article>","protected":false},"excerpt":{"rendered":"<p>Fatek PLC FBs-6RTD je model programabilnog logi\u010dkog kontrolera (PLC) iz Fatek serije, koji je specijalizovan za aplikacije koje zahtevaju precizno merenje temperature pomo\u0107u <strong data-start=\"174\" data-end=\"205\">6 RTD temperaturnih senzora<\/strong>. RTD (Resistance Temperature Detector) senzori su visoko precizni i \u0161iroko kori\u0161\u0107eni u industriji zbog svoje stabilnosti i ta\u010dnosti u merenju temperature.<\/p>","protected":false},"featured_media":28652,"template":"","meta":[],"product_brand":[111],"product_cat":[43,95],"product_tag":[],"class_list":{"0":"post-28651","1":"product","2":"type-product","3":"status-publish","4":"has-post-thumbnail","6":"product_brand-fatek","7":"product_cat-plc-kontroleri","8":"product_cat-periferije","10":"first","11":"instock","12":"taxable","13":"shipping-taxable","14":"purchasable","15":"product-type-simple"},"_links":{"self":[{"href":"https:\/\/gliki.at\/de\/wp-json\/wp\/v2\/product\/28651","targetHints":{"allow":["GET"]}}],"collection":[{"href":"https:\/\/gliki.at\/de\/wp-json\/wp\/v2\/product"}],"about":[{"href":"https:\/\/gliki.at\/de\/wp-json\/wp\/v2\/types\/product"}],"version-history":[{"count":2,"href":"https:\/\/gliki.at\/de\/wp-json\/wp\/v2\/product\/28651\/revisions"}],"predecessor-version":[{"id":28734,"href":"https:\/\/gliki.at\/de\/wp-json\/wp\/v2\/product\/28651\/revisions\/28734"}],"wp:featuredmedia":[{"embeddable":true,"href":"https:\/\/gliki.at\/de\/wp-json\/wp\/v2\/media\/28652"}],"wp:attachment":[{"href":"https:\/\/gliki.at\/de\/wp-json\/wp\/v2\/media?parent=28651"}],"wp:term":[{"taxonomy":"product_brand","embeddable":true,"href":"https:\/\/gliki.at\/de\/wp-json\/wp\/v2\/product_brand?post=28651"},{"taxonomy":"product_cat","embeddable":true,"href":"https:\/\/gliki.at\/de\/wp-json\/wp\/v2\/product_cat?post=28651"},{"taxonomy":"product_tag","embeddable":true,"href":"https:\/\/gliki.at\/de\/wp-json\/wp\/v2\/product_tag?post=28651"}],"curies":[{"name":"wp","href":"https:\/\/api.w.org\/{rel}","templated":true}]}}