{"id":28667,"date":"2025-03-26T13:56:57","date_gmt":"2025-03-26T12:56:57","guid":{"rendered":"https:\/\/gliki.at\/?post_type=product&#038;p=28667"},"modified":"2025-05-16T10:53:34","modified_gmt":"2025-05-16T08:53:34","slug":"fbs-cm5h","status":"publish","type":"product","link":"https:\/\/gliki.at\/de\/shop\/plc-kontroleri\/periferije\/fbs-cm5h\/","title":{"rendered":"FATEK FBs-CM5H"},"content":{"rendered":"<p class=\"\" data-start=\"0\" data-end=\"338\">Fatek PLC FBs-CM5H je komunikacioni modul dizajniran za pro\u0161irenje komunikacijskih mogu\u0107nosti Fatek PLC sistema, omogu\u0107avaju\u0107i povezivanje sa razli\u010ditim ure\u0111ajima i sistemima putem <strong data-start=\"181\" data-end=\"191\">RS-485<\/strong> komunikacije. Ovaj modul je specijalizovan za industrijske aplikacije koje zahtevaju pouzdanu i efikasnu komunikaciju u automatizovanim sistemima.<\/p>\n<h3 class=\"\" data-start=\"340\" data-end=\"368\">Opis Fatek PLC FBs-CM5H:<\/h3>\n<p class=\"\" data-start=\"370\" data-end=\"755\">Fatek PLC FBs-CM5H omogu\u0107ava pro\u0161irenje komunikacijskih mogu\u0107nosti Fatek PLC-a, omogu\u0107avaju\u0107i povezivanje sa drugim ure\u0111ajima putem <strong data-start=\"502\" data-end=\"512\">RS-485<\/strong> serijskog protokola. Ovaj modul omogu\u0107ava integraciju PLC sistema sa ure\u0111ajima kao \u0161to su <strong data-start=\"603\" data-end=\"618\">HMI ure\u0111aji<\/strong>, <strong data-start=\"620\" data-end=\"637\">SCADA sistemi<\/strong>, <strong data-start=\"639\" data-end=\"650\">senzori<\/strong>, <strong data-start=\"652\" data-end=\"670\">mre\u017eni ure\u0111aji<\/strong> i drugi PLC-ovi, pru\u017eaju\u0107i centralizovano pra\u0107enje i kontrolu industrijskih sistema.<\/p>\n<h3 class=\"\" data-start=\"757\" data-end=\"776\">Funkcionalnost:<\/h3>\n<ul data-start=\"777\" data-end=\"1744\">\n<li class=\"\" data-start=\"777\" data-end=\"1057\">\n<p class=\"\" data-start=\"779\" data-end=\"1057\"><strong data-start=\"779\" data-end=\"802\">RS-485 komunikacija<\/strong>: FBs-CM5H koristi <strong data-start=\"821\" data-end=\"831\">RS-485<\/strong> komunikaciju, koja je industrijski standard za serijsku komunikaciju u aplikacijama koje zahtevaju visoku pouzdanost i dugoro\u010dne performanse. RS-485 omogu\u0107ava du\u017ee udaljenosti prenosa podataka i povezuje vi\u0161e ure\u0111aja u mre\u017ei.<\/p>\n<\/li>\n<li class=\"\" data-start=\"1058\" data-end=\"1306\">\n<p class=\"\" data-start=\"1060\" data-end=\"1306\"><strong data-start=\"1060\" data-end=\"1083\">Protokol Modbus RTU<\/strong>: Modul podr\u017eava <strong data-start=\"1100\" data-end=\"1114\">Modbus RTU<\/strong> protokol, \u0161to omogu\u0107ava jednostavnu integraciju sa drugim ure\u0111ajima i PLC-ovima u industrijskom okru\u017eenju. Modbus RTU je jedan od naj\u010de\u0161\u0107e kori\u0161\u0107enih protokola u industrijskoj automatizaciji.<\/p>\n<\/li>\n<li class=\"\" data-start=\"1307\" data-end=\"1553\">\n<p class=\"\" data-start=\"1309\" data-end=\"1553\"><strong data-start=\"1309\" data-end=\"1332\">Pro\u0161irivost sistema<\/strong>: FBs-CM5H omogu\u0107ava pro\u0161irenje sistema sa dodatnim ure\u0111ajima, kao \u0161to su <strong data-start=\"1406\" data-end=\"1417\">senzori<\/strong>, <strong data-start=\"1419\" data-end=\"1432\">aktuatore<\/strong>, <strong data-start=\"1434\" data-end=\"1449\">HMI ure\u0111aji<\/strong>, i druge komponente, \u010dime se omogu\u0107ava fleksibilnost i prilagodljivost specifi\u010dnim potrebama korisnika.<\/p>\n<\/li>\n<li class=\"\" data-start=\"1554\" data-end=\"1744\">\n<p class=\"\" data-start=\"1556\" data-end=\"1744\"><strong data-start=\"1556\" data-end=\"1590\">Visoka pouzdanost i stabilnost<\/strong>: RS-485 komunikacija je izuzetno stabilna i pouzdana, \u0161to omogu\u0107ava prenos podataka na du\u017ee distance sa minimalnim gubicima signala i smanjenjem smetnji.<\/p>\n<\/li>\n<\/ul>\n<h3 class=\"\" data-start=\"1746\" data-end=\"1770\">Prednosti i primene:<\/h3>\n<ul data-start=\"1771\" data-end=\"2430\">\n<li class=\"\" data-start=\"1771\" data-end=\"2019\">\n<p class=\"\" data-start=\"1773\" data-end=\"2019\"><strong data-start=\"1773\" data-end=\"1804\">Industrijska automatizacija<\/strong>: FBs-CM5H je savr\u0161en za industrije koje zahtevaju stabilnu i pouzdanu komunikaciju, kao \u0161to su <strong data-start=\"1900\" data-end=\"1921\">proizvodne linije<\/strong>, <strong data-start=\"1923\" data-end=\"1945\">energetski sistemi<\/strong>, <strong data-start=\"1947\" data-end=\"1974\">termoenergetski procesi<\/strong>, i <strong data-start=\"1978\" data-end=\"2018\">sistemi za automatizaciju i kontrolu<\/strong>.<\/p>\n<\/li>\n<li class=\"\" data-start=\"2020\" data-end=\"2203\">\n<p class=\"\" data-start=\"2022\" data-end=\"2203\"><strong data-start=\"2022\" data-end=\"2053\">Fleksibilnost i integracija<\/strong>: Omogu\u0107ava integraciju sa razli\u010ditim ure\u0111ajima u industrijskim mre\u017eama, \u0161to omogu\u0107ava prilago\u0111avanje i pro\u0161irenje sistema prema potrebama aplikacija.<\/p>\n<\/li>\n<li class=\"\" data-start=\"2204\" data-end=\"2430\">\n<p class=\"\" data-start=\"2206\" data-end=\"2430\"><strong data-start=\"2206\" data-end=\"2241\">Komunikacija u stvarnom vremenu<\/strong>: Idealno za aplikacije koje zahtevaju <strong data-start=\"2280\" data-end=\"2315\">komunikaciju u stvarnom vremenu<\/strong>, kao \u0161to su <strong data-start=\"2328\" data-end=\"2360\">pra\u0107enje proizvodnih procesa<\/strong>, <strong data-start=\"2362\" data-end=\"2382\">kontrola ure\u0111aja<\/strong>, <strong data-start=\"2384\" data-end=\"2420\">prikupljanje podataka sa senzora<\/strong> i sli\u010dno.<\/p>\n<\/li>\n<\/ul>","protected":false},"excerpt":{"rendered":"<p>Fatek PLC FBs-CM5H je komunikacioni modul dizajniran za pro\u0161irenje komunikacijskih mogu\u0107nosti Fatek PLC sistema, omogu\u0107avaju\u0107i povezivanje sa razli\u010ditim ure\u0111ajima i sistemima putem <strong data-start=\"181\" data-end=\"191\">RS-485<\/strong> komunikacije. Ovaj modul je specijalizovan za industrijske aplikacije koje zahtevaju pouzdanu i efikasnu komunikaciju u automatizovanim sistemima.<\/p>","protected":false},"featured_media":28668,"template":"","meta":[],"product_brand":[111],"product_cat":[43,95],"product_tag":[],"class_list":{"0":"post-28667","1":"product","2":"type-product","3":"status-publish","4":"has-post-thumbnail","6":"product_brand-fatek","7":"product_cat-plc-kontroleri","8":"product_cat-periferije","10":"first","11":"instock","12":"taxable","13":"shipping-taxable","14":"purchasable","15":"product-type-simple"},"_links":{"self":[{"href":"https:\/\/gliki.at\/de\/wp-json\/wp\/v2\/product\/28667","targetHints":{"allow":["GET"]}}],"collection":[{"href":"https:\/\/gliki.at\/de\/wp-json\/wp\/v2\/product"}],"about":[{"href":"https:\/\/gliki.at\/de\/wp-json\/wp\/v2\/types\/product"}],"version-history":[{"count":2,"href":"https:\/\/gliki.at\/de\/wp-json\/wp\/v2\/product\/28667\/revisions"}],"predecessor-version":[{"id":28729,"href":"https:\/\/gliki.at\/de\/wp-json\/wp\/v2\/product\/28667\/revisions\/28729"}],"wp:featuredmedia":[{"embeddable":true,"href":"https:\/\/gliki.at\/de\/wp-json\/wp\/v2\/media\/28668"}],"wp:attachment":[{"href":"https:\/\/gliki.at\/de\/wp-json\/wp\/v2\/media?parent=28667"}],"wp:term":[{"taxonomy":"product_brand","embeddable":true,"href":"https:\/\/gliki.at\/de\/wp-json\/wp\/v2\/product_brand?post=28667"},{"taxonomy":"product_cat","embeddable":true,"href":"https:\/\/gliki.at\/de\/wp-json\/wp\/v2\/product_cat?post=28667"},{"taxonomy":"product_tag","embeddable":true,"href":"https:\/\/gliki.at\/de\/wp-json\/wp\/v2\/product_tag?post=28667"}],"curies":[{"name":"wp","href":"https:\/\/api.w.org\/{rel}","templated":true}]}}