{"id":28673,"date":"2025-03-26T14:07:48","date_gmt":"2025-03-26T13:07:48","guid":{"rendered":"https:\/\/gliki.at\/?post_type=product&#038;p=28673"},"modified":"2025-05-14T15:18:44","modified_gmt":"2025-05-14T13:18:44","slug":"fbs-cm22","status":"publish","type":"product","link":"https:\/\/gliki.at\/de\/shop\/plc-kontroleri\/periferije\/fbs-cm22\/","title":{"rendered":"FATEK FBs-CM22"},"content":{"rendered":"<p class=\"\" data-start=\"0\" data-end=\"435\">Fatek PLC FBs-CM22 je komunikacioni modul koji omogu\u0107ava pro\u0161irenje komunikacijskih mogu\u0107nosti Fatek PLC sistema, omogu\u0107avaju\u0107i povezivanje sa ure\u0111ajima i sistemima putem <strong data-start=\"171\" data-end=\"185\">Modbus TCP<\/strong> protokola. Ovaj modul omogu\u0107ava Fatek PLC-u da komunicira sa drugim ure\u0111ajima na mre\u017ei putem <strong data-start=\"279\" data-end=\"291\">Ethernet<\/strong> veze, omogu\u0107avaju\u0107i lako povezivanje sa <strong data-start=\"332\" data-end=\"349\">HMI ure\u0111ajima<\/strong>, <strong data-start=\"351\" data-end=\"370\">SCADA sistemima<\/strong>, <strong data-start=\"372\" data-end=\"386\">ra\u010dunarima<\/strong> i drugim ure\u0111ajima u industrijskim aplikacijama.<\/p>\n<h3 class=\"\" data-start=\"437\" data-end=\"465\">Opis Fatek PLC FBs-CM22:<\/h3>\n<p class=\"\" data-start=\"467\" data-end=\"829\">Fatek PLC FBs-CM22 je specijalizovan za <strong data-start=\"507\" data-end=\"532\">Ethernet komunikaciju<\/strong> koriste\u0107i <strong data-start=\"543\" data-end=\"557\">Modbus TCP<\/strong> protokol, \u0161to omogu\u0107ava Fatek PLC-u da se pove\u017ee sa ure\u0111ajima na mre\u017ei, kao \u0161to su HMI, SCADA sistemi, ra\u010dunari, i drugi PLC-ovi. Ovaj komunikacioni modul omogu\u0107ava brz prenos podataka i efikasno upravljanje komunikacijom izme\u0111u vi\u0161e ure\u0111aja u industrijskim aplikacijama.<\/p>\n<h3 class=\"\" data-start=\"831\" data-end=\"850\">Funkcionalnost:<\/h3>\n<ul data-start=\"851\" data-end=\"1816\">\n<li class=\"\" data-start=\"851\" data-end=\"1143\">\n<p class=\"\" data-start=\"853\" data-end=\"1143\"><strong data-start=\"853\" data-end=\"880\">Modbus TCP komunikacija<\/strong>: FBs-CM22 omogu\u0107ava komunikaciju putem <strong data-start=\"920\" data-end=\"934\">Modbus TCP<\/strong> protokola, \u0161to omogu\u0107ava povezivanje sa drugim ure\u0111ajima koji koriste ovaj standard. Modbus TCP je \u0161iroko kori\u0161\u0107en u industrijskoj automatizaciji za povezivanje PLC-a sa drugim ure\u0111ajima putem Ethernet mre\u017ee.<\/p>\n<\/li>\n<li class=\"\" data-start=\"1144\" data-end=\"1385\">\n<p class=\"\" data-start=\"1146\" data-end=\"1385\"><strong data-start=\"1146\" data-end=\"1163\">Ethernet veza<\/strong>: Modul omogu\u0107ava povezivanje Fatek PLC-a sa <strong data-start=\"1208\" data-end=\"1228\">Ethernet mre\u017eama<\/strong>, \u0161to omogu\u0107ava jednostavan i brz prenos podataka izme\u0111u razli\u010ditih ure\u0111aja. Ethernet komunikacija pru\u017ea visoke brzine prenosa podataka i stabilnu konekciju.<\/p>\n<\/li>\n<li class=\"\" data-start=\"1386\" data-end=\"1624\">\n<p class=\"\" data-start=\"1388\" data-end=\"1624\"><strong data-start=\"1388\" data-end=\"1419\">Fleksibilnost i pro\u0161irivost<\/strong>: FBs-CM22 omogu\u0107ava pro\u0161irenje sistema, omogu\u0107avaju\u0107i povezivanje sa razli\u010ditim ure\u0111ajima i komponentama u industrijskoj mre\u017ei, kao \u0161to su <strong data-start=\"1559\" data-end=\"1570\">senzori<\/strong>, <strong data-start=\"1572\" data-end=\"1585\">aktuatori<\/strong>, <strong data-start=\"1587\" data-end=\"1602\">HMI ure\u0111aji<\/strong>, i <strong data-start=\"1606\" data-end=\"1623\">SCADA sistemi<\/strong>.<\/p>\n<\/li>\n<li class=\"\" data-start=\"1625\" data-end=\"1816\">\n<p class=\"\" data-start=\"1627\" data-end=\"1816\"><strong data-start=\"1627\" data-end=\"1657\">Centralizovano upravljanje<\/strong>: Ovaj modul omogu\u0107ava centralizovano pra\u0107enje i upravljanje industrijskim procesima, jer omogu\u0107ava razmenu podataka u realnom vremenu izme\u0111u ure\u0111aja na mre\u017ei.<\/p>\n<\/li>\n<\/ul>\n<h3 class=\"\" data-start=\"1818\" data-end=\"1842\">Prednosti i primene:<\/h3>\n<ul data-start=\"1843\" data-end=\"2592\">\n<li class=\"\" data-start=\"1843\" data-end=\"2164\">\n<p class=\"\" data-start=\"1845\" data-end=\"2164\"><strong data-start=\"1845\" data-end=\"1876\">Industrijska automatizacija<\/strong>: FBs-CM22 je idealan za industrijske primene koje zahtevaju <strong data-start=\"1937\" data-end=\"1962\">Ethernet komunikaciju<\/strong> i integraciju sa razli\u010ditim ure\u0111ajima i sistemima. Koristi se u aplikacijama kao \u0161to su <strong data-start=\"2051\" data-end=\"2072\">proizvodne linije<\/strong>, <strong data-start=\"2074\" data-end=\"2096\">energetski sektori<\/strong>, <strong data-start=\"2098\" data-end=\"2125\">termoenergetski sistemi<\/strong>, i <strong data-start=\"2129\" data-end=\"2163\">sistemi za pra\u0107enje i kontrolu<\/strong>.<\/p>\n<\/li>\n<li class=\"\" data-start=\"2165\" data-end=\"2377\">\n<p class=\"\" data-start=\"2167\" data-end=\"2377\"><strong data-start=\"2167\" data-end=\"2190\">Povezivanje ure\u0111aja<\/strong>: Modul omogu\u0107ava povezivanje sa <strong data-start=\"2223\" data-end=\"2240\">HMI ure\u0111ajima<\/strong>, <strong data-start=\"2242\" data-end=\"2261\">SCADA sistemima<\/strong>, <strong data-start=\"2263\" data-end=\"2277\">ra\u010dunarima<\/strong> i drugim PLC-ovima na Ethernet mre\u017ei, \u0161to omogu\u0107ava lako pra\u0107enje i kontrolu industrijskih sistema.<\/p>\n<\/li>\n<li class=\"\" data-start=\"2378\" data-end=\"2592\">\n<p class=\"\" data-start=\"2380\" data-end=\"2592\"><strong data-start=\"2380\" data-end=\"2410\">Visoka brzina i stabilnost<\/strong>: Ethernet komunikacija omogu\u0107ava visoke brzine prenosa podataka i stabilnost u industrijskim mre\u017eama, \u0161to je klju\u010dno za aplikacije koje zahtevaju <strong data-start=\"2557\" data-end=\"2591\">komunikaciju u realnom vremenu<\/strong>.<\/p>\n<\/li>\n<\/ul>","protected":false},"excerpt":{"rendered":"<p>Fatek PLC FBs-CM22 je komunikacioni modul koji omogu\u0107ava pro\u0161irenje komunikacijskih mogu\u0107nosti Fatek PLC sistema, omogu\u0107avaju\u0107i povezivanje sa ure\u0111ajima i sistemima putem <strong data-start=\"171\" data-end=\"185\">Modbus TCP<\/strong> protokola. Ovaj modul omogu\u0107ava Fatek PLC-u da komunicira sa drugim ure\u0111ajima na mre\u017ei putem <strong data-start=\"279\" data-end=\"291\">Ethernet<\/strong> veze, omogu\u0107avaju\u0107i lako povezivanje sa <strong data-start=\"332\" data-end=\"349\">HMI ure\u0111ajima<\/strong>, <strong data-start=\"351\" data-end=\"370\">SCADA sistemima<\/strong>, <strong data-start=\"372\" data-end=\"386\">ra\u010dunarima<\/strong> i drugim ure\u0111ajima u industrijskim aplikacijama.<\/p>","protected":false},"featured_media":28674,"template":"","meta":[],"product_brand":[111],"product_cat":[43,95],"product_tag":[],"class_list":{"0":"post-28673","1":"product","2":"type-product","3":"status-publish","4":"has-post-thumbnail","6":"product_brand-fatek","7":"product_cat-plc-kontroleri","8":"product_cat-periferije","10":"first","11":"instock","12":"taxable","13":"shipping-taxable","14":"purchasable","15":"product-type-simple"},"_links":{"self":[{"href":"https:\/\/gliki.at\/de\/wp-json\/wp\/v2\/product\/28673","targetHints":{"allow":["GET"]}}],"collection":[{"href":"https:\/\/gliki.at\/de\/wp-json\/wp\/v2\/product"}],"about":[{"href":"https:\/\/gliki.at\/de\/wp-json\/wp\/v2\/types\/product"}],"version-history":[{"count":3,"href":"https:\/\/gliki.at\/de\/wp-json\/wp\/v2\/product\/28673\/revisions"}],"predecessor-version":[{"id":28727,"href":"https:\/\/gliki.at\/de\/wp-json\/wp\/v2\/product\/28673\/revisions\/28727"}],"wp:featuredmedia":[{"embeddable":true,"href":"https:\/\/gliki.at\/de\/wp-json\/wp\/v2\/media\/28674"}],"wp:attachment":[{"href":"https:\/\/gliki.at\/de\/wp-json\/wp\/v2\/media?parent=28673"}],"wp:term":[{"taxonomy":"product_brand","embeddable":true,"href":"https:\/\/gliki.at\/de\/wp-json\/wp\/v2\/product_brand?post=28673"},{"taxonomy":"product_cat","embeddable":true,"href":"https:\/\/gliki.at\/de\/wp-json\/wp\/v2\/product_cat?post=28673"},{"taxonomy":"product_tag","embeddable":true,"href":"https:\/\/gliki.at\/de\/wp-json\/wp\/v2\/product_tag?post=28673"}],"curies":[{"name":"wp","href":"https:\/\/api.w.org\/{rel}","templated":true}]}}