{"id":28678,"date":"2025-03-26T14:20:48","date_gmt":"2025-03-26T13:20:48","guid":{"rendered":"https:\/\/gliki.at\/?post_type=product&#038;p=28678"},"modified":"2025-05-14T15:19:22","modified_gmt":"2025-05-14T13:19:22","slug":"fbs-cm25","status":"publish","type":"product","link":"https:\/\/gliki.at\/de\/shop\/plc-kontroleri\/periferije\/fbs-cm25\/","title":{"rendered":"FATEK FBs-CM25"},"content":{"rendered":"<p class=\"\" data-start=\"0\" data-end=\"422\">Fatek PLC FBs-CM25 je komunikacioni modul koji omogu\u0107ava pro\u0161irenje mogu\u0107nosti povezivanja Fatek PLC sistema sa razli\u010ditim ure\u0111ajima i sistemima putem <strong data-start=\"151\" data-end=\"163\">Ethernet<\/strong> mre\u017ee koriste\u0107i <strong data-start=\"180\" data-end=\"194\">Modbus TCP<\/strong> protokol. Ovaj modul omogu\u0107ava jednostavno povezivanje Fatek PLC-a sa ure\u0111ajima kao \u0161to su <strong data-start=\"286\" data-end=\"301\">HMI ure\u0111aji<\/strong>, <strong data-start=\"303\" data-end=\"320\">SCADA sistemi<\/strong>, <strong data-start=\"322\" data-end=\"334\">ra\u010dunari<\/strong>, kao i drugi PLC-ovi, omogu\u0107avaju\u0107i efikasnu komunikaciju u industrijskim aplikacijama.<\/p>\n<h3 class=\"\" data-start=\"424\" data-end=\"452\">Opis Fatek PLC FBs-CM25:<\/h3>\n<p class=\"\" data-start=\"454\" data-end=\"842\">Fatek FBs-CM25 je specijalizovan za <strong data-start=\"490\" data-end=\"515\">Ethernet komunikaciju<\/strong> putem <strong data-start=\"522\" data-end=\"536\">Modbus TCP<\/strong> protokola, \u0161to omogu\u0107ava jednostavno povezivanje Fatek PLC sistema sa drugim ure\u0111ajima na mre\u017ei. Ovaj komunikacioni modul omogu\u0107ava brzu i pouzdanu razmenu podataka u industrijskim aplikacijama, kao \u0161to su <strong data-start=\"743\" data-end=\"779\">automatizovane proizvodne linije<\/strong>, <strong data-start=\"781\" data-end=\"803\">energetski sistemi<\/strong>, i <strong data-start=\"807\" data-end=\"841\">sistemi za pra\u0107enje i kontrolu<\/strong>.<\/p>\n<h3 class=\"\" data-start=\"844\" data-end=\"863\">Funkcionalnost:<\/h3>\n<ul data-start=\"864\" data-end=\"1884\">\n<li class=\"\" data-start=\"864\" data-end=\"1123\">\n<p class=\"\" data-start=\"866\" data-end=\"1123\"><strong data-start=\"866\" data-end=\"893\">Modbus TCP komunikacija<\/strong>: FBs-CM25 podr\u017eava <strong data-start=\"913\" data-end=\"927\">Modbus TCP<\/strong> protokol, koji omogu\u0107ava povezivanje sa drugim ure\u0111ajima i sistemima koji koriste ovaj industrijski standard za Ethernet komunikaciju. Ovaj protokol omogu\u0107ava brzi prenos podataka izme\u0111u ure\u0111aja.<\/p>\n<\/li>\n<li class=\"\" data-start=\"1124\" data-end=\"1382\">\n<p class=\"\" data-start=\"1126\" data-end=\"1382\"><strong data-start=\"1126\" data-end=\"1143\">Ethernet veza<\/strong>: Komunikacija se ostvaruje preko <strong data-start=\"1177\" data-end=\"1195\">Ethernet mre\u017ee<\/strong>, \u0161to omogu\u0107ava visoke brzine prenosa podataka i jednostavno povezivanje sa razli\u010ditim ure\u0111ajima u mre\u017ei. Ethernet omogu\u0107ava i ve\u0107u stabilnost u odnosu na druge komunikacione tehnologije.<\/p>\n<\/li>\n<li class=\"\" data-start=\"1383\" data-end=\"1676\">\n<p class=\"\" data-start=\"1385\" data-end=\"1676\"><strong data-start=\"1385\" data-end=\"1416\">Fleksibilnost i pro\u0161irivost<\/strong>: FBs-CM25 omogu\u0107ava pro\u0161irenje Fatek PLC sistema sa razli\u010ditim ure\u0111ajima, kao \u0161to su <strong data-start=\"1502\" data-end=\"1513\">senzori<\/strong>, <strong data-start=\"1515\" data-end=\"1528\">aktuatori<\/strong>, <strong data-start=\"1530\" data-end=\"1545\">HMI ure\u0111aji<\/strong>, <strong data-start=\"1547\" data-end=\"1564\">SCADA sistemi<\/strong>, i drugi PLC-ovi. Ovaj modul omogu\u0107ava integraciju i pro\u0161irenje sistema prema specifi\u010dnim potrebama aplikacije.<\/p>\n<\/li>\n<li class=\"\" data-start=\"1677\" data-end=\"1884\">\n<p class=\"\" data-start=\"1679\" data-end=\"1884\"><strong data-start=\"1679\" data-end=\"1722\">Protokol za industrijsku automatizaciju<\/strong>: Modbus TCP je industrijski standard za komunikaciju u automatizaciji, \u0161to omogu\u0107ava lak\u0161u integraciju Fatek PLC-a sa drugim industrijskim ure\u0111ajima i sistemima.<\/p>\n<\/li>\n<\/ul>\n<h3 class=\"\" data-start=\"1886\" data-end=\"1910\">Prednosti i primene:<\/h3>\n<ul data-start=\"1911\" data-end=\"2617\">\n<li class=\"\" data-start=\"1911\" data-end=\"2174\">\n<p class=\"\" data-start=\"1913\" data-end=\"2174\"><strong data-start=\"1913\" data-end=\"1944\">Industrijska automatizacija<\/strong>: FBs-CM25 je idealan za industrijske aplikacije koje zahtevaju Ethernet komunikaciju, kao \u0161to su <strong data-start=\"2042\" data-end=\"2063\">proizvodne linije<\/strong>, <strong data-start=\"2065\" data-end=\"2087\">energetski sistemi<\/strong>, <strong data-start=\"2089\" data-end=\"2116\">termoenergetski procesi<\/strong>, <strong data-start=\"2118\" data-end=\"2142\">kontrola temperature<\/strong>, i <strong data-start=\"2146\" data-end=\"2173\">pra\u0107enje stanja ure\u0111aja<\/strong>.<\/p>\n<\/li>\n<li class=\"\" data-start=\"2175\" data-end=\"2348\">\n<p class=\"\" data-start=\"2177\" data-end=\"2348\"><strong data-start=\"2177\" data-end=\"2210\">Povezivanje ure\u0111aja i sistema<\/strong>: Modul omogu\u0107ava povezivanje sa <strong data-start=\"2243\" data-end=\"2260\">HMI ure\u0111ajima<\/strong>, <strong data-start=\"2262\" data-end=\"2281\">SCADA sistemima<\/strong>, <strong data-start=\"2283\" data-end=\"2297\">ra\u010dunarima<\/strong>, kao i drugim PLC ure\u0111ajima u industrijskoj mre\u017ei.<\/p>\n<\/li>\n<li class=\"\" data-start=\"2349\" data-end=\"2617\">\n<p class=\"\" data-start=\"2351\" data-end=\"2617\"><strong data-start=\"2351\" data-end=\"2381\">Visoka brzina i stabilnost<\/strong>: Sa <strong data-start=\"2386\" data-end=\"2398\">Ethernet<\/strong> vezom i <strong data-start=\"2407\" data-end=\"2421\">Modbus TCP<\/strong> protokolom, FBs-CM25 omogu\u0107ava visoke brzine prenosa podataka i pouzdanu komunikaciju izme\u0111u ure\u0111aja na mre\u017ei, \u0161to je klju\u010dno za aplikacije koje zahtevaju brzo dono\u0161enje odluka u realnom vremenu.<\/p>\n<\/li>\n<\/ul>","protected":false},"excerpt":{"rendered":"<p>Fatek PLC FBs-CM25 je komunikacioni modul koji omogu\u0107ava pro\u0161irenje mogu\u0107nosti povezivanja Fatek PLC sistema sa razli\u010ditim ure\u0111ajima i sistemima putem <strong data-start=\"151\" data-end=\"163\">Ethernet<\/strong> mre\u017ee koriste\u0107i <strong data-start=\"180\" data-end=\"194\">Modbus TCP<\/strong> protokol. Ovaj modul omogu\u0107ava jednostavno povezivanje Fatek PLC-a sa ure\u0111ajima kao \u0161to su <strong data-start=\"286\" data-end=\"301\">HMI ure\u0111aji<\/strong>, <strong data-start=\"303\" data-end=\"320\">SCADA sistemi<\/strong>, <strong data-start=\"322\" data-end=\"334\">ra\u010dunari<\/strong>, kao i drugi PLC-ovi, omogu\u0107avaju\u0107i efikasnu komunikaciju u industrijskim aplikacijama.<\/p>","protected":false},"featured_media":28679,"template":"","meta":[],"product_brand":[111],"product_cat":[43,95],"product_tag":[],"class_list":{"0":"post-28678","1":"product","2":"type-product","3":"status-publish","4":"has-post-thumbnail","6":"product_brand-fatek","7":"product_cat-plc-kontroleri","8":"product_cat-periferije","10":"first","11":"instock","12":"taxable","13":"shipping-taxable","14":"purchasable","15":"product-type-simple"},"_links":{"self":[{"href":"https:\/\/gliki.at\/de\/wp-json\/wp\/v2\/product\/28678","targetHints":{"allow":["GET"]}}],"collection":[{"href":"https:\/\/gliki.at\/de\/wp-json\/wp\/v2\/product"}],"about":[{"href":"https:\/\/gliki.at\/de\/wp-json\/wp\/v2\/types\/product"}],"version-history":[{"count":3,"href":"https:\/\/gliki.at\/de\/wp-json\/wp\/v2\/product\/28678\/revisions"}],"predecessor-version":[{"id":28986,"href":"https:\/\/gliki.at\/de\/wp-json\/wp\/v2\/product\/28678\/revisions\/28986"}],"wp:featuredmedia":[{"embeddable":true,"href":"https:\/\/gliki.at\/de\/wp-json\/wp\/v2\/media\/28679"}],"wp:attachment":[{"href":"https:\/\/gliki.at\/de\/wp-json\/wp\/v2\/media?parent=28678"}],"wp:term":[{"taxonomy":"product_brand","embeddable":true,"href":"https:\/\/gliki.at\/de\/wp-json\/wp\/v2\/product_brand?post=28678"},{"taxonomy":"product_cat","embeddable":true,"href":"https:\/\/gliki.at\/de\/wp-json\/wp\/v2\/product_cat?post=28678"},{"taxonomy":"product_tag","embeddable":true,"href":"https:\/\/gliki.at\/de\/wp-json\/wp\/v2\/product_tag?post=28678"}],"curies":[{"name":"wp","href":"https:\/\/api.w.org\/{rel}","templated":true}]}}