{"id":28687,"date":"2025-03-26T14:33:50","date_gmt":"2025-03-26T13:33:50","guid":{"rendered":"https:\/\/gliki.at\/?post_type=product&#038;p=28687"},"modified":"2025-07-29T16:15:59","modified_gmt":"2025-07-29T14:15:59","slug":"fbs-cm55e","status":"publish","type":"product","link":"https:\/\/gliki.at\/de\/shop\/plc-kontroleri\/periferije\/fbs-cm55e\/","title":{"rendered":"Fatek FBs-CM55E \u2013 Ethernet komunikacioni modul"},"content":{"rendered":"<p>Karakteristike:<\/p>\n<p>Podr\u017eava pristup vi\u0161e klijenata<\/p>\n<p>Podr\u017eava serverski ili klijentski re\u017eim rada<\/p>\n<p>Podr\u017eava FATEK ili Modbus-TCP protokol<\/p>\n<p>Kontrola pristupa zasnovana na IP adresi<\/p>\n<p>Visoka brzina prenosa za serijski interfejs \u2013 do 230,4 Kbps<\/p>\n<p>Mre\u017ena konfiguracija putem interneta<\/p>\n<p>Specifikacije:<\/p>\n<p>Mre\u017eni interfejs: 10BaseT<\/p>\n<p>Mre\u017eni protokol: TCP\/IP<\/p>\n<p>Aplikacioni protokol: FATEK, Modbus-TCP<\/p>\n<p>Princip rada: Konverzija serijskog u Ethernet signal<\/p>\n<p>PLC interfejs: Port 4 \u2013 RS485 interfejs<\/p>\n<p>Generi\u010dki port: Port 3 \u2013 RS485 interfejs<\/p>\n<p>Brzina komunikacije sa PLC-om: Do 230,4 Kbps<\/p>\n<p>Re\u017eim rada: Server ili klijent<\/p>\n<p>IP portovi za aplikacije:<\/p>\n<p>Modbus-TCP \u2013 502<\/p>\n<p>FATEK \u2013 500 ili korisni\u010dki definisan<\/p>\n<p>Maksimalan broj TCP konekcija: 10 istovremenih sesija<\/p>\n<p>Bezbednosna za\u0161tita: Kontrola pristupa po IP adresi<\/p>\n<p>Konfiguracija: Mre\u017ena konfiguracija u realnom vremenu<\/p>\n<p>Indikatori: LED indikatori za RX, TX i LINK<\/p>\n<p>Potro\u0161nja energije: 5V, 200 mA<\/p>\n<p>Radna temperatura: 0 do 60\u00b0C<\/p>\n<p>Temperatura skladi\u0161tenja: -20 do 80\u00b0C<\/p>\n<p>Dimenzije: 25 (\u0160) x 90 (V) x 73 (D) mm<\/p>","protected":false},"excerpt":{"rendered":"<p>FBs-CM55E je Ethernet interfejs modul za FBs-PLC seriju koji omogu\u0107ava komunikaciju sa drugim ure\u0111ajima preko mre\u017ee, kao klijent ili server. Omogu\u0107ava daljinski nadzor i dijagnostiku MC i MN CPU jedinica putem interneta (preko port4), a poseduje i dodatni RS485 port3 za periferne ure\u0111aje. Montira se na DIN \u0161inu ili se pri\u010dvr\u0161\u0107uje \u0161rafovima.<\/p>","protected":false},"featured_media":28688,"template":"","meta":[],"product_brand":[111],"product_cat":[43,95],"product_tag":[],"class_list":{"0":"post-28687","1":"product","2":"type-product","3":"status-publish","4":"has-post-thumbnail","6":"product_brand-fatek","7":"product_cat-plc-kontroleri","8":"product_cat-periferije","10":"first","11":"instock","12":"taxable","13":"shipping-taxable","14":"purchasable","15":"product-type-simple"},"_links":{"self":[{"href":"https:\/\/gliki.at\/de\/wp-json\/wp\/v2\/product\/28687","targetHints":{"allow":["GET"]}}],"collection":[{"href":"https:\/\/gliki.at\/de\/wp-json\/wp\/v2\/product"}],"about":[{"href":"https:\/\/gliki.at\/de\/wp-json\/wp\/v2\/types\/product"}],"version-history":[{"count":4,"href":"https:\/\/gliki.at\/de\/wp-json\/wp\/v2\/product\/28687\/revisions"}],"predecessor-version":[{"id":32986,"href":"https:\/\/gliki.at\/de\/wp-json\/wp\/v2\/product\/28687\/revisions\/32986"}],"wp:featuredmedia":[{"embeddable":true,"href":"https:\/\/gliki.at\/de\/wp-json\/wp\/v2\/media\/28688"}],"wp:attachment":[{"href":"https:\/\/gliki.at\/de\/wp-json\/wp\/v2\/media?parent=28687"}],"wp:term":[{"taxonomy":"product_brand","embeddable":true,"href":"https:\/\/gliki.at\/de\/wp-json\/wp\/v2\/product_brand?post=28687"},{"taxonomy":"product_cat","embeddable":true,"href":"https:\/\/gliki.at\/de\/wp-json\/wp\/v2\/product_cat?post=28687"},{"taxonomy":"product_tag","embeddable":true,"href":"https:\/\/gliki.at\/de\/wp-json\/wp\/v2\/product_tag?post=28687"}],"curies":[{"name":"wp","href":"https:\/\/api.w.org\/{rel}","templated":true}]}}