{"id":29009,"date":"2025-03-28T20:39:09","date_gmt":"2025-03-28T19:39:09","guid":{"rendered":"https:\/\/gliki.at\/?post_type=product&#038;p=29009"},"modified":"2025-07-29T16:58:44","modified_gmt":"2025-07-29T14:58:44","slug":"b1z-14mr25-d24","status":"publish","type":"product","link":"https:\/\/gliki.at\/de\/shop\/plc-kontroleri\/cpu\/b1z-14mr25-d24\/","title":{"rendered":"FATEK B1z-14MR25-D24"},"content":{"rendered":"<p>PlC iz Fatek napredne serije<\/p>\n<p>8 ta\u010daka digitalnog ulaza 24VDC (4 ta\u010dke visokih frekvencija 50KHz, 4 ta\u010dke ukupno 5KHz)<br data-start=\"102\" data-end=\"105\" \/>6 ta\u010daka relejnog ili tranzistorskog izlaza (2 ta\u010dke visokih frekvencija 50KHz)<br data-start=\"184\" data-end=\"187\" \/>ugra\u0111eni 1 komunikacioni port<br data-start=\"216\" data-end=\"219\" \/>sa obe strane nije pro\u0161irivo<\/p>","protected":false},"excerpt":{"rendered":"<p>PLC FATEK B1z-14MR25-D24 sa 8 digitalnih ulaza 24VDC (4 ta\u010dke visokih frekvencija do 50KHz), 6 relejnih ili tranzistorskih izlaza i ugra\u0111enim komunikacionim portom<\/p>","protected":false},"featured_media":29010,"template":"","meta":[],"product_brand":[111],"product_cat":[43,94],"product_tag":[],"class_list":{"0":"post-29009","1":"product","2":"type-product","3":"status-publish","4":"has-post-thumbnail","6":"product_brand-fatek","7":"product_cat-plc-kontroleri","8":"product_cat-cpu","10":"first","11":"instock","12":"taxable","13":"shipping-taxable","14":"purchasable","15":"product-type-simple"},"_links":{"self":[{"href":"https:\/\/gliki.at\/de\/wp-json\/wp\/v2\/product\/29009","targetHints":{"allow":["GET"]}}],"collection":[{"href":"https:\/\/gliki.at\/de\/wp-json\/wp\/v2\/product"}],"about":[{"href":"https:\/\/gliki.at\/de\/wp-json\/wp\/v2\/types\/product"}],"version-history":[{"count":4,"href":"https:\/\/gliki.at\/de\/wp-json\/wp\/v2\/product\/29009\/revisions"}],"predecessor-version":[{"id":33006,"href":"https:\/\/gliki.at\/de\/wp-json\/wp\/v2\/product\/29009\/revisions\/33006"}],"wp:featuredmedia":[{"embeddable":true,"href":"https:\/\/gliki.at\/de\/wp-json\/wp\/v2\/media\/29010"}],"wp:attachment":[{"href":"https:\/\/gliki.at\/de\/wp-json\/wp\/v2\/media?parent=29009"}],"wp:term":[{"taxonomy":"product_brand","embeddable":true,"href":"https:\/\/gliki.at\/de\/wp-json\/wp\/v2\/product_brand?post=29009"},{"taxonomy":"product_cat","embeddable":true,"href":"https:\/\/gliki.at\/de\/wp-json\/wp\/v2\/product_cat?post=29009"},{"taxonomy":"product_tag","embeddable":true,"href":"https:\/\/gliki.at\/de\/wp-json\/wp\/v2\/product_tag?post=29009"}],"curies":[{"name":"wp","href":"https:\/\/api.w.org\/{rel}","templated":true}]}}