{"id":29041,"date":"2025-03-29T01:03:39","date_gmt":"2025-03-29T00:03:39","guid":{"rendered":"https:\/\/gliki.at\/?post_type=product&#038;p=29041"},"modified":"2025-07-30T11:46:10","modified_gmt":"2025-07-30T09:46:10","slug":"b1z-32mt2-ac","status":"publish","type":"product","link":"https:\/\/gliki.at\/de\/shop\/plc-kontroleri\/cpu\/b1z-32mt2-ac\/","title":{"rendered":"FATEK B1z-32MT2-AC PLC \u2013 Kompaktni kontroler sa brzim ulazima i tranzistorskim izlazima"},"content":{"rendered":"<p>FATEK B1z-32MT2-AC<\/p>\n<p>PLC ure\u0111aj poseduje 20 digitalnih ulaza na 24VDC, od kojih je 8 ulaza visoke brzine do 50 kHz, 8 ulaza ukupno srednje brzine do 5 kHz, i 4 ulaza niske brzine. Ure\u0111aj ima 12 digitalnih izlaza tipa PNP tranzistor, pri \u010demu 6 izlaza podr\u017eava rad na visokoj brzini do 50 kHz. Ugra\u0111ena su 2 komunikaciona porta \u2013 jedan RS-232 i jedan RS-485 \u2013 pri \u010demu ure\u0111aj nije pro\u0161iriv u pogledu dodatnih komunikacionih portova. Sa leve strane mo\u017ee se pro\u0161iriti sa 0 do 2 modula, dok je sa desne strane omogu\u0107ena pro\u0161irivost do ukupno 80 ulazno\/izlaznih ta\u010daka. Napajanje ure\u0111aja je u opsegu od 100 do 240 VAC, a ku\u0107i\u0161te je standardne veli\u010dine.<\/p>\n<p>Specifikacije :<br \/>\nDigitalni ulazi<\/p>\n<p>24VDC<\/p>\n<p>Visoka brzina (50 kHz): 8 ta\u010daka (4 ose, jednofazni signal ili A\/B faza)<\/p>\n<p>Srednja brzina (ukupno 5 kHz): 8 ta\u010daka<\/p>\n<p>Niska brzina: 4 ta\u010dke<\/p>\n<p>Digitalni izlazi<\/p>\n<p>Relej (AC\/DC, 2A): \u2014<\/p>\n<p>Tranzistor (5\u201330VDC)<\/p>\n<p>Visoka brzina (50 kHz, 0.3A): 6 ta\u010daka (3 ose, jednofazni signal ili A\/B faza)<\/p>\n<p>Niska brzina (0.5A): 6 ta\u010daka<\/p>\n<p>Komunikacioni portovi<\/p>\n<p>Ugra\u0111eni:<\/p>\n<p>1 port (RS232 ili USB*1)<\/p>\n<p>2 porta (RS232 + RS485)<\/p>\n<p>Pro\u0161irivi: 2 porta<\/p>","protected":false},"excerpt":{"rendered":"<article class=\"text-token-text-primary w-full focus:outline-none scroll-mt-[calc(var(--header-height)+min(200px,max(70px,20svh)))]\" dir=\"auto\" data-testid=\"conversation-turn-6\" data-scroll-anchor=\"true\" data-turn=\"assistant\">\n<div class=\"text-base my-auto mx-auto pb-10 [--thread-content-margin:--spacing(4)] @[37rem]:[--thread-content-margin:--spacing(6)] @[72rem]:[--thread-content-margin:--spacing(16)] px-(--thread-content-margin)\">\n<div class=\"[--thread-content-max-width:32rem] @[34rem]:[--thread-content-max-width:40rem] @[64rem]:[--thread-content-max-width:48rem] mx-auto max-w-(--thread-content-max-width) flex-1 group\/turn-messages focus-visible:outline-hidden relative flex w-full min-w-0 flex-col agent-turn\">\n<div class=\"flex max-w-full flex-col grow\">\n<div class=\"min-h-8 text-message relative flex w-full flex-col items-end gap-2 text-start break-words whitespace-normal [.text-message+&amp;]:mt-5\" dir=\"auto\" data-message-author-role=\"assistant\" data-message-id=\"335f8b6c-5a7b-4e0c-989d-9a90ed85eba2\" data-message-model-slug=\"gpt-4o\">\n<div class=\"flex w-full flex-col gap-1 empty:hidden first:pt-[3px]\">\n<div class=\"markdown prose dark:prose-invert w-full break-words light\">\n<p data-start=\"106\" data-end=\"298\" data-is-last-node=\"\" data-is-only-node=\"\">FATEK B1z-32MT2-AC je PLC sa 20 digitalnih ulaza (do 50 kHz), 12 PNP tranzistorskih izlaza, RS-232\/RS-485 komunikacijom, napajanjem 100\u2013240VAC i pro\u0161irivo\u0161\u0107u do 80 I\/O ta\u010daka.<\/p>\n<\/div>\n<\/div>\n<\/div>\n<\/div>\n<div class=\"flex min-h-[46px] justify-start\"><\/div>\n<div class=\"aria-live=polite absolute\">\n<div class=\"flex items-center justify-center\"><\/div>\n<\/div>\n<\/div>\n<\/div>\n<\/article>\n<div class=\"pointer-events-none h-px w-px\" aria-hidden=\"true\" data-edge=\"true\"><\/div>","protected":false},"featured_media":29042,"template":"","meta":[],"product_brand":[111],"product_cat":[43,94],"product_tag":[],"class_list":{"0":"post-29041","1":"product","2":"type-product","3":"status-publish","4":"has-post-thumbnail","6":"product_brand-fatek","7":"product_cat-plc-kontroleri","8":"product_cat-cpu","10":"first","11":"instock","12":"taxable","13":"shipping-taxable","14":"purchasable","15":"product-type-simple"},"_links":{"self":[{"href":"https:\/\/gliki.at\/de\/wp-json\/wp\/v2\/product\/29041","targetHints":{"allow":["GET"]}}],"collection":[{"href":"https:\/\/gliki.at\/de\/wp-json\/wp\/v2\/product"}],"about":[{"href":"https:\/\/gliki.at\/de\/wp-json\/wp\/v2\/types\/product"}],"version-history":[{"count":6,"href":"https:\/\/gliki.at\/de\/wp-json\/wp\/v2\/product\/29041\/revisions"}],"predecessor-version":[{"id":33015,"href":"https:\/\/gliki.at\/de\/wp-json\/wp\/v2\/product\/29041\/revisions\/33015"}],"wp:featuredmedia":[{"embeddable":true,"href":"https:\/\/gliki.at\/de\/wp-json\/wp\/v2\/media\/29042"}],"wp:attachment":[{"href":"https:\/\/gliki.at\/de\/wp-json\/wp\/v2\/media?parent=29041"}],"wp:term":[{"taxonomy":"product_brand","embeddable":true,"href":"https:\/\/gliki.at\/de\/wp-json\/wp\/v2\/product_brand?post=29041"},{"taxonomy":"product_cat","embeddable":true,"href":"https:\/\/gliki.at\/de\/wp-json\/wp\/v2\/product_cat?post=29041"},{"taxonomy":"product_tag","embeddable":true,"href":"https:\/\/gliki.at\/de\/wp-json\/wp\/v2\/product_tag?post=29041"}],"curies":[{"name":"wp","href":"https:\/\/api.w.org\/{rel}","templated":true}]}}