{"id":29069,"date":"2025-03-29T12:08:18","date_gmt":"2025-03-29T11:08:18","guid":{"rendered":"https:\/\/gliki.at\/?post_type=product&#038;p=29069"},"modified":"2025-07-30T11:55:17","modified_gmt":"2025-07-30T09:55:17","slug":"fbs-u2c-md-180","status":"publish","type":"product","link":"https:\/\/gliki.at\/de\/shop\/kablovi-za-programiranje\/fbs-u2c-md-180\/","title":{"rendered":"FBs-U2C-MD-180"},"content":{"rendered":"<p>\u200b<span class=\"relative -mx-px my-[-0.2rem] rounded px-px py-[0.2rem]\">FATEK FBs-U2C-MD-180 je komunikacioni konvertorski kabl koji omogu\u0107ava povezivanje standardnog USB AM konektora sa RS232 MD4M konektorom.<\/span> <span class=\"relative -mx-px my-[-0.2rem] rounded px-px py-[0.2rem]\">Koristi se za povezivanje standardnog USB porta na ra\u010dunaru sa Portom 0 (RS232) glavne jedinice FATEK FBs serije PLC-a.<\/span> <span class=\"relative -mx-px my-[-0.2rem] rounded px-px py-[0.2rem]\">Du\u017eina kabla je 180 cm (6 stopa), \u0161to pru\u017ea fleksibilnost u postavljanju i povezivanju ure\u0111aja.<\/span><\/p>","protected":false},"excerpt":{"rendered":"<p><span class=\"relative -mx-px my-[-0.2rem] rounded px-px py-[0.2rem]\">FATEK FBs-U2C-MD-180 je komunikacioni konvertorski kabl koji omogu\u0107ava povezivanje standardnog USB AM konektora sa RS232 MD4M konektorom.<\/span><\/p>","protected":false},"featured_media":29070,"template":"","meta":[],"product_brand":[111],"product_cat":[108],"product_tag":[],"class_list":{"0":"post-29069","1":"product","2":"type-product","3":"status-publish","4":"has-post-thumbnail","6":"product_brand-fatek","7":"product_cat-kablovi-za-programiranje","9":"first","10":"instock","11":"taxable","12":"shipping-taxable","13":"purchasable","14":"product-type-simple"},"_links":{"self":[{"href":"https:\/\/gliki.at\/de\/wp-json\/wp\/v2\/product\/29069","targetHints":{"allow":["GET"]}}],"collection":[{"href":"https:\/\/gliki.at\/de\/wp-json\/wp\/v2\/product"}],"about":[{"href":"https:\/\/gliki.at\/de\/wp-json\/wp\/v2\/types\/product"}],"version-history":[{"count":1,"href":"https:\/\/gliki.at\/de\/wp-json\/wp\/v2\/product\/29069\/revisions"}],"predecessor-version":[{"id":29071,"href":"https:\/\/gliki.at\/de\/wp-json\/wp\/v2\/product\/29069\/revisions\/29071"}],"wp:featuredmedia":[{"embeddable":true,"href":"https:\/\/gliki.at\/de\/wp-json\/wp\/v2\/media\/29070"}],"wp:attachment":[{"href":"https:\/\/gliki.at\/de\/wp-json\/wp\/v2\/media?parent=29069"}],"wp:term":[{"taxonomy":"product_brand","embeddable":true,"href":"https:\/\/gliki.at\/de\/wp-json\/wp\/v2\/product_brand?post=29069"},{"taxonomy":"product_cat","embeddable":true,"href":"https:\/\/gliki.at\/de\/wp-json\/wp\/v2\/product_cat?post=29069"},{"taxonomy":"product_tag","embeddable":true,"href":"https:\/\/gliki.at\/de\/wp-json\/wp\/v2\/product_tag?post=29069"}],"curies":[{"name":"wp","href":"https:\/\/api.w.org\/{rel}","templated":true}]}}