{"id":29072,"date":"2025-03-29T12:12:58","date_gmt":"2025-03-29T11:12:58","guid":{"rendered":"https:\/\/gliki.at\/?post_type=product&#038;p=29072"},"modified":"2025-07-30T11:55:43","modified_gmt":"2025-07-30T09:55:43","slug":"usba-minib-180","status":"publish","type":"product","link":"https:\/\/gliki.at\/de\/shop\/kablovi-za-programiranje\/usba-minib-180\/","title":{"rendered":"USBA-MINIB-180"},"content":{"rendered":"<p>USBA-MINIB-180 je USB kabl du\u017eine 1,8 metara koji se koristi za programiranje HMI panela iz serija P2A i P5A. Ima USB Type-A konektor na jednoj strani i USB Mini-B 5-pinski konektor na drugoj strani, omogu\u0107avaju\u0107i povezivanje sa ra\u010dunarom radi prenosa podataka i konfiguracije ure\u0111aja<\/p>","protected":false},"excerpt":{"rendered":"<p>USBA-MINIB-180 je USB kabl du\u017eine 1,8 metara koji se koristi za programiranje HMI panela iz serija P2A i P5A.<\/p>","protected":false},"featured_media":29073,"template":"","meta":[],"product_brand":[111],"product_cat":[108],"product_tag":[],"class_list":{"0":"post-29072","1":"product","2":"type-product","3":"status-publish","4":"has-post-thumbnail","6":"product_brand-fatek","7":"product_cat-kablovi-za-programiranje","9":"first","10":"instock","11":"taxable","12":"shipping-taxable","13":"purchasable","14":"product-type-simple"},"_links":{"self":[{"href":"https:\/\/gliki.at\/de\/wp-json\/wp\/v2\/product\/29072","targetHints":{"allow":["GET"]}}],"collection":[{"href":"https:\/\/gliki.at\/de\/wp-json\/wp\/v2\/product"}],"about":[{"href":"https:\/\/gliki.at\/de\/wp-json\/wp\/v2\/types\/product"}],"version-history":[{"count":1,"href":"https:\/\/gliki.at\/de\/wp-json\/wp\/v2\/product\/29072\/revisions"}],"predecessor-version":[{"id":29074,"href":"https:\/\/gliki.at\/de\/wp-json\/wp\/v2\/product\/29072\/revisions\/29074"}],"wp:featuredmedia":[{"embeddable":true,"href":"https:\/\/gliki.at\/de\/wp-json\/wp\/v2\/media\/29073"}],"wp:attachment":[{"href":"https:\/\/gliki.at\/de\/wp-json\/wp\/v2\/media?parent=29072"}],"wp:term":[{"taxonomy":"product_brand","embeddable":true,"href":"https:\/\/gliki.at\/de\/wp-json\/wp\/v2\/product_brand?post=29072"},{"taxonomy":"product_cat","embeddable":true,"href":"https:\/\/gliki.at\/de\/wp-json\/wp\/v2\/product_cat?post=29072"},{"taxonomy":"product_tag","embeddable":true,"href":"https:\/\/gliki.at\/de\/wp-json\/wp\/v2\/product_tag?post=29072"}],"curies":[{"name":"wp","href":"https:\/\/api.w.org\/{rel}","templated":true}]}}