{"id":29078,"date":"2025-03-29T12:47:04","date_gmt":"2025-03-29T11:47:04","guid":{"rendered":"https:\/\/gliki.at\/?post_type=product&#038;p=29078"},"modified":"2025-07-30T11:58:15","modified_gmt":"2025-07-30T09:58:15","slug":"fatek-fbs-20maj2-d24","status":"publish","type":"product","link":"https:\/\/gliki.at\/de\/shop\/plc-kontroleri\/cpu\/fatek-fbs-20maj2-d24\/","title":{"rendered":"FATEK FBs-20MAJ2-D24"},"content":{"rendered":"<p>FBs-20MAJ2-AC je mo\u0107an i pouzdan PLC kontroler koji omogu\u0107ava upravljanje razli\u010ditim industrijskim procesima. Opremljen sa 12 digitalnih ulaza (24V DC) i 8 relejnih izlaza, ovaj ure\u0111aj pru\u017ea fleksibilnost u upravljanju \u0161irokim spektrom AC\/DC izvr\u0161nih ure\u0111aja. Ugra\u0111eni RS-232 komunikacioni port omogu\u0107ava jednostavno povezivanje sa ra\u010dunarima, HMI panelima ili drugim PLC-ovima. Napaja se direktno iz 100\u2013240V AC mre\u017ee, \u0161to ga \u010dini prakti\u010dnim za ve\u0107inu industrijskih aplikacija bez potrebe za dodatnim napajanjima.<\/p>\n<p>Klju\u010dne karakteristike:<br \/>\nDigitalni ulazi: 12 ta\u010daka (24V DC).<\/p>\n<p>Digitalni izlazi: 8 relejnih izlaza.<\/p>\n<p>Komunikacija: 1x RS-232 port (ugra\u0111en).<\/p>\n<p>Napajanje: 100\u2013240V AC.<\/p>\n<p>Pro\u0161irivost: Mogu\u0107nost pro\u0161irenja sa dodatnim I\/O i komunikacionim modulima.<\/p>\n<p>Pouzdano upravljanje industrijskim procesima srednje slo\u017eenosti.<\/p>\n<p>FBs-20MAJ2-AC je idealno re\u0161enje za korisnike koji tra\u017ee sna\u017ean, pro\u0161iriv i pouzdan PLC sa AC napajanjem i dovoljnim brojem ulazno\/izlaznih ta\u010daka za raznovrsne industrijske primene.<\/p>","protected":false},"excerpt":{"rendered":"<p>FBs-20MAJ2-AC je programabilni logi\u010dki kontroler (PLC) iz FATEK FBs serije, sa 20 digitalnih I\/O ta\u010daka, idealan za srednje zahtevne automatizacione sisteme koji koriste AC napajanje.<\/p>","protected":false},"featured_media":29079,"template":"","meta":[],"product_brand":[111],"product_cat":[43,94],"product_tag":[],"class_list":{"0":"post-29078","1":"product","2":"type-product","3":"status-publish","4":"has-post-thumbnail","6":"product_brand-fatek","7":"product_cat-plc-kontroleri","8":"product_cat-cpu","10":"first","11":"instock","12":"taxable","13":"shipping-taxable","14":"purchasable","15":"product-type-simple"},"_links":{"self":[{"href":"https:\/\/gliki.at\/de\/wp-json\/wp\/v2\/product\/29078","targetHints":{"allow":["GET"]}}],"collection":[{"href":"https:\/\/gliki.at\/de\/wp-json\/wp\/v2\/product"}],"about":[{"href":"https:\/\/gliki.at\/de\/wp-json\/wp\/v2\/types\/product"}],"version-history":[{"count":3,"href":"https:\/\/gliki.at\/de\/wp-json\/wp\/v2\/product\/29078\/revisions"}],"predecessor-version":[{"id":33019,"href":"https:\/\/gliki.at\/de\/wp-json\/wp\/v2\/product\/29078\/revisions\/33019"}],"wp:featuredmedia":[{"embeddable":true,"href":"https:\/\/gliki.at\/de\/wp-json\/wp\/v2\/media\/29079"}],"wp:attachment":[{"href":"https:\/\/gliki.at\/de\/wp-json\/wp\/v2\/media?parent=29078"}],"wp:term":[{"taxonomy":"product_brand","embeddable":true,"href":"https:\/\/gliki.at\/de\/wp-json\/wp\/v2\/product_brand?post=29078"},{"taxonomy":"product_cat","embeddable":true,"href":"https:\/\/gliki.at\/de\/wp-json\/wp\/v2\/product_cat?post=29078"},{"taxonomy":"product_tag","embeddable":true,"href":"https:\/\/gliki.at\/de\/wp-json\/wp\/v2\/product_tag?post=29078"}],"curies":[{"name":"wp","href":"https:\/\/api.w.org\/{rel}","templated":true}]}}