{"id":29081,"date":"2025-03-29T12:53:44","date_gmt":"2025-03-29T11:53:44","guid":{"rendered":"https:\/\/gliki.at\/?post_type=product&#038;p=29081"},"modified":"2025-07-30T12:00:48","modified_gmt":"2025-07-30T10:00:48","slug":"fatek-fbs-10maj2-d24","status":"publish","type":"product","link":"https:\/\/gliki.at\/de\/shop\/plc-kontroleri\/cpu\/fatek-fbs-10maj2-d24\/","title":{"rendered":"FATEK FBs-10MAJ2-D24"},"content":{"rendered":"<p>FBs-10MAJ2-AC je pouzdan programabilni logi\u010dki kontroler koji se koristi u osnovnim sistemima automatizacije. Opremljen je sa 6 digitalnih ulaza (24V DC) i 4 relejna izlaza, \u0161to ga \u010dini pogodnim za male upravlja\u010dke zadatke, kao \u0161to su upravljanje ma\u0161inama, panelima ili manjim procesima. Napaja se direktno sa 100\u2013240V AC, \u0161to omogu\u0107ava jednostavnu instalaciju bez dodatnih naponskih adaptera. Ugra\u0111eni RS-232 port pru\u017ea osnovne komunikacione mogu\u0107nosti.<\/p>\n<p>Klju\u010dne karakteristike:<br \/>\nDigitalni ulazi: 6 ta\u010daka (24V DC).<\/p>\n<p>Digitalni izlazi: 4 relejna izlaza.<\/p>\n<p>Komunikacija: 1x RS-232 port (ugra\u0111en).<\/p>\n<p>Napajanje: 100\u2013240V AC.<\/p>\n<p>Kompaktno ku\u0107i\u0161te \u2013 idealno za monta\u017eu u sku\u010denim prostorima.<\/p>\n<p>Mogu\u0107nost pro\u0161irenja I\/O i komunikacionim modulima iz FBs serije.<\/p>\n<p>FBs-10MAJ2-AC je savr\u0161en izbor za jednostavne i pouzdane automatizovane zadatke, sa svim osnovnim funkcijama potrebnim za male kontrolne sisteme, uz lako povezivanje i AC napajanje.<\/p>","protected":false},"excerpt":{"rendered":"<p>FBs-10MAJ2-AC je kompaktni PLC kontroler iz FATEK FBs serije, sa osnovnim brojem digitalnih ulaza i izlaza, idealan za jednostavne automatizovane aplikacije sa AC napajanjem.<\/p>","protected":false},"featured_media":29082,"template":"","meta":[],"product_brand":[111],"product_cat":[43,94],"product_tag":[],"class_list":{"0":"post-29081","1":"product","2":"type-product","3":"status-publish","4":"has-post-thumbnail","6":"product_brand-fatek","7":"product_cat-plc-kontroleri","8":"product_cat-cpu","10":"first","11":"instock","12":"taxable","13":"shipping-taxable","14":"purchasable","15":"product-type-simple"},"_links":{"self":[{"href":"https:\/\/gliki.at\/de\/wp-json\/wp\/v2\/product\/29081","targetHints":{"allow":["GET"]}}],"collection":[{"href":"https:\/\/gliki.at\/de\/wp-json\/wp\/v2\/product"}],"about":[{"href":"https:\/\/gliki.at\/de\/wp-json\/wp\/v2\/types\/product"}],"version-history":[{"count":3,"href":"https:\/\/gliki.at\/de\/wp-json\/wp\/v2\/product\/29081\/revisions"}],"predecessor-version":[{"id":33021,"href":"https:\/\/gliki.at\/de\/wp-json\/wp\/v2\/product\/29081\/revisions\/33021"}],"wp:featuredmedia":[{"embeddable":true,"href":"https:\/\/gliki.at\/de\/wp-json\/wp\/v2\/media\/29082"}],"wp:attachment":[{"href":"https:\/\/gliki.at\/de\/wp-json\/wp\/v2\/media?parent=29081"}],"wp:term":[{"taxonomy":"product_brand","embeddable":true,"href":"https:\/\/gliki.at\/de\/wp-json\/wp\/v2\/product_brand?post=29081"},{"taxonomy":"product_cat","embeddable":true,"href":"https:\/\/gliki.at\/de\/wp-json\/wp\/v2\/product_cat?post=29081"},{"taxonomy":"product_tag","embeddable":true,"href":"https:\/\/gliki.at\/de\/wp-json\/wp\/v2\/product_tag?post=29081"}],"curies":[{"name":"wp","href":"https:\/\/api.w.org\/{rel}","templated":true}]}}