{"id":29103,"date":"2025-03-29T13:38:46","date_gmt":"2025-03-29T12:38:46","guid":{"rendered":"https:\/\/gliki.at\/?post_type=product&#038;p=29103"},"modified":"2025-07-30T12:26:22","modified_gmt":"2025-07-30T10:26:22","slug":"fatek-fbs-14mcj2-ac","status":"publish","type":"product","link":"https:\/\/gliki.at\/de\/shop\/plc-kontroleri\/cpu\/fatek-fbs-14mcj2-ac\/","title":{"rendered":"FATEK FBs-14MCJ2-AC-Napredna glavna jedinica"},"content":{"rendered":"<p class=\"\" data-start=\"0\" data-end=\"239\"><strong data-start=\"0\" data-end=\"23\">FATEK FBs-14MCJ2-AC<\/strong> je programabilni logi\u010dki kontroler (PLC) iz FBs serije, dizajniran za industrijsku automatizaciju.<\/p>\n<p>PLC sa 8 digitalnih ulaza od 24Vdc sa visokom brzinom (200 kHz) i srednje visokom brzinom (20 kHz i 5 kHz), 6 PNP tranzistorskih izlaza (tipa Source), 1 RS232 ili USB port (pro\u0161iriv do 5 portova), ulazno\/izlazne ta\u010dke nisu pro\u0161irive, napajanje 100 do 240Vac i ugra\u0111en RTC (real-time clock).<\/p>\n<p class=\"\" data-start=\"767\" data-end=\"953\">","protected":false},"excerpt":{"rendered":"<p><strong data-start=\"0\" data-end=\"23\">FATEK FBs-14MCJ2-AC<\/strong> je programabilni logi\u010dki kontroler (PLC) iz FBs serije, PLC sa 8 digitalnih ulaza visokih i srednjih brzina, 6 PNP tranzistorskih izlaza tipa Source, pro\u0161irivim komunikacionim portom do 5, nepro\u0161irivim I\/O, napajanjem 100\u2013240Vac i ugra\u0111enim real-time satom.<\/p>","protected":false},"featured_media":29104,"template":"","meta":[],"product_brand":[111],"product_cat":[43,94],"product_tag":[],"class_list":{"0":"post-29103","1":"product","2":"type-product","3":"status-publish","4":"has-post-thumbnail","6":"product_brand-fatek","7":"product_cat-plc-kontroleri","8":"product_cat-cpu","10":"first","11":"instock","12":"taxable","13":"shipping-taxable","14":"purchasable","15":"product-type-simple"},"_links":{"self":[{"href":"https:\/\/gliki.at\/de\/wp-json\/wp\/v2\/product\/29103","targetHints":{"allow":["GET"]}}],"collection":[{"href":"https:\/\/gliki.at\/de\/wp-json\/wp\/v2\/product"}],"about":[{"href":"https:\/\/gliki.at\/de\/wp-json\/wp\/v2\/types\/product"}],"version-history":[{"count":3,"href":"https:\/\/gliki.at\/de\/wp-json\/wp\/v2\/product\/29103\/revisions"}],"predecessor-version":[{"id":33038,"href":"https:\/\/gliki.at\/de\/wp-json\/wp\/v2\/product\/29103\/revisions\/33038"}],"wp:featuredmedia":[{"embeddable":true,"href":"https:\/\/gliki.at\/de\/wp-json\/wp\/v2\/media\/29104"}],"wp:attachment":[{"href":"https:\/\/gliki.at\/de\/wp-json\/wp\/v2\/media?parent=29103"}],"wp:term":[{"taxonomy":"product_brand","embeddable":true,"href":"https:\/\/gliki.at\/de\/wp-json\/wp\/v2\/product_brand?post=29103"},{"taxonomy":"product_cat","embeddable":true,"href":"https:\/\/gliki.at\/de\/wp-json\/wp\/v2\/product_cat?post=29103"},{"taxonomy":"product_tag","embeddable":true,"href":"https:\/\/gliki.at\/de\/wp-json\/wp\/v2\/product_tag?post=29103"}],"curies":[{"name":"wp","href":"https:\/\/api.w.org\/{rel}","templated":true}]}}