{"id":29126,"date":"2025-03-29T13:59:53","date_gmt":"2025-03-29T12:59:53","guid":{"rendered":"https:\/\/gliki.at\/?post_type=product&#038;p=29126"},"modified":"2025-05-28T14:37:43","modified_gmt":"2025-05-28T12:37:43","slug":"fatek-fbs-24yj","status":"publish","type":"product","link":"https:\/\/gliki.at\/de\/shop\/plc-kontroleri\/periferije\/fatek-fbs-24yj\/","title":{"rendered":"FATEK FBs-24YJ"},"content":{"rendered":"<p class=\"\" data-start=\"0\" data-end=\"157\"><strong data-start=\"0\" data-end=\"18\">FATEK FBs-24YJ<\/strong> je ekspanzioni modul za PLC iz FBs serije, dizajniran da pro\u0161iri broj digitalnih izlaza u sistemu.<\/p>\n<h3 class=\"\" data-start=\"159\" data-end=\"186\">Osnovne karakteristike:<\/h3>\n<ul data-start=\"187\" data-end=\"273\">\n<li class=\"\" data-start=\"187\" data-end=\"270\">\n<p class=\"\" data-start=\"189\" data-end=\"270\"><strong data-start=\"189\" data-end=\"202\">Napajanje<\/strong>: Modul se napaja putem glavnog PLC-a, ne zahteva dodatno napajanje.<\/p>\n<\/li>\n<\/ul>\n<h3 class=\"\" data-start=\"274\" data-end=\"285\">Izlazi:<\/h3>\n<ul data-start=\"286\" data-end=\"437\">\n<li class=\"\" data-start=\"286\" data-end=\"437\">\n<p class=\"\" data-start=\"288\" data-end=\"361\"><strong data-start=\"288\" data-end=\"308\">Digitalni izlazi<\/strong>: 24 ta\u010dke tranzistorskih izlaza tipa PNP (sourcing).<\/p>\n<ul data-start=\"364\" data-end=\"437\">\n<li class=\"\" data-start=\"364\" data-end=\"404\">\n<p class=\"\" data-start=\"366\" data-end=\"404\"><strong data-start=\"366\" data-end=\"397\">Maksimalna struja po izlazu<\/strong>: 0,1A.<\/p>\n<\/li>\n<li class=\"\" data-start=\"407\" data-end=\"434\">\n<p class=\"\" data-start=\"409\" data-end=\"434\"><strong data-start=\"409\" data-end=\"425\">Napon izlaza<\/strong>: 24V DC.<\/p>\n<\/li>\n<\/ul>\n<\/li>\n<\/ul>\n<h3 class=\"\" data-start=\"438\" data-end=\"454\">Povezivanje:<\/h3>\n<ul data-start=\"455\" data-end=\"548\">\n<li class=\"\" data-start=\"455\" data-end=\"548\">\n<p class=\"\" data-start=\"457\" data-end=\"548\"><strong data-start=\"457\" data-end=\"469\">Konektor<\/strong>: 30-pinski konektor sa zaklopkom za jednostavno povezivanje sa glavnim PLC-om.<\/p>\n<\/li>\n<\/ul>\n<h3 class=\"\" data-start=\"550\" data-end=\"564\">Dimenzije:<\/h3>\n<ul data-start=\"565\" data-end=\"657\">\n<li class=\"\" data-start=\"565\" data-end=\"657\">\n<p class=\"\" data-start=\"567\" data-end=\"657\">Kompaktne dimenzije, omogu\u0107avaju\u0107i jednostavno integrisanje u postoje\u0107e FATEK PLC sisteme.<\/p>\n<\/li>\n<\/ul>\n<h3 class=\"\" data-start=\"659\" data-end=\"671\">Primena:<\/h3>\n<p class=\"\" data-start=\"672\" data-end=\"804\">FATEK FBs-24YJ je idealan za pro\u0161irenje sistema kada je potrebno dodati vi\u0161e digitalnih izlaza. Neki od mogu\u0107ih scenarija uklju\u010duju:<\/p>\n<ul data-start=\"805\" data-end=\"894\">\n<li class=\"\" data-start=\"805\" data-end=\"841\">\n<p class=\"\" data-start=\"807\" data-end=\"841\">Automatizacija proizvodnih linija.<\/p>\n<\/li>\n<li class=\"\" data-start=\"842\" data-end=\"870\">\n<p class=\"\" data-start=\"844\" data-end=\"870\">Kontrola ma\u0161ina i ure\u0111aja.<\/p>\n<\/li>\n<li class=\"\" data-start=\"871\" data-end=\"894\">\n<p class=\"\" data-start=\"873\" data-end=\"894\">Procesno upravljanje.<\/p>\n<\/li>\n<\/ul>\n<p class=\"\" data-start=\"896\" data-end=\"1042\">Ovaj modul pru\u017ea visoku gustinu izlaza u kompaktnom formatu, \u010dine\u0107i ga pogodnim za primene sa ve\u0107im brojem ure\u0111aja koji trebaju biti kontrolisani.<\/p>","protected":false},"excerpt":{"rendered":"<p><strong data-start=\"0\" data-end=\"18\">FATEK FBs-24YJ<\/strong> je ekspanzioni modul za programabilni logi\u010dki kontroler (PLC) iz FBs serije, dizajniran da pro\u0161iri broj digitalnih izlaza u industrijskim automatizacionim sistemima. Ovaj modul pru\u017ea 24 digitalna izlaza tipa PNP (sourcing), \u0161to omogu\u0107ava kontrolu velikog broja ure\u0111aja i sistema.<\/p>","protected":false},"featured_media":29127,"template":"","meta":[],"product_brand":[111],"product_cat":[43,95],"product_tag":[],"class_list":{"0":"post-29126","1":"product","2":"type-product","3":"status-publish","4":"has-post-thumbnail","6":"product_brand-fatek","7":"product_cat-plc-kontroleri","8":"product_cat-periferije","10":"first","11":"instock","12":"taxable","13":"shipping-taxable","14":"purchasable","15":"product-type-simple"},"_links":{"self":[{"href":"https:\/\/gliki.at\/de\/wp-json\/wp\/v2\/product\/29126","targetHints":{"allow":["GET"]}}],"collection":[{"href":"https:\/\/gliki.at\/de\/wp-json\/wp\/v2\/product"}],"about":[{"href":"https:\/\/gliki.at\/de\/wp-json\/wp\/v2\/types\/product"}],"version-history":[{"count":3,"href":"https:\/\/gliki.at\/de\/wp-json\/wp\/v2\/product\/29126\/revisions"}],"predecessor-version":[{"id":30931,"href":"https:\/\/gliki.at\/de\/wp-json\/wp\/v2\/product\/29126\/revisions\/30931"}],"wp:featuredmedia":[{"embeddable":true,"href":"https:\/\/gliki.at\/de\/wp-json\/wp\/v2\/media\/29127"}],"wp:attachment":[{"href":"https:\/\/gliki.at\/de\/wp-json\/wp\/v2\/media?parent=29126"}],"wp:term":[{"taxonomy":"product_brand","embeddable":true,"href":"https:\/\/gliki.at\/de\/wp-json\/wp\/v2\/product_brand?post=29126"},{"taxonomy":"product_cat","embeddable":true,"href":"https:\/\/gliki.at\/de\/wp-json\/wp\/v2\/product_cat?post=29126"},{"taxonomy":"product_tag","embeddable":true,"href":"https:\/\/gliki.at\/de\/wp-json\/wp\/v2\/product_tag?post=29126"}],"curies":[{"name":"wp","href":"https:\/\/api.w.org\/{rel}","templated":true}]}}