{"id":29144,"date":"2025-03-29T14:27:45","date_gmt":"2025-03-29T13:27:45","guid":{"rendered":"https:\/\/gliki.at\/?post_type=product&#038;p=29144"},"modified":"2025-07-30T13:05:41","modified_gmt":"2025-07-30T11:05:41","slug":"fatek-fbs-60maj2-d24","status":"publish","type":"product","link":"https:\/\/gliki.at\/de\/shop\/plc-kontroleri\/cpu\/fatek-fbs-60maj2-d24\/","title":{"rendered":"FATEK-FBs-60MAJ2-D24"},"content":{"rendered":"<p class=\"\" data-start=\"0\" data-end=\"126\">\u200b<span class=\"relative -mx-px my-[-0.2rem] rounded px-px py-[0.2rem]\"><strong data-start=\"0\" data-end=\"24\" data-is-only-node=\"\">FATEK FBs-60MAJ2-D24<\/strong> je programabilni logi\u010dki kontroler (PLC) iz FBs serije, dizajniran za industrijske aplikacije koje zahtevaju ve\u0107i broj ulaza i izlaza.<\/span> \u200b<\/p>\n<p class=\"\" data-start=\"1457\" data-end=\"1542\">Osnovni industrijski PLC sa 36 digitalnih ulaza, 24 PNP tranzistorska izlaza i RS-232 komunikacionim portom. Napajanje 24VDC i integrisan real-time sat.<\/p>\n<p>Digitalni ulaz: 24VDC<\/p>\n<p>Srednja brzina (20 kHz): 8 ta\u010daka<\/p>\n<p>Ukupna srednja brzina (5 kHz): 8 ta\u010daka<\/p>\n<p>Srednje niska brzina: 20 ta\u010daka<\/p>\n<p>Digitalni izlaz: Tranzistor<\/p>\n<p>Srednja brzina (20 kHz): 8 ta\u010daka<\/p>\n<p>Niska brzina: 16 ta\u010daka<\/p>\n<p>Komunikacioni portovi<\/p>\n<p>Ugra\u0111eni: 1 port (Port0, USB ili RS232)<\/p>\n<p>Pro\u0161irivi: 2 porta (Port1~2, RS485 ili RS232 ili Ethernet)<\/p>\n<p>Ugra\u0111eno napajanje: SPW24-AC\/D12\/D24<\/p>\n<p>Sistem povezivanja: fiksni terminalni blok 7,62 mm (MA), odvojivi terminalni blok 7,62 mm (MB)<\/p>","protected":false},"excerpt":{"rendered":"<p>\u200b<span class=\"relative -mx-px my-[-0.2rem] rounded px-px py-[0.2rem]\"><strong data-start=\"0\" data-end=\"24\" data-is-only-node=\"\">FATEK FBs-60MAJ2-D24<\/strong> je programabilni logi\u010dki kontroler (PLC) iz FBs serije, dizajniran za industrijske aplikacije koje zahtevaju ve\u0107i broj ulaza i izlaza.<\/span> <span class=\"relative -mx-px my-[-0.2rem] rounded px-px py-[0.2rem]\">Ovaj model nudi ukupno 60 ta\u010daka: 36 digitalnih ulaza i 24 digitalna izlaza, omogu\u0107avaju\u0107i efikasno upravljanje slo\u017eenim procesima i ure\u0111ajima.<\/span><\/p>","protected":false},"featured_media":29145,"template":"","meta":[],"product_brand":[111],"product_cat":[43,94],"product_tag":[],"class_list":{"0":"post-29144","1":"product","2":"type-product","3":"status-publish","4":"has-post-thumbnail","6":"product_brand-fatek","7":"product_cat-plc-kontroleri","8":"product_cat-cpu","10":"first","11":"instock","12":"taxable","13":"shipping-taxable","14":"purchasable","15":"product-type-simple"},"_links":{"self":[{"href":"https:\/\/gliki.at\/de\/wp-json\/wp\/v2\/product\/29144","targetHints":{"allow":["GET"]}}],"collection":[{"href":"https:\/\/gliki.at\/de\/wp-json\/wp\/v2\/product"}],"about":[{"href":"https:\/\/gliki.at\/de\/wp-json\/wp\/v2\/types\/product"}],"version-history":[{"count":3,"href":"https:\/\/gliki.at\/de\/wp-json\/wp\/v2\/product\/29144\/revisions"}],"predecessor-version":[{"id":33049,"href":"https:\/\/gliki.at\/de\/wp-json\/wp\/v2\/product\/29144\/revisions\/33049"}],"wp:featuredmedia":[{"embeddable":true,"href":"https:\/\/gliki.at\/de\/wp-json\/wp\/v2\/media\/29145"}],"wp:attachment":[{"href":"https:\/\/gliki.at\/de\/wp-json\/wp\/v2\/media?parent=29144"}],"wp:term":[{"taxonomy":"product_brand","embeddable":true,"href":"https:\/\/gliki.at\/de\/wp-json\/wp\/v2\/product_brand?post=29144"},{"taxonomy":"product_cat","embeddable":true,"href":"https:\/\/gliki.at\/de\/wp-json\/wp\/v2\/product_cat?post=29144"},{"taxonomy":"product_tag","embeddable":true,"href":"https:\/\/gliki.at\/de\/wp-json\/wp\/v2\/product_tag?post=29144"}],"curies":[{"name":"wp","href":"https:\/\/api.w.org\/{rel}","templated":true}]}}