{"id":29181,"date":"2025-03-30T03:23:18","date_gmt":"2025-03-30T01:23:18","guid":{"rendered":"https:\/\/gliki.at\/?post_type=product&#038;p=29181"},"modified":"2025-07-30T14:04:39","modified_gmt":"2025-07-30T12:04:39","slug":"fatek-fbs-bssi","status":"publish","type":"product","link":"https:\/\/gliki.at\/de\/shop\/plc-kontroleri\/periferije\/fatek-fbs-bssi\/","title":{"rendered":"FATEK FBs-BSSI"},"content":{"rendered":"<p>&nbsp;<\/p>\n<p>FBs-BSSI omogu\u0107ava FATEK FBs seriji PLC ure\u0111aja da komuniciraju sa SSI enkoderima, koji se koriste u aplikacijama gde je potrebno ta\u010dno merenje pozicije i brzine, poput CNC ma\u0161ina, robotskih sistema i automatizovane kontrole pokreta. Modul podr\u017eava razli\u010dite formate podataka i rezolucije, pru\u017eaju\u0107i fleksibilnost u radu sa razli\u010ditim SSI ure\u0111ajima.<\/p>\n<p>Klju\u010dne karakteristike:<br \/>\nKomunikacioni interfejs: SSI (Synchronous Serial Interface).<\/p>\n<p>Kompatibilnost: Podr\u017eava FATEK FBs seriju PLC ure\u0111aja.<\/p>\n<p>Omogu\u0107ava precizno o\u010ditavanje podataka sa SSI enkodera.<\/p>\n<p>Podr\u017eava razli\u010dite formate podataka i rezolucije.<\/p>\n<p>Pogodan za aplikacije u kojima je potrebna visoka ta\u010dnost pozicioniranja.<\/p>\n<p>FBs-BSSI je idealan komunikacioni modul za industrijske sisteme koji koriste SSI enkodere, pru\u017eaju\u0107i precizno pra\u0107enje pozicije i brzine u automatizovanim procesima.<\/p>\n<p>\u25a0 Pristup vi\u0161e klijenata istovremeno<br \/>\n\u25a0 Re\u017eim rada kao Modbus server ili klijent<br \/>\n\u25a0 Re\u017eim rada kao Fatek server i klijent*\u00b9<br \/>\n\u25a0 Kontrola pristupa zasnovana na IP adresi<br \/>\n\u25a0 Ugra\u0111en veb server<br \/>\n\u25a0 Pode\u0161avanje konfiguracije putem veb pregleda\u010da<br \/>\n\u25a0 Korisnik mo\u017ee kreirati sopstvene prilago\u0111ene veb stranice pomo\u0107u prate\u0107eg alata \u2013 EasyWebDesigner<br \/>\n\u25a0 Funkcija poziva servisa (Service Call Back) \u2013 elimini\u0161e slo\u017eeno mre\u017eno pode\u0161avanje<br \/>\n\u25a0 Funkcija mre\u017enog sata (SNTP) \u2013 uklanja potrebu za periodi\u010dnim pode\u0161avanjem vremena<br \/>\n\u25a0 Funkcija slanja email poruka \u2013 omogu\u0107ava i slanje SMS poruka putem Email-to-SMS internet servisa<\/p>","protected":false},"excerpt":{"rendered":"<article class=\"text-token-text-primary w-full focus:outline-none scroll-mt-[calc(var(--header-height)+min(200px,max(70px,20svh)))]\" dir=\"auto\" data-testid=\"conversation-turn-20\" data-scroll-anchor=\"true\" data-turn=\"assistant\">\n<div class=\"text-base my-auto mx-auto pb-10 [--thread-content-margin:--spacing(4)] @[37rem]:[--thread-content-margin:--spacing(6)] @[72rem]:[--thread-content-margin:--spacing(16)] px-(--thread-content-margin)\">\n<div class=\"[--thread-content-max-width:32rem] @[34rem]:[--thread-content-max-width:40rem] @[64rem]:[--thread-content-max-width:48rem] mx-auto max-w-(--thread-content-max-width) flex-1 group\/turn-messages focus-visible:outline-hidden relative flex w-full min-w-0 flex-col agent-turn\">\n<div class=\"flex max-w-full flex-col grow\">\n<div class=\"min-h-8 text-message relative flex w-full flex-col items-end gap-2 text-start break-words whitespace-normal [.text-message+&amp;]:mt-5\" dir=\"auto\" data-message-author-role=\"assistant\" data-message-id=\"2214cfc4-57e6-4cfd-b2ec-622847daf7e5\" data-message-model-slug=\"gpt-4-1-mini\">\n<div class=\"flex w-full flex-col gap-1 empty:hidden first:pt-[3px]\">\n<div class=\"markdown prose dark:prose-invert w-full break-words light\">\n<p data-start=\"0\" data-end=\"305\" data-is-last-node=\"\" data-is-only-node=\"\">FBs-BSSI modul omogu\u0107ava FATEK FBs PLC preciznu komunikaciju sa SSI enkoderima za ta\u010dno pozicioniranje i merenje brzine u industrijskim automatizacijama, sa podr\u0161kom za razli\u010dite formate podataka i fleksibilnim mre\u017enim funkcijama kao \u0161to su Modbus, IP kontrola pristupa i ugra\u0111eni web server.<\/p>\n<\/div>\n<\/div>\n<\/div>\n<\/div>\n<div class=\"flex min-h-[46px] justify-start\">\n<div class=\"touch:-me-2 touch:-ms-3.5 -ms-2.5 -me-1 flex flex-wrap items-center gap-y-4 p-1 select-none touch:w-[calc(100%+--spacing(3.5))] -mt-1 w-[calc(100%+--spacing(2.5))] duration-[1.5s] focus-within:transition-none hover:transition-none pointer-events-none [mask-image:linear-gradient(to_right,black_33%,transparent_66%)] [mask-size:300%_100%] [mask-position:100%_0%] motion-safe:transition-[mask-position] group-hover\/turn-messages:pointer-events-auto group-hover\/turn-messages:[mask-position:0_0] group-focus-within\/turn-messages:pointer-events-auto group-focus-within\/turn-messages:[mask-position:0_0] has-data-[state=open]:pointer-events-auto has-data-[state=open]:[mask-position:0_0]\"><\/div>\n<\/div>\n<div class=\"aria-live=polite absolute\">\n<div class=\"flex items-center justify-center\"><\/div>\n<\/div>\n<\/div>\n<\/div>\n<\/article>\n<div class=\"pointer-events-none h-px w-px\" aria-hidden=\"true\" data-edge=\"true\"><\/div>","protected":false},"featured_media":30370,"template":"","meta":[],"product_brand":[111],"product_cat":[43,95],"product_tag":[],"class_list":{"0":"post-29181","1":"product","2":"type-product","3":"status-publish","4":"has-post-thumbnail","6":"product_brand-fatek","7":"product_cat-plc-kontroleri","8":"product_cat-periferije","10":"first","11":"instock","12":"taxable","13":"shipping-taxable","14":"purchasable","15":"product-type-simple"},"_links":{"self":[{"href":"https:\/\/gliki.at\/de\/wp-json\/wp\/v2\/product\/29181","targetHints":{"allow":["GET"]}}],"collection":[{"href":"https:\/\/gliki.at\/de\/wp-json\/wp\/v2\/product"}],"about":[{"href":"https:\/\/gliki.at\/de\/wp-json\/wp\/v2\/types\/product"}],"version-history":[{"count":3,"href":"https:\/\/gliki.at\/de\/wp-json\/wp\/v2\/product\/29181\/revisions"}],"predecessor-version":[{"id":33065,"href":"https:\/\/gliki.at\/de\/wp-json\/wp\/v2\/product\/29181\/revisions\/33065"}],"wp:featuredmedia":[{"embeddable":true,"href":"https:\/\/gliki.at\/de\/wp-json\/wp\/v2\/media\/30370"}],"wp:attachment":[{"href":"https:\/\/gliki.at\/de\/wp-json\/wp\/v2\/media?parent=29181"}],"wp:term":[{"taxonomy":"product_brand","embeddable":true,"href":"https:\/\/gliki.at\/de\/wp-json\/wp\/v2\/product_brand?post=29181"},{"taxonomy":"product_cat","embeddable":true,"href":"https:\/\/gliki.at\/de\/wp-json\/wp\/v2\/product_cat?post=29181"},{"taxonomy":"product_tag","embeddable":true,"href":"https:\/\/gliki.at\/de\/wp-json\/wp\/v2\/product_tag?post=29181"}],"curies":[{"name":"wp","href":"https:\/\/api.w.org\/{rel}","templated":true}]}}