{"id":29196,"date":"2025-03-30T03:29:33","date_gmt":"2025-03-30T01:29:33","guid":{"rendered":"https:\/\/gliki.at\/?post_type=product&#038;p=29196"},"modified":"2025-05-16T10:41:54","modified_gmt":"2025-05-16T08:41:54","slug":"fatek-fbs-cbes","status":"publish","type":"product","link":"https:\/\/gliki.at\/de\/shop\/plc-kontroleri\/periferije\/fatek-fbs-cbes\/","title":{"rendered":"FATEK FBs-CBES"},"content":{"rendered":"<p>&nbsp;<\/p>\n<p>FBs-CBES omogu\u0107ava FATEK PLC-ovima da komuniciraju sa SCADA sistemima, HMI panelima i drugim mre\u017enim ure\u0111ajima putem Ethernet mre\u017ee. Modul podr\u017eava Modbus TCP\/IP protokol, omogu\u0107avaju\u0107i pouzdanu razmenu podataka u realnom vremenu, \u0161to ga \u010dini idealnim za napredne industrijske aplikacije.<\/p>\n<p>Klju\u010dne karakteristike:<br \/>\nKomunikacija: Ethernet port sa podr\u0161kom za Modbus TCP\/IP.<\/p>\n<p>Kompatibilnost: Podr\u017eava FATEK FBs seriju PLC ure\u0111aja.<\/p>\n<p>Omogu\u0107ava stabilnu i brzu mre\u017enu komunikaciju sa SCADA\/HMI sistemima.<\/p>\n<p>Podr\u017eava vi\u0161estruke simultane TCP\/IP konekcije za efikasnu razmenu podataka.<\/p>\n<p>Pogodan za industrijske primene koje zahtevaju mre\u017eno povezivanje PLC sistema.<\/p>\n<p>FBs-CBES je pouzdan Ethernet modul koji omogu\u0107ava FATEK PLC ure\u0111ajima integraciju u industrijske mre\u017ee, pobolj\u0161avaju\u0107i povezanost i efikasnost automatizovanih sistema.<\/p>","protected":false},"excerpt":{"rendered":"<p>FBs-CBES je Ethernet komunikacioni modul za FATEK FBs seriju PLC ure\u0111aja, dizajniran za povezivanje PLC sistema sa industrijskim mre\u017eama putem Modbus TCP\/IP protokola.<\/p>","protected":false},"featured_media":30369,"template":"","meta":[],"product_brand":[111],"product_cat":[43,95],"product_tag":[],"class_list":{"0":"post-29196","1":"product","2":"type-product","3":"status-publish","4":"has-post-thumbnail","6":"product_brand-fatek","7":"product_cat-plc-kontroleri","8":"product_cat-periferije","10":"first","11":"instock","12":"taxable","13":"shipping-taxable","14":"purchasable","15":"product-type-simple"},"_links":{"self":[{"href":"https:\/\/gliki.at\/de\/wp-json\/wp\/v2\/product\/29196","targetHints":{"allow":["GET"]}}],"collection":[{"href":"https:\/\/gliki.at\/de\/wp-json\/wp\/v2\/product"}],"about":[{"href":"https:\/\/gliki.at\/de\/wp-json\/wp\/v2\/types\/product"}],"version-history":[{"count":1,"href":"https:\/\/gliki.at\/de\/wp-json\/wp\/v2\/product\/29196\/revisions"}],"predecessor-version":[{"id":29200,"href":"https:\/\/gliki.at\/de\/wp-json\/wp\/v2\/product\/29196\/revisions\/29200"}],"wp:featuredmedia":[{"embeddable":true,"href":"https:\/\/gliki.at\/de\/wp-json\/wp\/v2\/media\/30369"}],"wp:attachment":[{"href":"https:\/\/gliki.at\/de\/wp-json\/wp\/v2\/media?parent=29196"}],"wp:term":[{"taxonomy":"product_brand","embeddable":true,"href":"https:\/\/gliki.at\/de\/wp-json\/wp\/v2\/product_brand?post=29196"},{"taxonomy":"product_cat","embeddable":true,"href":"https:\/\/gliki.at\/de\/wp-json\/wp\/v2\/product_cat?post=29196"},{"taxonomy":"product_tag","embeddable":true,"href":"https:\/\/gliki.at\/de\/wp-json\/wp\/v2\/product_tag?post=29196"}],"curies":[{"name":"wp","href":"https:\/\/api.w.org\/{rel}","templated":true}]}}