{"id":29201,"date":"2025-04-14T14:26:45","date_gmt":"2025-04-14T12:26:45","guid":{"rendered":"https:\/\/gliki.at\/?post_type=product&#038;p=29201"},"modified":"2025-07-25T12:17:35","modified_gmt":"2025-07-25T10:17:35","slug":"fbs-cm55","status":"publish","type":"product","link":"https:\/\/gliki.at\/de\/shop\/plc-kontroleri\/periferije\/fbs-cm55\/","title":{"rendered":"FATEK FBs-CM55"},"content":{"rendered":"<p>&nbsp;<\/p>\n<p>FBs-CM55 omogu\u0107ava FATEK FBs seriji PLC ure\u0111aja da komuniciraju sa raznim industrijskim ure\u0111ajima koriste\u0107i RS-485 standard i Modbus RTU protokol u master ili slave re\u017eimu. Ovaj modul je idealan za primene u kojima je potrebna pouzdana serijska komunikacija sa vi\u0161e ure\u0111aja, uklju\u010duju\u0107i frekventne regulatore, HMI panele, merno-regulacione instrumente i sli\u010dnu opremu.<\/p>\n<p>Klju\u010dne karakteristike:<br \/>\nKomunikacioni port: 1x RS-485.<\/p>\n<p>Protokol: Podr\u0161ka za Modbus RTU (master\/slave re\u017eim).<\/p>\n<p>Kompatibilnost: Podr\u017eava FATEK FBs seriju PLC ure\u0111aja.<\/p>\n<p>Pogodan za povezivanje sa razli\u010ditim Modbus ure\u0111ajima.<\/p>\n<p>Omogu\u0107ava jednostavno pro\u0161irenje komunikacionih mogu\u0107nosti PLC sistema.<\/p>\n<p>FBs-CM55 je prakti\u010dno re\u0161enje za serijsku komunikaciju u industrijskim sistemima, obezbe\u0111uju\u0107i fleksibilnu i pouzdanu razmenu podataka putem RS-485 interfejsa i Modbus RTU protokola.<\/p>","protected":false},"excerpt":{"rendered":"<p>FBs-CM55 je komunikacioni modul za FATEK PLC sisteme, namenjen pro\u0161irenju komunikacije putem RS-485 interfejsa sa podr\u0161kom za Modbus RTU master\/slave protokole.<\/p>","protected":false},"featured_media":29202,"template":"","meta":[],"product_brand":[111],"product_cat":[43,95],"product_tag":[],"class_list":{"0":"post-29201","1":"product","2":"type-product","3":"status-publish","4":"has-post-thumbnail","6":"product_brand-fatek","7":"product_cat-plc-kontroleri","8":"product_cat-periferije","10":"first","11":"instock","12":"taxable","13":"shipping-taxable","14":"purchasable","15":"product-type-simple"},"_links":{"self":[{"href":"https:\/\/gliki.at\/de\/wp-json\/wp\/v2\/product\/29201","targetHints":{"allow":["GET"]}}],"collection":[{"href":"https:\/\/gliki.at\/de\/wp-json\/wp\/v2\/product"}],"about":[{"href":"https:\/\/gliki.at\/de\/wp-json\/wp\/v2\/types\/product"}],"version-history":[{"count":3,"href":"https:\/\/gliki.at\/de\/wp-json\/wp\/v2\/product\/29201\/revisions"}],"predecessor-version":[{"id":32828,"href":"https:\/\/gliki.at\/de\/wp-json\/wp\/v2\/product\/29201\/revisions\/32828"}],"wp:featuredmedia":[{"embeddable":true,"href":"https:\/\/gliki.at\/de\/wp-json\/wp\/v2\/media\/29202"}],"wp:attachment":[{"href":"https:\/\/gliki.at\/de\/wp-json\/wp\/v2\/media?parent=29201"}],"wp:term":[{"taxonomy":"product_brand","embeddable":true,"href":"https:\/\/gliki.at\/de\/wp-json\/wp\/v2\/product_brand?post=29201"},{"taxonomy":"product_cat","embeddable":true,"href":"https:\/\/gliki.at\/de\/wp-json\/wp\/v2\/product_cat?post=29201"},{"taxonomy":"product_tag","embeddable":true,"href":"https:\/\/gliki.at\/de\/wp-json\/wp\/v2\/product_tag?post=29201"}],"curies":[{"name":"wp","href":"https:\/\/api.w.org\/{rel}","templated":true}]}}