{"id":29217,"date":"2025-04-14T15:52:42","date_gmt":"2025-04-14T13:52:42","guid":{"rendered":"https:\/\/gliki.at\/?post_type=product&#038;p=29217"},"modified":"2025-07-30T14:11:13","modified_gmt":"2025-07-30T12:11:13","slug":"fbs-14mar2-ac","status":"publish","type":"product","link":"https:\/\/gliki.at\/de\/shop\/plc-kontroleri\/periferije\/fbs-14mar2-ac\/","title":{"rendered":"FATEK FBs-14MAR2-AC"},"content":{"rendered":"<p>&nbsp;<\/p>\n<p>FBs-14MAR2-AC je idealan za projekte koji zahtevaju pouzdano upravljanje i jednostavnu integraciju. Opremljen sa 8 digitalnih ulaza i 6 relejnih izlaza, ovaj ure\u0111aj pru\u017ea dovoljno fleksibilnosti za upravljanje osnovnim procesima. Integrisani RS-232 komunikacioni port omogu\u0107ava povezivanje sa drugim ure\u0111ajima, dok AC napajanje olak\u0161ava primenu u razli\u010ditim industrijskim okru\u017eenjima bez potrebe za eksternim naponskim pretvara\u010dima.<\/p>\n<p>Klju\u010dne karakteristike:<br \/>\nDigitalni ulazi: 8 ta\u010daka (24V DC).<\/p>\n<p>Digitalni izlazi: 6 relejnih ta\u010daka.<\/p>\n<p>Komunikacija: 1x RS-232 port (ugra\u0111en).<\/p>\n<p>Napajanje: 100\u2013240V AC.<\/p>\n<p>Kompaktan dizajn \u2013 idealan za instalacije sa ograni\u010denim prostorom.<\/p>\n<p>Kompatibilnost sa pro\u0161irenjima iz FBs serije.<\/p>\n<p>FBs-14MAR2-AC je pouzdano i prakti\u010dno re\u0161enje za automatizaciju manjih i srednjih sistema, sa AC napajanjem i osnovnim komunikacionim mogu\u0107nostima, savr\u0161en za po\u010detne aplikacije u industrijskoj automatizaciji.<\/p>","protected":false},"excerpt":{"rendered":"<p>FBs-14MAR2-AC je kompaktni PLC kontroler iz FATEK FBs serije sa 14 digitalnih I\/O ta\u010daka, dizajniran za osnovne i srednje zahtevne aplikacije u industrijskoj automatizaciji, sa napajanjem preko 100\u2013240V AC.<\/p>","protected":false},"featured_media":29218,"template":"","meta":[],"product_brand":[111],"product_cat":[43,95],"product_tag":[],"class_list":{"0":"post-29217","1":"product","2":"type-product","3":"status-publish","4":"has-post-thumbnail","6":"product_brand-fatek","7":"product_cat-plc-kontroleri","8":"product_cat-periferije","10":"first","11":"instock","12":"taxable","13":"shipping-taxable","14":"purchasable","15":"product-type-simple"},"_links":{"self":[{"href":"https:\/\/gliki.at\/de\/wp-json\/wp\/v2\/product\/29217","targetHints":{"allow":["GET"]}}],"collection":[{"href":"https:\/\/gliki.at\/de\/wp-json\/wp\/v2\/product"}],"about":[{"href":"https:\/\/gliki.at\/de\/wp-json\/wp\/v2\/types\/product"}],"version-history":[{"count":2,"href":"https:\/\/gliki.at\/de\/wp-json\/wp\/v2\/product\/29217\/revisions"}],"predecessor-version":[{"id":32832,"href":"https:\/\/gliki.at\/de\/wp-json\/wp\/v2\/product\/29217\/revisions\/32832"}],"wp:featuredmedia":[{"embeddable":true,"href":"https:\/\/gliki.at\/de\/wp-json\/wp\/v2\/media\/29218"}],"wp:attachment":[{"href":"https:\/\/gliki.at\/de\/wp-json\/wp\/v2\/media?parent=29217"}],"wp:term":[{"taxonomy":"product_brand","embeddable":true,"href":"https:\/\/gliki.at\/de\/wp-json\/wp\/v2\/product_brand?post=29217"},{"taxonomy":"product_cat","embeddable":true,"href":"https:\/\/gliki.at\/de\/wp-json\/wp\/v2\/product_cat?post=29217"},{"taxonomy":"product_tag","embeddable":true,"href":"https:\/\/gliki.at\/de\/wp-json\/wp\/v2\/product_tag?post=29217"}],"curies":[{"name":"wp","href":"https:\/\/api.w.org\/{rel}","templated":true}]}}