{"id":29242,"date":"2025-04-15T11:17:08","date_gmt":"2025-04-15T09:17:08","guid":{"rendered":"https:\/\/gliki.at\/?post_type=product&#038;p=29242"},"modified":"2025-07-25T12:22:05","modified_gmt":"2025-07-25T10:22:05","slug":"fbs-20x","status":"publish","type":"product","link":"https:\/\/gliki.at\/de\/shop\/plc-kontroleri\/periferije\/fbs-20x\/","title":{"rendered":"FATEK FBs-20X"},"content":{"rendered":"<p>FBs-20X je mo\u0107an izlazni modul koji omogu\u0107ava pro\u0161irenje PLC sistema sa dodatnih 20 digitalnih izlaza. Tranzistorski izlazi (tipi\u010dno Sink\/NPN) omogu\u0107avaju upravljanje ure\u0111ajima koji zahtevaju brze komande, kao \u0161to su svetlosne signalizacije, elektromagnetni ventili, indikatori i drugi industrijski izvr\u0161ni elementi. Modul je dizajniran za visoku pouzdanost i odziv, a njegova kompaktna veli\u010dina omogu\u0107ava lako uklapanje u postoje\u0107e instalacije.<\/p>\n<p>Klju\u010dne karakteristike:<br \/>\nDigitalni izlazi: 20 tranzistorskih ta\u010daka (Sink\/NPN).<\/p>\n<p>Tip modula: Ekspanzioni digitalni izlazni modul.<\/p>\n<p>Kompatibilnost: Potpuno kompatibilan sa FATEK FBs PLC serijom.<\/p>\n<p>Veliki broj izlaza \u2013 pogodan za kompleksnije automatizovane sisteme.<\/p>\n<p>Visoka brzina reakcije i preciznost.<\/p>\n<p>Kompaktan dizajn \u2013 \u0161tedi prostor u upravlja\u010dkom ormanu.<\/p>\n<p>FBs-20X je savr\u0161eno re\u0161enje za sisteme koji zahtevaju veliki broj brzih digitalnih izlaza, obezbe\u0111uju\u0107i precizno i pouzdano upravljanje izvr\u0161nim ure\u0111ajima u automatizovanim industrijskim okru\u017eenjima.<\/p>","protected":false},"excerpt":{"rendered":"<p>FBs-20X je digitalni izlazni ekspanzioni modul iz FATEK FBs serije, sa 20 tranzistorskih izlaznih ta\u010daka, idealan za brze i precizne kontrole u automatizacionim sistemima.<\/p>","protected":false},"featured_media":29243,"template":"","meta":[],"product_brand":[111],"product_cat":[43,95],"product_tag":[],"class_list":{"0":"post-29242","1":"product","2":"type-product","3":"status-publish","4":"has-post-thumbnail","6":"product_brand-fatek","7":"product_cat-plc-kontroleri","8":"product_cat-periferije","10":"first","11":"instock","12":"taxable","13":"shipping-taxable","14":"purchasable","15":"product-type-simple"},"_links":{"self":[{"href":"https:\/\/gliki.at\/de\/wp-json\/wp\/v2\/product\/29242","targetHints":{"allow":["GET"]}}],"collection":[{"href":"https:\/\/gliki.at\/de\/wp-json\/wp\/v2\/product"}],"about":[{"href":"https:\/\/gliki.at\/de\/wp-json\/wp\/v2\/types\/product"}],"version-history":[{"count":2,"href":"https:\/\/gliki.at\/de\/wp-json\/wp\/v2\/product\/29242\/revisions"}],"predecessor-version":[{"id":32840,"href":"https:\/\/gliki.at\/de\/wp-json\/wp\/v2\/product\/29242\/revisions\/32840"}],"wp:featuredmedia":[{"embeddable":true,"href":"https:\/\/gliki.at\/de\/wp-json\/wp\/v2\/media\/29243"}],"wp:attachment":[{"href":"https:\/\/gliki.at\/de\/wp-json\/wp\/v2\/media?parent=29242"}],"wp:term":[{"taxonomy":"product_brand","embeddable":true,"href":"https:\/\/gliki.at\/de\/wp-json\/wp\/v2\/product_brand?post=29242"},{"taxonomy":"product_cat","embeddable":true,"href":"https:\/\/gliki.at\/de\/wp-json\/wp\/v2\/product_cat?post=29242"},{"taxonomy":"product_tag","embeddable":true,"href":"https:\/\/gliki.at\/de\/wp-json\/wp\/v2\/product_tag?post=29242"}],"curies":[{"name":"wp","href":"https:\/\/api.w.org\/{rel}","templated":true}]}}