{"id":29251,"date":"2025-04-15T11:21:32","date_gmt":"2025-04-15T09:21:32","guid":{"rendered":"https:\/\/gliki.at\/?post_type=product&#038;p=29251"},"modified":"2025-07-30T14:19:48","modified_gmt":"2025-07-30T12:19:48","slug":"fbs-24xyt","status":"publish","type":"product","link":"https:\/\/gliki.at\/de\/shop\/plc-kontroleri\/periferije\/fbs-24xyt\/","title":{"rendered":"FATEK FBs-24XYT"},"content":{"rendered":"<p>FBs-24XYT pru\u017ea pro\u0161irenje PLC sistema sa ukupno 24 digitalna I\/O kanala, ta\u010dnije 12 digitalnih ulaza (24V DC) i 12 tranzistorskih izlaza (Sink\/NPN). Tranzistorski izlazi omogu\u0107avaju visoku brzinu upravljanja ure\u0111ajima kao \u0161to su indikatori, elektromagnetni ventili, signalna svetla i sli\u010dne jedinice. Kompaktan dizajn modula omogu\u0107ava lako integrisanje u PLC konfiguraciju, dok balansiran odnos ulaza i izlaza \u010dini ovaj model posebno pogodnim za slo\u017eenije automatizovane procese.<\/p>\n<p>Klju\u010dne karakteristike:<br \/>\nDigitalni ulazi: 12 ta\u010daka (24V DC).<\/p>\n<p>Digitalni izlazi: 12 tranzistorskih ta\u010daka (Sink\/NPN).<\/p>\n<p>Tip modula: Kombinovani digitalni I\/O ekspanzioni modul.<\/p>\n<p>Kompatibilnost: Potpuno kompatibilan sa FATEK FBs PLC serijom.<\/p>\n<p>Brza reakcija izlaza \u2013 pogodno za aplikacije sa dinami\u010dkim izvr\u0161avanjem komandi.<\/p>\n<p>Kompaktno i pouzdano re\u0161enje za pro\u0161irenje sistema.<\/p>\n<p>FBs-24XYT je odli\u010dan izbor za sve industrijske aplikacije koje zahtevaju veliki broj ulaza i brzih tranzistorskih izlaza u jednom kompaktnom modulu, obezbe\u0111uju\u0107i visok nivo kontrole i efikasnosti.<\/p>","protected":false},"excerpt":{"rendered":"<p>FBs-24XYT je kombinovani digitalni ulazno\/izlazni ekspanzioni modul iz FATEK FBs serije, sa 12 digitalnih ulaza i 12 tranzistorskih izlaza, idealan za aplikacije koje zahtevaju brzu i pouzdanu kontrolu u automatizaciji.<\/p>","protected":false},"featured_media":29252,"template":"","meta":[],"product_brand":[111],"product_cat":[43,95],"product_tag":[],"class_list":{"0":"post-29251","1":"product","2":"type-product","3":"status-publish","4":"has-post-thumbnail","6":"product_brand-fatek","7":"product_cat-plc-kontroleri","8":"product_cat-periferije","10":"first","11":"instock","12":"taxable","13":"shipping-taxable","14":"purchasable","15":"product-type-simple"},"_links":{"self":[{"href":"https:\/\/gliki.at\/de\/wp-json\/wp\/v2\/product\/29251","targetHints":{"allow":["GET"]}}],"collection":[{"href":"https:\/\/gliki.at\/de\/wp-json\/wp\/v2\/product"}],"about":[{"href":"https:\/\/gliki.at\/de\/wp-json\/wp\/v2\/types\/product"}],"version-history":[{"count":2,"href":"https:\/\/gliki.at\/de\/wp-json\/wp\/v2\/product\/29251\/revisions"}],"predecessor-version":[{"id":32843,"href":"https:\/\/gliki.at\/de\/wp-json\/wp\/v2\/product\/29251\/revisions\/32843"}],"wp:featuredmedia":[{"embeddable":true,"href":"https:\/\/gliki.at\/de\/wp-json\/wp\/v2\/media\/29252"}],"wp:attachment":[{"href":"https:\/\/gliki.at\/de\/wp-json\/wp\/v2\/media?parent=29251"}],"wp:term":[{"taxonomy":"product_brand","embeddable":true,"href":"https:\/\/gliki.at\/de\/wp-json\/wp\/v2\/product_brand?post=29251"},{"taxonomy":"product_cat","embeddable":true,"href":"https:\/\/gliki.at\/de\/wp-json\/wp\/v2\/product_cat?post=29251"},{"taxonomy":"product_tag","embeddable":true,"href":"https:\/\/gliki.at\/de\/wp-json\/wp\/v2\/product_tag?post=29251"}],"curies":[{"name":"wp","href":"https:\/\/api.w.org\/{rel}","templated":true}]}}