{"id":29257,"date":"2025-04-15T11:24:07","date_gmt":"2025-04-15T09:24:07","guid":{"rendered":"https:\/\/gliki.at\/?post_type=product&#038;p=29257"},"modified":"2025-07-30T14:19:04","modified_gmt":"2025-07-30T12:19:04","slug":"fbs-32mnt2-ac","status":"publish","type":"product","link":"https:\/\/gliki.at\/de\/shop\/plc-kontroleri\/periferije\/fbs-32mnt2-ac\/","title":{"rendered":"FATEK FBs-32MNT2-AC"},"content":{"rendered":"<p>FBs-32MNT2-AC je sna\u017ean PLC ure\u0111aj sa 16 digitalnih ulaza (24V DC) i 16 tranzistorskih izlaza (Sink\/NPN). Opremljen je sa ugra\u0111enim RS-232 komunikacionim portom, a podr\u017eava i pro\u0161irenje do tri komunikaciona porta za dodatne module. Napajanje se vr\u0161i direktno iz 100\u2013240V AC mre\u017ee, \u0161to pojednostavljuje instalaciju u ve\u0107ini industrijskih postrojenja. Tranzistorski izlazi obezbe\u0111uju visoku brzinu preklapanja, \u0161to ovaj model \u010dini idealnim za preciznu kontrolu brzih procesa kao \u0161to su sortiranje, pakovanje, transport i upravljanje ma\u0161inama.<\/p>\n<p>Klju\u010dne karakteristike:<br \/>\nDigitalni ulazi: 16 ta\u010daka (24V DC).<\/p>\n<p>Digitalni izlazi: 16 tranzistorskih ta\u010daka (Sink\/NPN).<\/p>\n<p>Napajanje: 100\u2013240V AC.<\/p>\n<p>Komunikacija: Ugra\u0111eni RS-232 port, mogu\u0107nost pro\u0161irenja do 3 porta.<\/p>\n<p>Pro\u0161irivost: Podr\u017eava dodatne I\/O i komunikacione module.<\/p>\n<p>Tranzistorski izlazi \u2013 idealni za aplikacije koje zahtevaju visok odziv.<\/p>\n<p>FBs-32MNT2-AC je napredno i pouzdano re\u0161enje za kompleksne automatizacione sisteme koji zahtevaju veliki broj I\/O ta\u010daka i brzu reakciju, sa dodatnom pogodnosti direktnog AC napajanja.<\/p>","protected":false},"excerpt":{"rendered":"<p>FBs-32MNT2-AC je programabilni logi\u010dki kontroler (PLC) iz FATEK FBs serije sa 32 digitalne I\/O ta\u010dke, AC napajanjem i tranzistorskim izlazima, idealan za zahtevne industrijske aplikacije koje zahtevaju brz odziv i pouzdanu kontrolu.<\/p>","protected":false},"featured_media":29258,"template":"","meta":[],"product_brand":[111],"product_cat":[43,95],"product_tag":[],"class_list":{"0":"post-29257","1":"product","2":"type-product","3":"status-publish","4":"has-post-thumbnail","6":"product_brand-fatek","7":"product_cat-plc-kontroleri","8":"product_cat-periferije","10":"first","11":"instock","12":"taxable","13":"shipping-taxable","14":"purchasable","15":"product-type-simple"},"_links":{"self":[{"href":"https:\/\/gliki.at\/de\/wp-json\/wp\/v2\/product\/29257","targetHints":{"allow":["GET"]}}],"collection":[{"href":"https:\/\/gliki.at\/de\/wp-json\/wp\/v2\/product"}],"about":[{"href":"https:\/\/gliki.at\/de\/wp-json\/wp\/v2\/types\/product"}],"version-history":[{"count":2,"href":"https:\/\/gliki.at\/de\/wp-json\/wp\/v2\/product\/29257\/revisions"}],"predecessor-version":[{"id":32845,"href":"https:\/\/gliki.at\/de\/wp-json\/wp\/v2\/product\/29257\/revisions\/32845"}],"wp:featuredmedia":[{"embeddable":true,"href":"https:\/\/gliki.at\/de\/wp-json\/wp\/v2\/media\/29258"}],"wp:attachment":[{"href":"https:\/\/gliki.at\/de\/wp-json\/wp\/v2\/media?parent=29257"}],"wp:term":[{"taxonomy":"product_brand","embeddable":true,"href":"https:\/\/gliki.at\/de\/wp-json\/wp\/v2\/product_brand?post=29257"},{"taxonomy":"product_cat","embeddable":true,"href":"https:\/\/gliki.at\/de\/wp-json\/wp\/v2\/product_cat?post=29257"},{"taxonomy":"product_tag","embeddable":true,"href":"https:\/\/gliki.at\/de\/wp-json\/wp\/v2\/product_tag?post=29257"}],"curies":[{"name":"wp","href":"https:\/\/api.w.org\/{rel}","templated":true}]}}