{"id":29266,"date":"2025-04-15T11:28:14","date_gmt":"2025-04-15T09:28:14","guid":{"rendered":"https:\/\/gliki.at\/?post_type=product&#038;p=29266"},"modified":"2025-07-30T14:17:57","modified_gmt":"2025-07-30T12:17:57","slug":"fbs-40xyt-ac","status":"publish","type":"product","link":"https:\/\/gliki.at\/de\/shop\/plc-kontroleri\/periferije\/fbs-40xyt-ac\/","title":{"rendered":"FATEK FBs-40XYT-AC"},"content":{"rendered":"<p>FBs-40XYT-AC predstavlja idealno re\u0161enje za pro\u0161irenje PLC sistema u aplikacijama koje zahtevaju veliki broj I\/O ta\u010daka. Modul sadr\u017ei 20 digitalnih ulaza (24V DC) i 20 tranzistorskih izlaza (Sink\/NPN), uz napajanje direktno iz 100\u2013240V AC mre\u017ee. Tranzistorski izlazi omogu\u0107avaju visokofrekventno preklapanje, \u0161to ga \u010dini pogodnim za dinami\u010dne procese poput linija za pakovanje, sortiranje i druge automatizovane ma\u0161inske operacije. AC napajanje dodatno pojednostavljuje instalaciju u industrijskim uslovima.<\/p>\n<p>Klju\u010dne karakteristike:<br \/>\nDigitalni ulazi: 20 ta\u010daka (24V DC).<\/p>\n<p>Digitalni izlazi: 20 tranzistorskih ta\u010daka (Sink\/NPN).<\/p>\n<p>Napajanje: 100\u2013240V AC.<\/p>\n<p>Tip modula: Kombinovani digitalni I\/O ekspanzioni modul.<\/p>\n<p>Kompatibilnost: Potpuno kompatibilan sa FATEK FBs PLC sistemima.<\/p>\n<p>Pogodno za brze aplikacije koje zahtevaju stabilno AC napajanje.<\/p>\n<p>FBs-40XYT-AC je robusno i efikasno re\u0161enje za pro\u0161irenje I\/O kapaciteta PLC sistema, idealno za zahtevne industrijske primene koje kombinuju visoke performanse sa prakti\u010dno\u0161\u0107u AC napajanja.<\/p>\n<p>&nbsp;<\/p>","protected":false},"excerpt":{"rendered":"<p>FBs-40XYT-AC je kombinovani digitalni ulazno\/izlazni ekspanzioni modul iz FATEK FBs serije, sa 20 digitalnih ulaza i 20 tranzistorskih izlaza, koji koristi AC napajanje, namenjen za industrijske aplikacije koje zahtevaju veliku brzinu i pouzdanost.<\/p>","protected":false},"featured_media":29267,"template":"","meta":[],"product_brand":[111],"product_cat":[43,95],"product_tag":[],"class_list":{"0":"post-29266","1":"product","2":"type-product","3":"status-publish","4":"has-post-thumbnail","6":"product_brand-fatek","7":"product_cat-plc-kontroleri","8":"product_cat-periferije","10":"first","11":"instock","12":"taxable","13":"shipping-taxable","14":"purchasable","15":"product-type-simple"},"_links":{"self":[{"href":"https:\/\/gliki.at\/de\/wp-json\/wp\/v2\/product\/29266","targetHints":{"allow":["GET"]}}],"collection":[{"href":"https:\/\/gliki.at\/de\/wp-json\/wp\/v2\/product"}],"about":[{"href":"https:\/\/gliki.at\/de\/wp-json\/wp\/v2\/types\/product"}],"version-history":[{"count":2,"href":"https:\/\/gliki.at\/de\/wp-json\/wp\/v2\/product\/29266\/revisions"}],"predecessor-version":[{"id":32848,"href":"https:\/\/gliki.at\/de\/wp-json\/wp\/v2\/product\/29266\/revisions\/32848"}],"wp:featuredmedia":[{"embeddable":true,"href":"https:\/\/gliki.at\/de\/wp-json\/wp\/v2\/media\/29267"}],"wp:attachment":[{"href":"https:\/\/gliki.at\/de\/wp-json\/wp\/v2\/media?parent=29266"}],"wp:term":[{"taxonomy":"product_brand","embeddable":true,"href":"https:\/\/gliki.at\/de\/wp-json\/wp\/v2\/product_brand?post=29266"},{"taxonomy":"product_cat","embeddable":true,"href":"https:\/\/gliki.at\/de\/wp-json\/wp\/v2\/product_cat?post=29266"},{"taxonomy":"product_tag","embeddable":true,"href":"https:\/\/gliki.at\/de\/wp-json\/wp\/v2\/product_tag?post=29266"}],"curies":[{"name":"wp","href":"https:\/\/api.w.org\/{rel}","templated":true}]}}