{"id":29269,"date":"2025-04-15T11:29:17","date_gmt":"2025-04-15T09:29:17","guid":{"rendered":"https:\/\/gliki.at\/?post_type=product&#038;p=29269"},"modified":"2025-07-30T14:20:48","modified_gmt":"2025-07-30T12:20:48","slug":"fbs-44mnt2-ac","status":"publish","type":"product","link":"https:\/\/gliki.at\/de\/shop\/plc-kontroleri\/periferije\/fbs-44mnt2-ac\/","title":{"rendered":"FATEK FBs-44MNT2-AC"},"content":{"rendered":"<p>FBs-44MNT2-AC je PLC ure\u0111aj sa 24 digitalna ulaza (24V DC) i 20 tranzistorskih izlaza (Sink\/NPN), dizajniran za industrijske aplikacije koje zahtevaju visok nivo automatizacije i fleksibilnosti. Ovaj model napaja se direktno iz 100\u2013240V AC mre\u017ee, \u0161to \u010dini njegovu instalaciju jednostavnom i br\u017eom u industrijskim uslovima. Tranzistorski izlazi omogu\u0107avaju precizno i brzo preklapanje za upravljanje velikim brojem izvr\u0161nih ure\u0111aja, dok RS-232 komunikacioni port omogu\u0107ava povezivanje sa drugim ure\u0111ajima i ra\u010dunarima. FBs-44MNT2-AC je posebno pogodan za slo\u017eenije sisteme automatizacije i procese sa velikim brojem I\/O ta\u010daka.<\/p>\n<p>Klju\u010dne karakteristike:<br \/>\nDigitalni ulazi: 24 ta\u010dke (24V DC).<\/p>\n<p>Digitalni izlazi: 20 tranzistorskih ta\u010daka (Sink\/NPN).<\/p>\n<p>Napajanje: 100\u2013240V AC.<\/p>\n<p>Komunikacija: Ugra\u0111eni RS-232 port, sa mogu\u0107no\u0161\u0107u pro\u0161irenja.<\/p>\n<p>Tip modula: Programabilni logi\u010dki kontroler sa tranzistorskim izlazima.<\/p>\n<p>Visoke performanse i visoka fleksibilnost za industrijske aplikacije.<\/p>\n<p>FBs-44MNT2-AC je idealno re\u0161enje za industrijske procese koji zahtevaju visok broj I\/O ta\u010daka i preciznu kontrolu, sa predno\u0161\u0107u napajanja iz AC mre\u017ee, \u0161to ga \u010dini efikasnim i pouzdanim u raznim aplikacijama automatizacije.<\/p>","protected":false},"excerpt":{"rendered":"<p>FBs-44MNT2-AC je programabilni logi\u010dki kontroler (PLC) iz FATEK FBs serije sa 44 digitalne I\/O ta\u010dke, AC napajanjem i tranzistorskim izlazima, pru\u017eaju\u0107i visok nivo kontrole i pouzdanosti u zahtevnim industrijskim aplikacijama.<\/p>","protected":false},"featured_media":29270,"template":"","meta":[],"product_brand":[111],"product_cat":[43,95],"product_tag":[],"class_list":{"0":"post-29269","1":"product","2":"type-product","3":"status-publish","4":"has-post-thumbnail","6":"product_brand-fatek","7":"product_cat-plc-kontroleri","8":"product_cat-periferije","10":"first","11":"instock","12":"taxable","13":"shipping-taxable","14":"purchasable","15":"product-type-simple"},"_links":{"self":[{"href":"https:\/\/gliki.at\/de\/wp-json\/wp\/v2\/product\/29269","targetHints":{"allow":["GET"]}}],"collection":[{"href":"https:\/\/gliki.at\/de\/wp-json\/wp\/v2\/product"}],"about":[{"href":"https:\/\/gliki.at\/de\/wp-json\/wp\/v2\/types\/product"}],"version-history":[{"count":2,"href":"https:\/\/gliki.at\/de\/wp-json\/wp\/v2\/product\/29269\/revisions"}],"predecessor-version":[{"id":32849,"href":"https:\/\/gliki.at\/de\/wp-json\/wp\/v2\/product\/29269\/revisions\/32849"}],"wp:featuredmedia":[{"embeddable":true,"href":"https:\/\/gliki.at\/de\/wp-json\/wp\/v2\/media\/29270"}],"wp:attachment":[{"href":"https:\/\/gliki.at\/de\/wp-json\/wp\/v2\/media?parent=29269"}],"wp:term":[{"taxonomy":"product_brand","embeddable":true,"href":"https:\/\/gliki.at\/de\/wp-json\/wp\/v2\/product_brand?post=29269"},{"taxonomy":"product_cat","embeddable":true,"href":"https:\/\/gliki.at\/de\/wp-json\/wp\/v2\/product_cat?post=29269"},{"taxonomy":"product_tag","embeddable":true,"href":"https:\/\/gliki.at\/de\/wp-json\/wp\/v2\/product_tag?post=29269"}],"curies":[{"name":"wp","href":"https:\/\/api.w.org\/{rel}","templated":true}]}}