{"id":29286,"date":"2025-04-15T12:52:54","date_gmt":"2025-04-15T10:52:54","guid":{"rendered":"https:\/\/gliki.at\/?post_type=product&#038;p=29286"},"modified":"2025-07-30T14:28:09","modified_gmt":"2025-07-30T12:28:09","slug":"fbs-w2c","status":"publish","type":"product","link":"https:\/\/gliki.at\/de\/shop\/plc-kontroleri\/periferije\/fbs-w2c\/","title":{"rendered":"FATEK FBs-W2C"},"content":{"rendered":"<p>Konverter je prvenstveno namenjen be\u017ei\u010dnoj vezi sa FATEK PLC-om iz programa WinProladder. Koristi se, na primer, u servisnim aktivnostima gde PLC nije lako dostupan, a upotreba dugog programskog kabla nije prakti\u010dna iz razli\u010ditih razloga. Pored toga, ovakva veza je potpuno galvanski izolovana.<\/p>\n<p>Karakteristike:<\/p>\n<p>Be\u017ei\u010dna zamena programskog kabla za FATEK PLC<\/p>\n<p>WiFi povezivanje<\/p>\n<p>LED indikatori:<\/p>\n<p>LINK-Wi-Fi (crvena): trep\u0107e kada je povezan sa Wi-Fi ure\u0111ajem<\/p>\n<p>TX (crvena): trep\u0107e kada PLC \u0161alje signal<\/p>\n<p>RX (zelena): trep\u0107e kada PLC prima signal<\/p>","protected":false},"excerpt":{"rendered":"<p>Be\u017ei\u010dni konverter za FATEK PLC omogu\u0107ava zamenu programskog kabla putem WiFi veze, pru\u017eaju\u0107i sigurnu i galvanski izolovanu komunikaciju sa WinProladder softverom, uz LED indikatore za status veze i prenos podataka.<\/p>","protected":false},"featured_media":29287,"template":"","meta":[],"product_brand":[111],"product_cat":[43,95],"product_tag":[],"class_list":{"0":"post-29286","1":"product","2":"type-product","3":"status-publish","4":"has-post-thumbnail","6":"product_brand-fatek","7":"product_cat-plc-kontroleri","8":"product_cat-periferije","10":"first","11":"instock","12":"taxable","13":"shipping-taxable","14":"purchasable","15":"product-type-simple"},"_links":{"self":[{"href":"https:\/\/gliki.at\/de\/wp-json\/wp\/v2\/product\/29286","targetHints":{"allow":["GET"]}}],"collection":[{"href":"https:\/\/gliki.at\/de\/wp-json\/wp\/v2\/product"}],"about":[{"href":"https:\/\/gliki.at\/de\/wp-json\/wp\/v2\/types\/product"}],"version-history":[{"count":4,"href":"https:\/\/gliki.at\/de\/wp-json\/wp\/v2\/product\/29286\/revisions"}],"predecessor-version":[{"id":33070,"href":"https:\/\/gliki.at\/de\/wp-json\/wp\/v2\/product\/29286\/revisions\/33070"}],"wp:featuredmedia":[{"embeddable":true,"href":"https:\/\/gliki.at\/de\/wp-json\/wp\/v2\/media\/29287"}],"wp:attachment":[{"href":"https:\/\/gliki.at\/de\/wp-json\/wp\/v2\/media?parent=29286"}],"wp:term":[{"taxonomy":"product_brand","embeddable":true,"href":"https:\/\/gliki.at\/de\/wp-json\/wp\/v2\/product_brand?post=29286"},{"taxonomy":"product_cat","embeddable":true,"href":"https:\/\/gliki.at\/de\/wp-json\/wp\/v2\/product_cat?post=29286"},{"taxonomy":"product_tag","embeddable":true,"href":"https:\/\/gliki.at\/de\/wp-json\/wp\/v2\/product_tag?post=29286"}],"curies":[{"name":"wp","href":"https:\/\/api.w.org\/{rel}","templated":true}]}}