{"id":29294,"date":"2025-04-15T12:56:43","date_gmt":"2025-04-15T10:56:43","guid":{"rendered":"https:\/\/gliki.at\/?post_type=product&#038;p=29294"},"modified":"2025-07-30T14:37:18","modified_gmt":"2025-07-30T12:37:18","slug":"fbs-b2c","status":"publish","type":"product","link":"https:\/\/gliki.at\/de\/shop\/plc-kontroleri\/periferije\/fbs-b2c\/","title":{"rendered":"FATEK FBs-B2C"},"content":{"rendered":"<p>FBs-B2C je Bluetooth na RS232 be\u017ei\u010dni konverter za prenos podataka, posebno dizajniran za kori\u0161\u0107enje sa FATEK PLC portom 0. Uz ovaj be\u017ei\u010dni konverter, korisnik mo\u017ee uspostaviti slobodnu i nepovezanu vezu sa FATEK PLC-om. Zanimljiva osobina B2C konvertera je automatsko prepoznavanje brzine veze i broja stanice povezanog PLC-a, \u0161to omogu\u0107ava plug and play rad. Kada se koristi sa laptopom, posebno je pogodan za programske zadatke gde nije potrebna stalna veza sa PLC-om.<\/p>\n<p>Usagla\u0161en sa Bluetooth standardom \u2013 V2.0<br \/>\nRadio snaga \u2013 2.5 mW (Klasa 2)<br \/>\nRaspon signala \u2013 10 m (uslov linijskog vida)<br \/>\nPriklju\u010deni PLC port \u2013 port0<br \/>\nSinhronizacija brzine PLC-a \u2013 automatska, bez DIP prekida\u010da<br \/>\nBrzina veze sa PLC-om \u2013 115200, menja se nakon sinhronizacije sa PLC-om. Automatski vra\u0107a originalnu brzinu PLC-a kada se veza prekine.<\/p>\n<p>Indikatori:<\/p>\n<p>LINK \u2013 stanje povezivanja Bluetooth-a; brzo treperi kada je PC COM port otvoren aplikacijom, polako treperi kada je COM port zatvoren<\/p>\n<p>RX \u2013 indikator prijema, svetli kada PLC prima signal<\/p>\n<p>TX \u2013 indikator prenosa, svetli kada PLC \u0161alje signal<\/p>\n<p>Pode\u0161avanje PIN koda \u2013 podrazumevano 5678, mo\u017ee se kontrolisati sadr\u017eajem registra<br \/>\nPotro\u0161nja energije \u2013 5V, 35mA<br \/>\nRadna temperatura \u2013 0 ~ 60 \u2103<br \/>\nTemperatura skladi\u0161tenja \u2013 -20 ~ 80 \u2103<br \/>\nDimenzije \u2013 18.3 (\u0160) x 41.3 (V) x 26.6 (D) mm (sa priklju\u010dkom)<br \/>\n18.3 (\u0160) x 41.3 (V) x 8.1 (D) mm (bez priklju\u010dka)<\/p>","protected":false},"excerpt":{"rendered":"<p>FBs-B2C Bluetooth konverter za FATEK PLC port0 podr\u017eava automatsku sinhronizaciju brzine, ima domet do 10m, LED indikatore za vezu i prenos, nisku potro\u0161nju i radi na temperaturama od 0 do 60\u00b0C.<\/p>\n<p>&nbsp;<\/p>\n<p>&nbsp;<\/p>\n<p>&nbsp;<\/p>\n<p>&nbsp;<\/p>","protected":false},"featured_media":29295,"template":"","meta":[],"product_brand":[111],"product_cat":[43,95],"product_tag":[],"class_list":{"0":"post-29294","1":"product","2":"type-product","3":"status-publish","4":"has-post-thumbnail","6":"product_brand-fatek","7":"product_cat-plc-kontroleri","8":"product_cat-periferije","10":"first","11":"instock","12":"taxable","13":"shipping-taxable","14":"purchasable","15":"product-type-simple"},"_links":{"self":[{"href":"https:\/\/gliki.at\/de\/wp-json\/wp\/v2\/product\/29294","targetHints":{"allow":["GET"]}}],"collection":[{"href":"https:\/\/gliki.at\/de\/wp-json\/wp\/v2\/product"}],"about":[{"href":"https:\/\/gliki.at\/de\/wp-json\/wp\/v2\/types\/product"}],"version-history":[{"count":4,"href":"https:\/\/gliki.at\/de\/wp-json\/wp\/v2\/product\/29294\/revisions"}],"predecessor-version":[{"id":33074,"href":"https:\/\/gliki.at\/de\/wp-json\/wp\/v2\/product\/29294\/revisions\/33074"}],"wp:featuredmedia":[{"embeddable":true,"href":"https:\/\/gliki.at\/de\/wp-json\/wp\/v2\/media\/29295"}],"wp:attachment":[{"href":"https:\/\/gliki.at\/de\/wp-json\/wp\/v2\/media?parent=29294"}],"wp:term":[{"taxonomy":"product_brand","embeddable":true,"href":"https:\/\/gliki.at\/de\/wp-json\/wp\/v2\/product_brand?post=29294"},{"taxonomy":"product_cat","embeddable":true,"href":"https:\/\/gliki.at\/de\/wp-json\/wp\/v2\/product_cat?post=29294"},{"taxonomy":"product_tag","embeddable":true,"href":"https:\/\/gliki.at\/de\/wp-json\/wp\/v2\/product_tag?post=29294"}],"curies":[{"name":"wp","href":"https:\/\/api.w.org\/{rel}","templated":true}]}}