{"id":29299,"date":"2025-04-15T13:06:14","date_gmt":"2025-04-15T11:06:14","guid":{"rendered":"https:\/\/gliki.at\/?post_type=product&#038;p=29299"},"modified":"2025-07-30T14:52:57","modified_gmt":"2025-07-30T12:52:57","slug":"fbs-cbe2","status":"publish","type":"product","link":"https:\/\/gliki.at\/de\/shop\/plc-kontroleri\/periferije\/fbs-cbe2\/","title":{"rendered":"FATEK FBs-CBE2 \u2013 Ethernet komunikacioni modul"},"content":{"rendered":"<p>FATEK FBs-CBES je Ethernet i IoT komunikaciona kartica za PLC serije FATEK FBs u ponudi Fox Electronics-a. Montira se na portovima 1 i 2 PLC-ova ove serije i omogu\u0107ava Ethernet 10\/100BaseT-TCP\/IP. Podr\u017eani aplikativni protokoli su: FATEK, Modbus \/ TCP, DHCP, DNS, NetBIOS. Male komunikacione kartice serije FBs-CBES se montiraju na CPU module i ne zauzimaju dodatni prostor na modulu. Ovom karticom za pro\u0161irenje FBs-CPU-a, PLC mo\u017ee direktno koristiti FATEK IoT servise bez potrebe za mre\u017enim prolazom ili HMI ure\u0111ajem. Pored integrisanja u IoT aplikacije, ova kartica omogu\u0107ava pode\u0161avanje IP adrese ure\u0111aja, tako da on mo\u017ee aktivno (re\u017eim klijenta) ili pasivno (re\u017eim servera) da komunicira sa ostalim kontrolerima ili ra\u010dunarima putem Ethernet mre\u017ee. Ova kartica za pro\u0161irenje je pogodna za sve FBs-CPU module i njome se lako realizuje daljinski nadzor i dijagnostika udaljenog PLC-a<\/p>","protected":false},"excerpt":{"rendered":"<p>FBs-CBE2 je ekspanzioni Ethernet komunikacioni modul iz FATEK FBs serije, koji omogu\u0107ava PLC ure\u0111ajima komunikaciju putem Ethernet mre\u017ee, idealan za aplikacije koje zahtevaju umre\u017eavanje.<\/p>","protected":false},"featured_media":29300,"template":"","meta":[],"product_brand":[111],"product_cat":[43,95],"product_tag":[],"class_list":{"0":"post-29299","1":"product","2":"type-product","3":"status-publish","4":"has-post-thumbnail","6":"product_brand-fatek","7":"product_cat-plc-kontroleri","8":"product_cat-periferije","10":"first","11":"instock","12":"taxable","13":"shipping-taxable","14":"purchasable","15":"product-type-simple"},"_links":{"self":[{"href":"https:\/\/gliki.at\/de\/wp-json\/wp\/v2\/product\/29299","targetHints":{"allow":["GET"]}}],"collection":[{"href":"https:\/\/gliki.at\/de\/wp-json\/wp\/v2\/product"}],"about":[{"href":"https:\/\/gliki.at\/de\/wp-json\/wp\/v2\/types\/product"}],"version-history":[{"count":4,"href":"https:\/\/gliki.at\/de\/wp-json\/wp\/v2\/product\/29299\/revisions"}],"predecessor-version":[{"id":33080,"href":"https:\/\/gliki.at\/de\/wp-json\/wp\/v2\/product\/29299\/revisions\/33080"}],"wp:featuredmedia":[{"embeddable":true,"href":"https:\/\/gliki.at\/de\/wp-json\/wp\/v2\/media\/29300"}],"wp:attachment":[{"href":"https:\/\/gliki.at\/de\/wp-json\/wp\/v2\/media?parent=29299"}],"wp:term":[{"taxonomy":"product_brand","embeddable":true,"href":"https:\/\/gliki.at\/de\/wp-json\/wp\/v2\/product_brand?post=29299"},{"taxonomy":"product_cat","embeddable":true,"href":"https:\/\/gliki.at\/de\/wp-json\/wp\/v2\/product_cat?post=29299"},{"taxonomy":"product_tag","embeddable":true,"href":"https:\/\/gliki.at\/de\/wp-json\/wp\/v2\/product_tag?post=29299"}],"curies":[{"name":"wp","href":"https:\/\/api.w.org\/{rel}","templated":true}]}}