{"id":29335,"date":"2025-04-23T10:56:40","date_gmt":"2025-04-23T08:56:40","guid":{"rendered":"https:\/\/gliki.at\/?post_type=product&#038;p=29335"},"modified":"2025-07-25T13:00:43","modified_gmt":"2025-07-25T11:00:43","slug":"htr-3a-500a-h","status":"publish","type":"product","link":"https:\/\/gliki.at\/de\/shop\/industrijski-senzori\/htr-3a-500a-h\/","title":{"rendered":"Hontko HTR-3A-500A-H"},"content":{"rendered":"<p>Serija HTR enkodera za srednje optere\u0107enje<\/p>\n<p>Enkoderi iz serije HTR obezbe\u0111uju precizno pozicioniranje i detekciju brzine. Pretvaraju rotaciono kretanje ili podatke o polo\u017eaju u elektronske impulse za pra\u0107enje brzine i polo\u017eaja.<\/p>\n<p>Klju\u010dne karakteristike:<\/p>\n<p>Tip izlaza: Push-pull<\/p>\n<p>Tip osovine: Puna osovina<\/p>\n<p>Za\u0161tita: protiv obrnutog polariteta<\/p>\n<p>Izlazne faze: ABZ faze (standard)<\/p>\n<p>Oblik izlaza: P \u2013 Push Pull \/ HL \u2013 Line Driver 5 \u2013 26 VDC<\/p>\n<p>Rezolucija: 5 \u2013 5000 impulsa po obrtaju (zavisno od modela i tipa izlaza)<\/p>","protected":false},"excerpt":{"rendered":"<p>HTR serija enkodera za srednje optere\u0107enje pru\u017ea precizno pozicioniranje i detekciju brzine sa rezolucijom od 5 do 5000 impulsa po obrtaju, Push-pull ili Line Driver izlazom i za\u0161titom od obrnutog polariteta.<\/p>","protected":false},"featured_media":31504,"template":"","meta":[],"product_brand":[112],"product_cat":[30,78],"product_tag":[],"class_list":{"0":"post-29335","1":"product","2":"type-product","3":"status-publish","4":"has-post-thumbnail","6":"product_brand-hontko","7":"product_cat-industrijski-senzori","8":"product_cat-enkoderi","10":"first","11":"instock","12":"taxable","13":"shipping-taxable","14":"purchasable","15":"product-type-simple"},"_links":{"self":[{"href":"https:\/\/gliki.at\/de\/wp-json\/wp\/v2\/product\/29335","targetHints":{"allow":["GET"]}}],"collection":[{"href":"https:\/\/gliki.at\/de\/wp-json\/wp\/v2\/product"}],"about":[{"href":"https:\/\/gliki.at\/de\/wp-json\/wp\/v2\/types\/product"}],"version-history":[{"count":4,"href":"https:\/\/gliki.at\/de\/wp-json\/wp\/v2\/product\/29335\/revisions"}],"predecessor-version":[{"id":32824,"href":"https:\/\/gliki.at\/de\/wp-json\/wp\/v2\/product\/29335\/revisions\/32824"}],"wp:featuredmedia":[{"embeddable":true,"href":"https:\/\/gliki.at\/de\/wp-json\/wp\/v2\/media\/31504"}],"wp:attachment":[{"href":"https:\/\/gliki.at\/de\/wp-json\/wp\/v2\/media?parent=29335"}],"wp:term":[{"taxonomy":"product_brand","embeddable":true,"href":"https:\/\/gliki.at\/de\/wp-json\/wp\/v2\/product_brand?post=29335"},{"taxonomy":"product_cat","embeddable":true,"href":"https:\/\/gliki.at\/de\/wp-json\/wp\/v2\/product_cat?post=29335"},{"taxonomy":"product_tag","embeddable":true,"href":"https:\/\/gliki.at\/de\/wp-json\/wp\/v2\/product_tag?post=29335"}],"curies":[{"name":"wp","href":"https:\/\/api.w.org\/{rel}","templated":true}]}}