{"id":29491,"date":"2025-04-29T11:10:37","date_gmt":"2025-04-29T09:10:37","guid":{"rendered":"https:\/\/gliki.at\/?post_type=product&#038;p=29491"},"modified":"2025-07-28T11:04:43","modified_gmt":"2025-07-28T09:04:43","slug":"taster-svetleci-zuti-lxb22-24v","status":"publish","type":"product","link":"https:\/\/gliki.at\/de\/shop\/prekidaci\/taster-svetleci-zuti-lxb22-24v\/","title":{"rendered":"taster svetleci zuti LXB22 (24V) Auspicious"},"content":{"rendered":"<p>&nbsp;<\/p>\n<p>Taster iz serije Auspicious LXB22 sa \u017eutim LED osvetljenjem na 24V DC nudi kombinaciju komandne funkcije i jasne vizuelne povratne informacije. Momentni mehanizam omogu\u0107ava automatski povratak tastera u po\u010detni polo\u017eaj nakon pritiska. Namenjen je za ugradnju u komandne table, ma\u0161ine i elektro-ormare, gde je neophodna brza i pouzdana interakcija sa korisnikom. Osvetljenje pove\u0107ava vidljivost i funkcionalnost tastera u uslovima slabe osvetljenosti.<\/p>\n<p>Klju\u010dne karakteristike:<\/p>\n<p>Boja tastera: \u017duta<\/p>\n<p>Osvetljenje: LED<\/p>\n<p>Tip rada: Momentni (automatski povratak)<\/p>\n<p>Materijal ku\u0107i\u0161ta: Otporna industrijska plastika<\/p>\n<p>Stepen za\u0161tite: IP65<\/p>\n<p>Radna temperatura: -25\u00b0C do +70\u00b0C<\/p>\n<p>Elektri\u010dni kontaktni kapacitet: Do 10A pri 250V AC<\/p>\n<p>Mehani\u010dki vek: Preko 1.000.000 operacija<\/p>\n<p>Auspicious LXB22 svetle\u0107i \u017euti taster (24V) je prakti\u010dno i vizuelno efikasno re\u0161enje za signalizaciju i upravljanje u industrijskim aplikacijama, obezbe\u0111uju\u0107i pouzdan rad i dugotrajan vek trajanja.<\/p>\n<p>&nbsp;<\/p>","protected":false},"excerpt":{"rendered":"<p>Auspicious LXB22 svetle\u0107i \u017euti taster (24V) je momentni industrijski taster sa LED osvetljenjem,\u00a0 dizajniran za upravljanje i signalizaciju u kontrolnim i industrijskim sistemima.<\/p>","protected":false},"featured_media":29492,"template":"","meta":[],"product_brand":[115],"product_cat":[29],"product_tag":[],"class_list":{"0":"post-29491","1":"product","2":"type-product","3":"status-publish","4":"has-post-thumbnail","6":"product_brand-auspicious","7":"product_cat-prekidaci","9":"first","10":"instock","11":"taxable","12":"shipping-taxable","13":"purchasable","14":"product-type-simple"},"_links":{"self":[{"href":"https:\/\/gliki.at\/de\/wp-json\/wp\/v2\/product\/29491","targetHints":{"allow":["GET"]}}],"collection":[{"href":"https:\/\/gliki.at\/de\/wp-json\/wp\/v2\/product"}],"about":[{"href":"https:\/\/gliki.at\/de\/wp-json\/wp\/v2\/types\/product"}],"version-history":[{"count":4,"href":"https:\/\/gliki.at\/de\/wp-json\/wp\/v2\/product\/29491\/revisions"}],"predecessor-version":[{"id":32931,"href":"https:\/\/gliki.at\/de\/wp-json\/wp\/v2\/product\/29491\/revisions\/32931"}],"wp:featuredmedia":[{"embeddable":true,"href":"https:\/\/gliki.at\/de\/wp-json\/wp\/v2\/media\/29492"}],"wp:attachment":[{"href":"https:\/\/gliki.at\/de\/wp-json\/wp\/v2\/media?parent=29491"}],"wp:term":[{"taxonomy":"product_brand","embeddable":true,"href":"https:\/\/gliki.at\/de\/wp-json\/wp\/v2\/product_brand?post=29491"},{"taxonomy":"product_cat","embeddable":true,"href":"https:\/\/gliki.at\/de\/wp-json\/wp\/v2\/product_cat?post=29491"},{"taxonomy":"product_tag","embeddable":true,"href":"https:\/\/gliki.at\/de\/wp-json\/wp\/v2\/product_tag?post=29491"}],"curies":[{"name":"wp","href":"https:\/\/api.w.org\/{rel}","templated":true}]}}