{"id":29539,"date":"2025-04-29T20:32:19","date_gmt":"2025-04-29T18:32:19","guid":{"rendered":"https:\/\/gliki.at\/?post_type=product&#038;p=29539"},"modified":"2025-07-28T11:10:27","modified_gmt":"2025-07-28T09:10:27","slug":"taster-on_off-dpb22n-220v","status":"publish","type":"product","link":"https:\/\/gliki.at\/de\/shop\/prekidaci\/taster-on_off-dpb22n-220v\/","title":{"rendered":"taster on-off DPB22N 220V  Auspicious"},"content":{"rendered":"<p>Taster DPB22N iz serije Auspicious predstavlja dvopolo\u017eajni prekida\u010d (On\/Off) sa LED osvetljenjem, pogodan za kontrolu razli\u010ditih ma\u0161ina, sistema i elektri\u010dnih kola.\u00a0 Taster je namenjen za stalno uklju\u010divanje i isklju\u010divanje (latching funkcija), a ugra\u0111eno osvetljenje na 220V AC omogu\u0107ava jasnu vizuelnu identifikaciju statusa ure\u0111aja.<\/p>\n<p>Klju\u010dne karakteristike:<\/p>\n<p>Tip tastera: On\/Off (dvopolo\u017eajni, zadr\u017ei poziciju)<\/p>\n<p>Osvetljenje: LED<\/p>\n<p>Materijal ku\u0107i\u0161ta: Plastika otporna na hemikalije i habanje<\/p>\n<p>Stepen za\u0161tite: IP65<\/p>\n<p>Elektri\u010dni kapacitet: Do 10A pri 250V AC<\/p>\n<p>Radna temperatura: -25\u00b0C do +70\u00b0C<\/p>\n<p>Mehani\u010dki vek: Vi\u0161e od 500.000 ciklusa<\/p>\n<p>Auspicious DPB22N On\/Off taster (220V) je idealan za aplikacije koje zahtevaju jasno definisano uklju\u010divanje i isklju\u010divanje, uz dodatnu vizuelnu signalizaciju i visoku pouzdanost u radu.<\/p>\n<p>&nbsp;<\/p>","protected":false},"excerpt":{"rendered":"<p>Auspicious DPB22N On\/Off taster (220V) je dvopolo\u017eajni prekida\u010d za upravljanje elektri\u010dnim ure\u0111ajima i industrijskim komandama, sa LED osvetljenjem i napajanjem od 220V .<\/p>","protected":false},"featured_media":29540,"template":"","meta":[],"product_brand":[115],"product_cat":[29],"product_tag":[],"class_list":{"0":"post-29539","1":"product","2":"type-product","3":"status-publish","4":"has-post-thumbnail","6":"product_brand-auspicious","7":"product_cat-prekidaci","9":"first","10":"instock","11":"taxable","12":"shipping-taxable","13":"purchasable","14":"product-type-simple"},"_links":{"self":[{"href":"https:\/\/gliki.at\/de\/wp-json\/wp\/v2\/product\/29539","targetHints":{"allow":["GET"]}}],"collection":[{"href":"https:\/\/gliki.at\/de\/wp-json\/wp\/v2\/product"}],"about":[{"href":"https:\/\/gliki.at\/de\/wp-json\/wp\/v2\/types\/product"}],"version-history":[{"count":3,"href":"https:\/\/gliki.at\/de\/wp-json\/wp\/v2\/product\/29539\/revisions"}],"predecessor-version":[{"id":32939,"href":"https:\/\/gliki.at\/de\/wp-json\/wp\/v2\/product\/29539\/revisions\/32939"}],"wp:featuredmedia":[{"embeddable":true,"href":"https:\/\/gliki.at\/de\/wp-json\/wp\/v2\/media\/29540"}],"wp:attachment":[{"href":"https:\/\/gliki.at\/de\/wp-json\/wp\/v2\/media?parent=29539"}],"wp:term":[{"taxonomy":"product_brand","embeddable":true,"href":"https:\/\/gliki.at\/de\/wp-json\/wp\/v2\/product_brand?post=29539"},{"taxonomy":"product_cat","embeddable":true,"href":"https:\/\/gliki.at\/de\/wp-json\/wp\/v2\/product_cat?post=29539"},{"taxonomy":"product_tag","embeddable":true,"href":"https:\/\/gliki.at\/de\/wp-json\/wp\/v2\/product_tag?post=29539"}],"curies":[{"name":"wp","href":"https:\/\/api.w.org\/{rel}","templated":true}]}}