{"id":29568,"date":"2025-04-29T21:08:56","date_gmt":"2025-04-29T19:08:56","guid":{"rendered":"https:\/\/gliki.at\/?post_type=product&#038;p=29568"},"modified":"2025-07-28T11:13:40","modified_gmt":"2025-07-28T09:13:40","slug":"taster-crni-grs22","status":"publish","type":"product","link":"https:\/\/gliki.at\/de\/shop\/prekidaci\/taster-crni-grs22\/","title":{"rendered":"taster crni GRS22 Auspicious"},"content":{"rendered":"<p>GRS22 crni taster, proizvo\u0111a\u010da Auspicious, predstavlja okretni taster koji se koristi za selekciju re\u017eima rada, prebacivanje izme\u0111u funkcija ili izbor operativnih stanja. Zahvaljuju\u0107i svom robusnom dizajnu, taster je idealan za primenu u komandnim ormarima i kontrolnim panelima. Crna boja ru\u010dice obi\u010dno se koristi za neutralne ili standardne funkcije. Mehanizam je dizajniran za dugotrajan rad, a monta\u017ea je jednostavna.<\/p>\n<p>Klju\u010dne karakteristike:<\/p>\n<p>Boja ru\u010dice: Crna<\/p>\n<p>Tip tastera: Okretni (selektorski)<\/p>\n<p>Kontakt konfiguracija: 1NO, 1NC ili kombinacija<\/p>\n<p>Materijal ku\u0107i\u0161ta: Visokokvalitetna plastika<\/p>\n<p>Stepen za\u0161tite: IP40\u2013IP65<\/p>\n<p>Elektri\u010dni kapacitet: Do 6A pri 250V AC<\/p>\n<p>Radna temperatura: -25\u00b0C do +70\u00b0C<\/p>\n<p>Mehani\u010dki vek: Vi\u0161e od 1.000.000 operacija<\/p>\n<p>Auspicious GRS22 crni taster je pouzdano re\u0161enje za manuelni izbor i upravljanje u raznim industrijskim aplikacijama, sa naglaskom na funkcionalnost, trajnost i jednostavnu monta\u017eu.<\/p>\n<p>&nbsp;<\/p>","protected":false},"excerpt":{"rendered":"<p>Auspicious GRS22 crni taster je okretni (rotacioni) taster , namenjen za ru\u010dno upravljanje u industrijskim kontrolnim sistemima gde je potrebna jasna mehani\u010dka komanda.<\/p>","protected":false},"featured_media":29573,"template":"","meta":[],"product_brand":[115],"product_cat":[29],"product_tag":[],"class_list":{"0":"post-29568","1":"product","2":"type-product","3":"status-publish","4":"has-post-thumbnail","6":"product_brand-auspicious","7":"product_cat-prekidaci","9":"first","10":"instock","11":"taxable","12":"shipping-taxable","13":"purchasable","14":"product-type-simple"},"_links":{"self":[{"href":"https:\/\/gliki.at\/de\/wp-json\/wp\/v2\/product\/29568","targetHints":{"allow":["GET"]}}],"collection":[{"href":"https:\/\/gliki.at\/de\/wp-json\/wp\/v2\/product"}],"about":[{"href":"https:\/\/gliki.at\/de\/wp-json\/wp\/v2\/types\/product"}],"version-history":[{"count":3,"href":"https:\/\/gliki.at\/de\/wp-json\/wp\/v2\/product\/29568\/revisions"}],"predecessor-version":[{"id":32945,"href":"https:\/\/gliki.at\/de\/wp-json\/wp\/v2\/product\/29568\/revisions\/32945"}],"wp:featuredmedia":[{"embeddable":true,"href":"https:\/\/gliki.at\/de\/wp-json\/wp\/v2\/media\/29573"}],"wp:attachment":[{"href":"https:\/\/gliki.at\/de\/wp-json\/wp\/v2\/media?parent=29568"}],"wp:term":[{"taxonomy":"product_brand","embeddable":true,"href":"https:\/\/gliki.at\/de\/wp-json\/wp\/v2\/product_brand?post=29568"},{"taxonomy":"product_cat","embeddable":true,"href":"https:\/\/gliki.at\/de\/wp-json\/wp\/v2\/product_cat?post=29568"},{"taxonomy":"product_tag","embeddable":true,"href":"https:\/\/gliki.at\/de\/wp-json\/wp\/v2\/product_tag?post=29568"}],"curies":[{"name":"wp","href":"https:\/\/api.w.org\/{rel}","templated":true}]}}