{"id":29581,"date":"2025-04-30T09:00:08","date_gmt":"2025-04-30T07:00:08","guid":{"rendered":"https:\/\/gliki.at\/?post_type=product&#038;p=29581"},"modified":"2025-07-28T10:55:19","modified_gmt":"2025-07-28T08:55:19","slug":"taster-beli-l22-220v","status":"publish","type":"product","link":"https:\/\/gliki.at\/de\/shop\/prekidaci\/taster-beli-l22-220v\/","title":{"rendered":"taster beli L22 (220V) Auspicious"},"content":{"rendered":"<p>&nbsp;<\/p>\n<p>Taster L22 bele boje, proizvo\u0111a\u010da Auspicious, je svetle\u0107i momentni taster dizajniran za rad na naponu od 220V AC. Bele svetle\u0107e tastere korisnici \u010desto koriste kao indikatore aktivnog stanja, osvetljenja ili univerzalnih funkcija u elektro-ormarima i upravlja\u010dkim panelima. Taster kombinuje vizuelnu signalizaciju sa funkcijom komande, \u0161to ga \u010dini pogodnim za razli\u010dite industrijske aplikacije. Ku\u0107i\u0161te je otporno na mehani\u010dke uticaje.<\/p>\n<p>Klju\u010dne karakteristike:<\/p>\n<p>Boja tastera: Bela<\/p>\n<p>Napon osvetljenja: 220V AC<\/p>\n<p>Tip rada: Momentni (automatski povratak)<\/p>\n<p>Osvetljenje: Ugra\u0111ena LED dioda<\/p>\n<p>Materijal ku\u0107i\u0161ta: Otporna plastika<\/p>\n<p>Stepen za\u0161tite: IP40\u2013IP65 (u zavisnosti od modela)<\/p>\n<p>Radna temperatura: -25\u00b0C do +70\u00b0C<\/p>\n<p>Mehani\u010dki vek: Vi\u0161e od 1.000.000 pritisaka<\/p>\n<p>Auspicious L22 beli taster (220V) je pouzdano i estetski \u010disto re\u0161enje za komandu i signalizaciju u automatizovanim sistemima, idealan za aplikacije koje zahtevaju jasan vizuelni prikaz i sigurnu funkcionalnost.<\/p>\n<p>&nbsp;<\/p>","protected":false},"excerpt":{"rendered":"<p>Auspicious L22 beli taster (220V) je svetle\u0107i momentni taster sa integrisanim LED osvetljenjem, pogodan za indikaciju stanja i ru\u010dno upravljanje u industrijskim komandnim sistemima.<\/p>","protected":false},"featured_media":30344,"template":"","meta":[],"product_brand":[115],"product_cat":[29],"product_tag":[],"class_list":{"0":"post-29581","1":"product","2":"type-product","3":"status-publish","4":"has-post-thumbnail","6":"product_brand-auspicious","7":"product_cat-prekidaci","9":"first","10":"instock","11":"taxable","12":"shipping-taxable","13":"purchasable","14":"product-type-simple"},"_links":{"self":[{"href":"https:\/\/gliki.at\/de\/wp-json\/wp\/v2\/product\/29581","targetHints":{"allow":["GET"]}}],"collection":[{"href":"https:\/\/gliki.at\/de\/wp-json\/wp\/v2\/product"}],"about":[{"href":"https:\/\/gliki.at\/de\/wp-json\/wp\/v2\/types\/product"}],"version-history":[{"count":3,"href":"https:\/\/gliki.at\/de\/wp-json\/wp\/v2\/product\/29581\/revisions"}],"predecessor-version":[{"id":32916,"href":"https:\/\/gliki.at\/de\/wp-json\/wp\/v2\/product\/29581\/revisions\/32916"}],"wp:featuredmedia":[{"embeddable":true,"href":"https:\/\/gliki.at\/de\/wp-json\/wp\/v2\/media\/30344"}],"wp:attachment":[{"href":"https:\/\/gliki.at\/de\/wp-json\/wp\/v2\/media?parent=29581"}],"wp:term":[{"taxonomy":"product_brand","embeddable":true,"href":"https:\/\/gliki.at\/de\/wp-json\/wp\/v2\/product_brand?post=29581"},{"taxonomy":"product_cat","embeddable":true,"href":"https:\/\/gliki.at\/de\/wp-json\/wp\/v2\/product_cat?post=29581"},{"taxonomy":"product_tag","embeddable":true,"href":"https:\/\/gliki.at\/de\/wp-json\/wp\/v2\/product_tag?post=29581"}],"curies":[{"name":"wp","href":"https:\/\/api.w.org\/{rel}","templated":true}]}}