{"id":29692,"date":"2025-05-01T10:18:42","date_gmt":"2025-05-01T08:18:42","guid":{"rendered":"https:\/\/gliki.at\/?post_type=product&#038;p=29692"},"modified":"2025-07-28T15:35:47","modified_gmt":"2025-07-28T13:35:47","slug":"nozni-taster-fs3","status":"publish","type":"product","link":"https:\/\/gliki.at\/de\/shop\/prekidaci\/nozni-taster-fs3\/","title":{"rendered":"No\u017eni prekida\u010d FS-3 Auspicious"},"content":{"rendered":"<p>FS-3 je robusni no\u017eni prekida\u010d dizajniran za industrijsku i op\u0161tu primenu. Ima aluminijumsko ku\u0107i\u0161te koje obezbe\u0111uje dugotrajnost i otpornost na habanje. Opremljen je PVC kablom preseka 0.75 mm\u00b2 sa tri provodnika. Dostupan je u vi\u0161e varijanti, u zavisnosti od potrebnog tipa kontakta i prekida\u010da.<\/p>\n<p>Tehni\u010dke karakteristike:<\/p>\n<p>Nazivni napon\/struja: do 15A, 250VAC<\/p>\n<p>Specifikacija kabla: PVC, 0.75 mm\u00b2, 3C<\/p>\n<p>Materijal ku\u0107i\u0161ta: aluminijum<\/p>\n<p>&nbsp;<\/p>\n<p>Ovaj model nudi pouzdanu funkcionalnost u aplikacijama koje zahtevaju no\u017eno upravljanje, a istovremeno omogu\u0107ava izbor razli\u010ditih konfiguracija u zavisnosti od potreba korisnika.<\/p>","protected":false},"excerpt":{"rendered":"<p>FS-3 je robusni no\u017eni prekida\u010d dizajniran za industrijsku i op\u0161tu primenu.<\/p>","protected":false},"featured_media":29693,"template":"","meta":[],"product_brand":[115],"product_cat":[29],"product_tag":[],"class_list":{"0":"post-29692","1":"product","2":"type-product","3":"status-publish","4":"has-post-thumbnail","6":"product_brand-auspicious","7":"product_cat-prekidaci","9":"first","10":"instock","11":"taxable","12":"shipping-taxable","13":"purchasable","14":"product-type-simple"},"_links":{"self":[{"href":"https:\/\/gliki.at\/de\/wp-json\/wp\/v2\/product\/29692","targetHints":{"allow":["GET"]}}],"collection":[{"href":"https:\/\/gliki.at\/de\/wp-json\/wp\/v2\/product"}],"about":[{"href":"https:\/\/gliki.at\/de\/wp-json\/wp\/v2\/types\/product"}],"version-history":[{"count":3,"href":"https:\/\/gliki.at\/de\/wp-json\/wp\/v2\/product\/29692\/revisions"}],"predecessor-version":[{"id":32966,"href":"https:\/\/gliki.at\/de\/wp-json\/wp\/v2\/product\/29692\/revisions\/32966"}],"wp:featuredmedia":[{"embeddable":true,"href":"https:\/\/gliki.at\/de\/wp-json\/wp\/v2\/media\/29693"}],"wp:attachment":[{"href":"https:\/\/gliki.at\/de\/wp-json\/wp\/v2\/media?parent=29692"}],"wp:term":[{"taxonomy":"product_brand","embeddable":true,"href":"https:\/\/gliki.at\/de\/wp-json\/wp\/v2\/product_brand?post=29692"},{"taxonomy":"product_cat","embeddable":true,"href":"https:\/\/gliki.at\/de\/wp-json\/wp\/v2\/product_cat?post=29692"},{"taxonomy":"product_tag","embeddable":true,"href":"https:\/\/gliki.at\/de\/wp-json\/wp\/v2\/product_tag?post=29692"}],"curies":[{"name":"wp","href":"https:\/\/api.w.org\/{rel}","templated":true}]}}