{"id":29727,"date":"2025-05-05T10:20:41","date_gmt":"2025-05-05T08:20:41","guid":{"rendered":"https:\/\/gliki.at\/?post_type=product&#038;p=29727"},"modified":"2025-07-28T11:52:25","modified_gmt":"2025-07-28T09:52:25","slug":"gcs22-crni-taster","status":"publish","type":"product","link":"https:\/\/gliki.at\/de\/shop\/prekidaci\/gcs22-crni-taster\/","title":{"rendered":"Auspicious GCS22 crni taster"},"content":{"rendered":"<p>Crni taster GCS22\u00a0 auspicious koristi se za upravljanje ma\u0161inama, signalizaciju i druge elektri\u010dne komande. Taster ima jednostavan kru\u017eni dizajn, izra\u0111en je od kvalitetne plastike otporne na udarce i namenjen je za ugradnju u komandne table ili upravlja\u010dke panele.<\/p>\n<p>&nbsp;<\/p>\n<p>Klju\u010dne karakteristike:<\/p>\n<p>Boja: Crna<\/p>\n<p>Nazivni napon\/struja: Tipi\u010dno do 250V AC \/ 3A (zavisno od modela)<\/p>\n<p>Materijal: Otporna plastika<\/p>\n<p>Primena: Industrijska automatizacija, komandne table, upravlja\u010dki ormari<\/p>\n<p>GCS22 crni taster je jednostavno i pouzdano re\u0161enje za kontrolne funkcije u razli\u010ditim elektroinstalacijama.<\/p>","protected":false},"excerpt":{"rendered":"<p>Auspicious GCS22 je taster crne boje\u00a0 dizajniran za kontrolu elektri\u010dnih kola u industrijskim i komercijalnim aplikacijama.<\/p>","protected":false},"featured_media":29728,"template":"","meta":[],"product_brand":[115],"product_cat":[29],"product_tag":[],"class_list":{"0":"post-29727","1":"product","2":"type-product","3":"status-publish","4":"has-post-thumbnail","6":"product_brand-auspicious","7":"product_cat-prekidaci","9":"first","10":"instock","11":"taxable","12":"shipping-taxable","13":"product-type-simple"},"_links":{"self":[{"href":"https:\/\/gliki.at\/de\/wp-json\/wp\/v2\/product\/29727","targetHints":{"allow":["GET"]}}],"collection":[{"href":"https:\/\/gliki.at\/de\/wp-json\/wp\/v2\/product"}],"about":[{"href":"https:\/\/gliki.at\/de\/wp-json\/wp\/v2\/types\/product"}],"version-history":[{"count":3,"href":"https:\/\/gliki.at\/de\/wp-json\/wp\/v2\/product\/29727\/revisions"}],"predecessor-version":[{"id":32960,"href":"https:\/\/gliki.at\/de\/wp-json\/wp\/v2\/product\/29727\/revisions\/32960"}],"wp:featuredmedia":[{"embeddable":true,"href":"https:\/\/gliki.at\/de\/wp-json\/wp\/v2\/media\/29728"}],"wp:attachment":[{"href":"https:\/\/gliki.at\/de\/wp-json\/wp\/v2\/media?parent=29727"}],"wp:term":[{"taxonomy":"product_brand","embeddable":true,"href":"https:\/\/gliki.at\/de\/wp-json\/wp\/v2\/product_brand?post=29727"},{"taxonomy":"product_cat","embeddable":true,"href":"https:\/\/gliki.at\/de\/wp-json\/wp\/v2\/product_cat?post=29727"},{"taxonomy":"product_tag","embeddable":true,"href":"https:\/\/gliki.at\/de\/wp-json\/wp\/v2\/product_tag?post=29727"}],"curies":[{"name":"wp","href":"https:\/\/api.w.org\/{rel}","templated":true}]}}