{"id":29731,"date":"2025-05-06T12:53:24","date_gmt":"2025-05-06T10:53:24","guid":{"rendered":"https:\/\/gliki.at\/?post_type=product&#038;p=29731"},"modified":"2025-08-06T12:50:57","modified_gmt":"2025-08-06T10:50:57","slug":"88-12-0-230-0002-visenamenski-vremenski-relej","status":"publish","type":"product","link":"https:\/\/gliki.at\/de\/shop\/releji\/oprema-za-releje\/88-12-0-230-0002-visenamenski-vremenski-relej\/","title":{"rendered":"Finder 88.12.0.230.0002-plug in tajmer"},"content":{"rendered":"<p>Tip 88.12 uti\u010dni tajmer, vi\u0161estruki napon i vi\u0161efunkcionalni oktalni, sa 2 ka\u0161njenja kontakta ili 1 ka\u0161njenim kontaktom + 1 instantnim kontaktom, za uparivanje sa le\u017ei\u0161tem serije 90.<\/p>\n<p>Funkcije:<br \/>\n\u2022 Al a: Ka\u0161njenje uklju\u010denja (2 vremenska kontakta)<br \/>\n\u2022 At b: Ka\u0161njenje uklju\u010denja (1 vremenski kontakt + 1 instantni kontakt)<br \/>\n\u2022 Dl a: Interval (2 vremenska kontakta)<br \/>\n\u2022 Dl b: Interval (1 vremenski kontakt + 1 instantni kontakt)<br \/>\n\u2022 GI: Impuls sa ka\u0161njenjem<br \/>\n\u2022 SW: Simetri\u010dni treptaju\u0107i signal, start uklju\u010den<\/p>\n<p>Karakteristike:<\/p>\n<p>Vremenske skale od 0,05 s do 100 h<\/p>\n<p>Monta\u017ea na zadnjoj strani panela<\/p>\n<p>Uklju\u010deni adapter za fiksiranje na prednjem panelu<\/p>","protected":false},"excerpt":{"rendered":"<p>Tip 88.12 uti\u010dni vi\u0161efunkcionalni tajmer sa 2 ili 1 ka\u0161njenim kontaktom, vremenskim opsegom od 0,05 s do 100 h, podr\u0161kom za monta\u017eu na zadnji i prednji panel serije 90.<\/p>","protected":false},"featured_media":29732,"template":"","meta":[],"product_brand":[114],"product_cat":[132,76],"product_tag":[],"class_list":{"0":"post-29731","1":"product","2":"type-product","3":"status-publish","4":"has-post-thumbnail","6":"product_brand-finder","7":"product_cat-oprema-za-releje","8":"product_cat-releji","10":"first","11":"instock","12":"taxable","13":"shipping-taxable","14":"purchasable","15":"product-type-simple"},"_links":{"self":[{"href":"https:\/\/gliki.at\/de\/wp-json\/wp\/v2\/product\/29731","targetHints":{"allow":["GET"]}}],"collection":[{"href":"https:\/\/gliki.at\/de\/wp-json\/wp\/v2\/product"}],"about":[{"href":"https:\/\/gliki.at\/de\/wp-json\/wp\/v2\/types\/product"}],"version-history":[{"count":5,"href":"https:\/\/gliki.at\/de\/wp-json\/wp\/v2\/product\/29731\/revisions"}],"predecessor-version":[{"id":33092,"href":"https:\/\/gliki.at\/de\/wp-json\/wp\/v2\/product\/29731\/revisions\/33092"}],"wp:featuredmedia":[{"embeddable":true,"href":"https:\/\/gliki.at\/de\/wp-json\/wp\/v2\/media\/29732"}],"wp:attachment":[{"href":"https:\/\/gliki.at\/de\/wp-json\/wp\/v2\/media?parent=29731"}],"wp:term":[{"taxonomy":"product_brand","embeddable":true,"href":"https:\/\/gliki.at\/de\/wp-json\/wp\/v2\/product_brand?post=29731"},{"taxonomy":"product_cat","embeddable":true,"href":"https:\/\/gliki.at\/de\/wp-json\/wp\/v2\/product_cat?post=29731"},{"taxonomy":"product_tag","embeddable":true,"href":"https:\/\/gliki.at\/de\/wp-json\/wp\/v2\/product_tag?post=29731"}],"curies":[{"name":"wp","href":"https:\/\/api.w.org\/{rel}","templated":true}]}}