{"id":29742,"date":"2025-05-06T13:07:14","date_gmt":"2025-05-06T11:07:14","guid":{"rendered":"https:\/\/gliki.at\/?post_type=product&#038;p=29742"},"modified":"2025-07-30T15:56:11","modified_gmt":"2025-07-30T13:56:11","slug":"86-30-0-024-0000-industrijski-relej-sa-24v-dc-napajanjem","status":"publish","type":"product","link":"https:\/\/gliki.at\/de\/shop\/releji\/oprema-za-releje\/86-30-0-024-0000-industrijski-relej-sa-24v-dc-napajanjem\/","title":{"rendered":"Finder 86.30.0.024.0000 \u2013vremenski modul"},"content":{"rendered":"<p data-start=\"113\" data-end=\"138\">Monta\u017ea: le\u017ei\u0161te (socket)<\/p>\n<p data-start=\"140\" data-end=\"169\">Radna temperatura: -20&#8230;50\u00b0C<\/p>\n<p data-start=\"171\" data-end=\"209\">Dimenzije ku\u0107i\u0161ta: 31 x 15,5 x 11,3 mm<\/p>\n<p data-start=\"211\" data-end=\"242\">Opseg brojanja: 0,05 s do 100 h<\/p>\n<p data-start=\"244\" data-end=\"272\">Prika\u017ei sli\u010dne proizvode (2)<\/p>\n<p data-start=\"274\" data-end=\"315\" data-is-last-node=\"\" data-is-only-node=\"\">Napon napajanja: 12&#8230;24V AC, 12&#8230;24V DC<\/p>","protected":false},"excerpt":{"rendered":"<p>Finder vremenski modul za releje sa opsegom od 0,05s do 100h, napajanjem 12\u201324V AC\/DC, monta\u017eom u le\u017ei\u0161te, dimenzija 31&#215;15,5&#215;11,3mm i radnom temperaturom od -20 do 50\u00b0C.<\/p>","protected":false},"featured_media":30234,"template":"","meta":[],"product_brand":[114],"product_cat":[132,76],"product_tag":[],"class_list":{"0":"post-29742","1":"product","2":"type-product","3":"status-publish","4":"has-post-thumbnail","6":"product_brand-finder","7":"product_cat-oprema-za-releje","8":"product_cat-releji","10":"first","11":"instock","12":"taxable","13":"shipping-taxable","14":"product-type-simple"},"_links":{"self":[{"href":"https:\/\/gliki.at\/de\/wp-json\/wp\/v2\/product\/29742","targetHints":{"allow":["GET"]}}],"collection":[{"href":"https:\/\/gliki.at\/de\/wp-json\/wp\/v2\/product"}],"about":[{"href":"https:\/\/gliki.at\/de\/wp-json\/wp\/v2\/types\/product"}],"version-history":[{"count":5,"href":"https:\/\/gliki.at\/de\/wp-json\/wp\/v2\/product\/29742\/revisions"}],"predecessor-version":[{"id":31770,"href":"https:\/\/gliki.at\/de\/wp-json\/wp\/v2\/product\/29742\/revisions\/31770"}],"wp:featuredmedia":[{"embeddable":true,"href":"https:\/\/gliki.at\/de\/wp-json\/wp\/v2\/media\/30234"}],"wp:attachment":[{"href":"https:\/\/gliki.at\/de\/wp-json\/wp\/v2\/media?parent=29742"}],"wp:term":[{"taxonomy":"product_brand","embeddable":true,"href":"https:\/\/gliki.at\/de\/wp-json\/wp\/v2\/product_brand?post=29742"},{"taxonomy":"product_cat","embeddable":true,"href":"https:\/\/gliki.at\/de\/wp-json\/wp\/v2\/product_cat?post=29742"},{"taxonomy":"product_tag","embeddable":true,"href":"https:\/\/gliki.at\/de\/wp-json\/wp\/v2\/product_tag?post=29742"}],"curies":[{"name":"wp","href":"https:\/\/api.w.org\/{rel}","templated":true}]}}