{"id":29775,"date":"2025-05-06T13:32:07","date_gmt":"2025-05-06T11:32:07","guid":{"rendered":"https:\/\/gliki.at\/?post_type=product&#038;p=29775"},"modified":"2025-10-07T15:58:39","modified_gmt":"2025-10-07T13:58:39","slug":"83-62-0-240-0000-vremenski-relej-sa-kasnjenjem-ukljucivanja-240v-ac","status":"publish","type":"product","link":"https:\/\/gliki.at\/de\/shop\/releji\/releji-za-din-sinu\/83-62-0-240-0000-vremenski-relej-sa-kasnjenjem-ukljucivanja-240v-ac\/","title":{"rendered":"Finder 83.62.0.240.0000 \u2013 tajmer za monta\u017eu na DIN \u0161inu"},"content":{"rendered":"<p>Finder Vremenski relej<\/p>\n<p>Ulazni napon: 24 \u2192 240V AC\/DC<br \/>\nNa\u010din monta\u017ee: DIN \u0161ina<br \/>\nRe\u017eim rada: Ka\u0161njenje isklju\u010denja (Power OFF Delay)<br \/>\nOpseg vremena: 0,05\u2013180 sekundi<br \/>\nBroj kontakata: 2<br \/>\nBroj vremenskih funkcija: Jedna<br \/>\nKonfiguracija kontakata: SPDT<br \/>\nPode\u0161avanje vremena: Sekunde<br \/>\nMaksimalna struja: 8A<br \/>\nMaksimalni napon: 265V AC \/ 242V DC<br \/>\nTip priklju\u010dka: Vij\u010dani<br \/>\nKonfiguracija prekida\u010da: DPDT<br \/>\nNapajanje: Spoljno<br \/>\n\u0160irina: 22,5 mm<br \/>\nMinimalni napon: 16,8V AC\/DC<br \/>\nMaksimalna radna temperatura: +60\u00b0C<br \/>\nMinimalna struja: 8A<br \/>\nDubina: 100,3 mm<br \/>\nDu\u017eina: 78,8 mm<br \/>\nSerija: Serija 83<br \/>\nMaterijal kontakata: Srebrni nikl<br \/>\nMinimalna radna temperatura: -20\u00b0C<\/p>","protected":false},"excerpt":{"rendered":"<p>Finder 83 serije tajmer za DIN \u0161inu sa ka\u0161njenjem isklju\u010denja (Power OFF Delay), radi na 24\u2013240V AC\/DC, podr\u017eava jedno vremensko pode\u0161avanje u opsegu od 0,05 do 180 sekundi, sa SPDT kontaktima, strujom do 8A i radnom temperaturom od -20\u00b0C do +60\u00b0C.<\/p>","protected":false},"featured_media":29776,"template":"","meta":[],"product_brand":[114],"product_cat":[235,76],"product_tag":[],"class_list":{"0":"post-29775","1":"product","2":"type-product","3":"status-publish","4":"has-post-thumbnail","6":"product_brand-finder","7":"product_cat-releji-za-din-sinu","8":"product_cat-releji","10":"first","11":"instock","12":"taxable","13":"shipping-taxable","14":"purchasable","15":"product-type-simple"},"_links":{"self":[{"href":"https:\/\/gliki.at\/de\/wp-json\/wp\/v2\/product\/29775","targetHints":{"allow":["GET"]}}],"collection":[{"href":"https:\/\/gliki.at\/de\/wp-json\/wp\/v2\/product"}],"about":[{"href":"https:\/\/gliki.at\/de\/wp-json\/wp\/v2\/types\/product"}],"version-history":[{"count":5,"href":"https:\/\/gliki.at\/de\/wp-json\/wp\/v2\/product\/29775\/revisions"}],"predecessor-version":[{"id":33081,"href":"https:\/\/gliki.at\/de\/wp-json\/wp\/v2\/product\/29775\/revisions\/33081"}],"wp:featuredmedia":[{"embeddable":true,"href":"https:\/\/gliki.at\/de\/wp-json\/wp\/v2\/media\/29776"}],"wp:attachment":[{"href":"https:\/\/gliki.at\/de\/wp-json\/wp\/v2\/media?parent=29775"}],"wp:term":[{"taxonomy":"product_brand","embeddable":true,"href":"https:\/\/gliki.at\/de\/wp-json\/wp\/v2\/product_brand?post=29775"},{"taxonomy":"product_cat","embeddable":true,"href":"https:\/\/gliki.at\/de\/wp-json\/wp\/v2\/product_cat?post=29775"},{"taxonomy":"product_tag","embeddable":true,"href":"https:\/\/gliki.at\/de\/wp-json\/wp\/v2\/product_tag?post=29775"}],"curies":[{"name":"wp","href":"https:\/\/api.w.org\/{rel}","templated":true}]}}