{"id":29783,"date":"2025-05-06T13:37:50","date_gmt":"2025-05-06T11:37:50","guid":{"rendered":"https:\/\/gliki.at\/?post_type=product&#038;p=29783"},"modified":"2025-10-07T15:59:13","modified_gmt":"2025-10-07T13:59:13","slug":"83-01-0-240-0000-vremenski-relej-sa-funkcijom-odloznog-starta-240v-ac","status":"publish","type":"product","link":"https:\/\/gliki.at\/de\/shop\/releji\/vremenski-releji\/83-01-0-240-0000-vremenski-relej-sa-funkcijom-odloznog-starta-240v-ac\/","title":{"rendered":"Finder 83.01.0.240.0000 \u2013 Tajmer"},"content":{"rendered":"<p>Opseg brojanja: 0,05 sekundi do 10 dana<\/p>\n<p>Vrsta izlaza: DPDT<\/p>\n<p>Elektri\u010dni parametri izlaza 1: 250V AC \/ 12A<\/p>\n<p>Serija proizvo\u0111a\u010da: 83<\/p>\n<p>Broj re\u017eima rada: 8<\/p>\n<p>Re\u017eimi rada broja\u010da: odlo\u017eeno isklju\u010divanje, odlo\u017eeno uklju\u010divanje, odlo\u017eeno uklju\u010divanje i isklju\u010divanje, uklju\u010denje na pode\u0161eno vreme, impuls nakon odre\u0111enog vremena, simetri\u010dan cikli\u010dni rad (prvo impuls), sa kontrolnim kontaktom S<\/p>\n<p>Elektri\u010dno povezivanje: zavrtni (\u0161raf) terminali<\/p>\n<p>Monta\u017ea: za monta\u017eu na DIN \u0161inu<\/p>\n<p>Radna temperatura: -20&#8230;60\u00b0C<\/p>\n<p>Broj pinova: 11<\/p>\n<p>IP za\u0161tita: IP20<\/p>\n<p>Dodatni ulazi za upravljanje: START<\/p>\n<p>Karakteristike tajmera: mogu\u0107nost kori\u0161\u0107enja daljinskog potenciometra za pode\u0161avanje vremena<\/p>\n<p>Indikacija: LED<\/p>\n<p>Napajanje: 24&#8230;240V AC \/ 24&#8230;240V DC<\/p>","protected":false},"excerpt":{"rendered":"<p>Finder 83.01.0.240.0000 je vi\u0161enamenski tajmer sa DPDT kontaktima, osam re\u017eima rada i \u0161irokim opsegom napajanja od 24 do 240 V AC\/DC. Pru\u017ea precizno vremensko upravljanje u rasponu od 0,05 sekundi do 10 dana, uz mogu\u0107nost povezivanja daljinskog potenciometra i START ulaza. Montira se na DIN \u0161inu i poseduje LED indikaciju rada.<\/p>","protected":false},"featured_media":29784,"template":"","meta":[],"product_brand":[114],"product_cat":[236,76],"product_tag":[],"class_list":{"0":"post-29783","1":"product","2":"type-product","3":"status-publish","4":"has-post-thumbnail","6":"product_brand-finder","7":"product_cat-vremenski-releji","8":"product_cat-releji","10":"first","11":"instock","12":"taxable","13":"shipping-taxable","14":"purchasable","15":"product-type-simple"},"_links":{"self":[{"href":"https:\/\/gliki.at\/de\/wp-json\/wp\/v2\/product\/29783","targetHints":{"allow":["GET"]}}],"collection":[{"href":"https:\/\/gliki.at\/de\/wp-json\/wp\/v2\/product"}],"about":[{"href":"https:\/\/gliki.at\/de\/wp-json\/wp\/v2\/types\/product"}],"version-history":[{"count":5,"href":"https:\/\/gliki.at\/de\/wp-json\/wp\/v2\/product\/29783\/revisions"}],"predecessor-version":[{"id":33094,"href":"https:\/\/gliki.at\/de\/wp-json\/wp\/v2\/product\/29783\/revisions\/33094"}],"wp:featuredmedia":[{"embeddable":true,"href":"https:\/\/gliki.at\/de\/wp-json\/wp\/v2\/media\/29784"}],"wp:attachment":[{"href":"https:\/\/gliki.at\/de\/wp-json\/wp\/v2\/media?parent=29783"}],"wp:term":[{"taxonomy":"product_brand","embeddable":true,"href":"https:\/\/gliki.at\/de\/wp-json\/wp\/v2\/product_brand?post=29783"},{"taxonomy":"product_cat","embeddable":true,"href":"https:\/\/gliki.at\/de\/wp-json\/wp\/v2\/product_cat?post=29783"},{"taxonomy":"product_tag","embeddable":true,"href":"https:\/\/gliki.at\/de\/wp-json\/wp\/v2\/product_tag?post=29783"}],"curies":[{"name":"wp","href":"https:\/\/api.w.org\/{rel}","templated":true}]}}