{"id":29829,"date":"2025-05-06T15:34:46","date_gmt":"2025-05-06T13:34:46","guid":{"rendered":"https:\/\/gliki.at\/?post_type=product&#038;p=29829"},"modified":"2025-07-31T12:31:17","modified_gmt":"2025-07-31T10:31:17","slug":"99-02-0-249-8-podnozje-za-relej","status":"publish","type":"product","link":"https:\/\/gliki.at\/de\/shop\/releji\/99-02-0-249-8-podnozje-za-relej\/","title":{"rendered":"Finder 99.02.0.249.8 &#8211; Modul"},"content":{"rendered":"<p>Moduli za indikaciju zavojnice i potiskivanje EMC smetnji. U zavisnosti od odabranog modula, mogu obezbediti: potiskivanje povratnog elektromotornog napona (EMF) pri isklju\u010divanju, LED indikaciju koja pokazuje kada je zavojnica aktivirana, za\u0161titu od obrnutog polariteta na priklju\u010dcima zavojnice i zaobila\u017eenje problemati\u010dnih curenja struje u kolu zavojnice.<\/p>\n<p data-start=\"0\" data-end=\"51\">Dimenzije: 15,5 x 31 x 10,5 mm<br data-start=\"30\" data-end=\"33\" \/>Napajanje: DC\/AC<\/p>\n<p data-start=\"53\" data-end=\"333\">Tehni\u010dki opis:<br data-start=\"67\" data-end=\"70\" \/>Moduli za indikaciju zavojnice i potiskivanje EMC smetnji iz serija 90\/92\/94\/95\/96\/97. Modul sa zelenom LED diodom i varistorom, ATEX sertifikovan (Ex ec). Radni napon nominalno 24 V, radni opseg od 6 do 24 V (AC)\/(DC). Otpornost: 19.100 \u03a9 (AC) i 17.300 \u03a9 (DC).<\/p>","protected":false},"excerpt":{"rendered":"<p>Finder 99.02.0.249.8\u00a0 kompaktni modul za indikaciju zavojnice i potiskivanje EMC smetnji sa zelenom LED diodom i varistorom, ATEX sertifikovan, radnog napona 6\u201324 V AC\/DC, za serije 90-97.<\/p>","protected":false},"featured_media":30395,"template":"","meta":[],"product_brand":[114],"product_cat":[76],"product_tag":[],"class_list":{"0":"post-29829","1":"product","2":"type-product","3":"status-publish","4":"has-post-thumbnail","6":"product_brand-finder","7":"product_cat-releji","9":"first","10":"instock","11":"taxable","12":"shipping-taxable","13":"product-type-simple"},"_links":{"self":[{"href":"https:\/\/gliki.at\/de\/wp-json\/wp\/v2\/product\/29829","targetHints":{"allow":["GET"]}}],"collection":[{"href":"https:\/\/gliki.at\/de\/wp-json\/wp\/v2\/product"}],"about":[{"href":"https:\/\/gliki.at\/de\/wp-json\/wp\/v2\/types\/product"}],"version-history":[{"count":5,"href":"https:\/\/gliki.at\/de\/wp-json\/wp\/v2\/product\/29829\/revisions"}],"predecessor-version":[{"id":31735,"href":"https:\/\/gliki.at\/de\/wp-json\/wp\/v2\/product\/29829\/revisions\/31735"}],"wp:featuredmedia":[{"embeddable":true,"href":"https:\/\/gliki.at\/de\/wp-json\/wp\/v2\/media\/30395"}],"wp:attachment":[{"href":"https:\/\/gliki.at\/de\/wp-json\/wp\/v2\/media?parent=29829"}],"wp:term":[{"taxonomy":"product_brand","embeddable":true,"href":"https:\/\/gliki.at\/de\/wp-json\/wp\/v2\/product_brand?post=29829"},{"taxonomy":"product_cat","embeddable":true,"href":"https:\/\/gliki.at\/de\/wp-json\/wp\/v2\/product_cat?post=29829"},{"taxonomy":"product_tag","embeddable":true,"href":"https:\/\/gliki.at\/de\/wp-json\/wp\/v2\/product_tag?post=29829"}],"curies":[{"name":"wp","href":"https:\/\/api.w.org\/{rel}","templated":true}]}}