{"id":29838,"date":"2025-05-06T17:47:14","date_gmt":"2025-05-06T15:47:14","guid":{"rendered":"https:\/\/gliki.at\/?post_type=product&#038;p=29838"},"modified":"2025-10-07T16:01:43","modified_gmt":"2025-10-07T14:01:43","slug":"99-02-8-230-07-podnozje-za-relej","status":"publish","type":"product","link":"https:\/\/gliki.at\/de\/shop\/releji\/99-02-8-230-07-podnozje-za-relej\/","title":{"rendered":"Finder 99.02.8.230.07"},"content":{"rendered":"<p>Moduli za indikaciju zavojnice i potiskivanje EMC smetnji. U zavisnosti od odabranog modula, mogu obezbediti: potiskivanje povratnog elektromotornog napona (EMF) pri isklju\u010divanju, LED indikaciju koja pokazuje kada je zavojnica aktivna, za\u0161titu od obrnutog polariteta na priklju\u010dcima zavojnice i zaobila\u017eenje problemati\u010dnih curenja struje u kolu zavojnice.<\/p>\n<p>Dimenzije: 15,5 x 31 x 10,5 mm<br \/>\nNapajanje: AC<\/p>","protected":false},"excerpt":{"rendered":"<p>Finder 99.02.8.230.07\u00a0 su moduli za indikaciju zavojnice i potiskivanje EMC smetnji iz serija 90\/92\/94\/95\/96\/97, modul za zaobila\u017eenje ostatka struje, AC, nominalni napon 230 V, radni opseg od 110 do 240 V, otpornost 19.100 \u03a9 (AC) i 17.300 \u03a9 (DC).<\/p>","protected":false},"featured_media":30205,"template":"","meta":[],"product_brand":[114],"product_cat":[76],"product_tag":[],"class_list":{"0":"post-29838","1":"product","2":"type-product","3":"status-publish","4":"has-post-thumbnail","6":"product_brand-finder","7":"product_cat-releji","9":"first","10":"instock","11":"taxable","12":"shipping-taxable","13":"product-type-simple"},"_links":{"self":[{"href":"https:\/\/gliki.at\/de\/wp-json\/wp\/v2\/product\/29838","targetHints":{"allow":["GET"]}}],"collection":[{"href":"https:\/\/gliki.at\/de\/wp-json\/wp\/v2\/product"}],"about":[{"href":"https:\/\/gliki.at\/de\/wp-json\/wp\/v2\/types\/product"}],"version-history":[{"count":5,"href":"https:\/\/gliki.at\/de\/wp-json\/wp\/v2\/product\/29838\/revisions"}],"predecessor-version":[{"id":33109,"href":"https:\/\/gliki.at\/de\/wp-json\/wp\/v2\/product\/29838\/revisions\/33109"}],"wp:featuredmedia":[{"embeddable":true,"href":"https:\/\/gliki.at\/de\/wp-json\/wp\/v2\/media\/30205"}],"wp:attachment":[{"href":"https:\/\/gliki.at\/de\/wp-json\/wp\/v2\/media?parent=29838"}],"wp:term":[{"taxonomy":"product_brand","embeddable":true,"href":"https:\/\/gliki.at\/de\/wp-json\/wp\/v2\/product_brand?post=29838"},{"taxonomy":"product_cat","embeddable":true,"href":"https:\/\/gliki.at\/de\/wp-json\/wp\/v2\/product_cat?post=29838"},{"taxonomy":"product_tag","embeddable":true,"href":"https:\/\/gliki.at\/de\/wp-json\/wp\/v2\/product_tag?post=29838"}],"curies":[{"name":"wp","href":"https:\/\/api.w.org\/{rel}","templated":true}]}}