{"id":29841,"date":"2025-05-06T17:51:39","date_gmt":"2025-05-06T15:51:39","guid":{"rendered":"https:\/\/gliki.at\/?post_type=product&#038;p=29841"},"modified":"2025-08-06T12:38:25","modified_gmt":"2025-08-06T10:38:25","slug":"99-02-9-024-99-podnozje-za-relej","status":"publish","type":"product","link":"https:\/\/gliki.at\/de\/shop\/releji\/99-02-9-024-99-podnozje-za-relej\/","title":{"rendered":"Finder 99.02.9.024.99 \u2013 Modul"},"content":{"rendered":"<p data-start=\"0\" data-end=\"375\">Moduli za indikaciju zavojnice i suzbijanje EMC smetnji. U zavisnosti od izabranog modula, mogu obezbediti: potiskivanje povratnog elektromotornog napona (EMF) pri isklju\u010divanju, LED indikaciju kada je zavojnica pod naponom, za\u0161titu od obrnutog polariteta na priklju\u010dcima zavojnice, kao i zaobila\u017eenje problemati\u010dnih curenja struje u kolu zavojnice.<\/p>\n<p data-start=\"377\" data-end=\"414\"><strong data-start=\"377\" data-end=\"390\">Dimenzije<\/strong><br data-start=\"390\" data-end=\"393\" \/>15,5 x 31 x 10,5 mm<\/p>\n<p data-start=\"416\" data-end=\"439\"><strong data-start=\"416\" data-end=\"429\">Napajanje<\/strong><br data-start=\"429\" data-end=\"432\" \/>DC\/AC<\/p>","protected":false},"excerpt":{"rendered":"<p>Moduli za indikaciju zavojnice i EMC za\u0161titu iz serija 90\/92\/94\/95\/96\/97. RC modul, DC\/AC, nominalni napon 24 V, radni opseg od 6 do 24 V (AC\/DC), otpornost 19.100 \u03a9 (AC) i 17.300 \u03a9 (DC).<\/p>","protected":false},"featured_media":30203,"template":"","meta":[],"product_brand":[114],"product_cat":[76],"product_tag":[],"class_list":{"0":"post-29841","1":"product","2":"type-product","3":"status-publish","4":"has-post-thumbnail","6":"product_brand-finder","7":"product_cat-releji","9":"first","10":"instock","11":"taxable","12":"shipping-taxable","13":"purchasable","14":"product-type-simple"},"_links":{"self":[{"href":"https:\/\/gliki.at\/de\/wp-json\/wp\/v2\/product\/29841","targetHints":{"allow":["GET"]}}],"collection":[{"href":"https:\/\/gliki.at\/de\/wp-json\/wp\/v2\/product"}],"about":[{"href":"https:\/\/gliki.at\/de\/wp-json\/wp\/v2\/types\/product"}],"version-history":[{"count":5,"href":"https:\/\/gliki.at\/de\/wp-json\/wp\/v2\/product\/29841\/revisions"}],"predecessor-version":[{"id":33110,"href":"https:\/\/gliki.at\/de\/wp-json\/wp\/v2\/product\/29841\/revisions\/33110"}],"wp:featuredmedia":[{"embeddable":true,"href":"https:\/\/gliki.at\/de\/wp-json\/wp\/v2\/media\/30203"}],"wp:attachment":[{"href":"https:\/\/gliki.at\/de\/wp-json\/wp\/v2\/media?parent=29841"}],"wp:term":[{"taxonomy":"product_brand","embeddable":true,"href":"https:\/\/gliki.at\/de\/wp-json\/wp\/v2\/product_brand?post=29841"},{"taxonomy":"product_cat","embeddable":true,"href":"https:\/\/gliki.at\/de\/wp-json\/wp\/v2\/product_cat?post=29841"},{"taxonomy":"product_tag","embeddable":true,"href":"https:\/\/gliki.at\/de\/wp-json\/wp\/v2\/product_tag?post=29841"}],"curies":[{"name":"wp","href":"https:\/\/api.w.org\/{rel}","templated":true}]}}