{"id":29869,"date":"2025-05-06T18:40:45","date_gmt":"2025-05-06T16:40:45","guid":{"rendered":"https:\/\/gliki.at\/?post_type=product&#038;p=29869"},"modified":"2025-07-31T14:29:31","modified_gmt":"2025-07-31T12:29:31","slug":"097-58-plasticni-drzac-za-oznake","status":"publish","type":"product","link":"https:\/\/gliki.at\/de\/shop\/releji\/oprema-za-releje\/097-58-plasticni-drzac-za-oznake\/","title":{"rendered":"Finder 097.58 \u2013 mosti\u0107 za povezivanje"},"content":{"rendered":"<p>Fabricka boja<br \/>\nPlava<\/p>\n<p>Broj pinova<br \/>\n8<\/p>\n<p>Kompatibilno sa<br \/>\nFinder<\/p>\n<p>Kompatibilno sa serijama<br \/>\nFinder 48 serija<br \/>\nFinder 4C serija<br \/>\nFinder 95 serija<br \/>\nFinder 97 serija<\/p>\n<p>Kompatibilno sa tipovima<br \/>\nFinder 48.P3<br \/>\nFinder 48.P5<br \/>\nFinder 48.P6<br \/>\nFinder 48.P8<br \/>\nFinder 4C.P1<br \/>\nFinder 4C.P2<br \/>\nFinder 95.P3<br \/>\nFinder 95.P5<br \/>\nFinder 97.P1<br \/>\nFinder 97.P2<\/p>\n<p>RoHS uskla\u0111en Da<\/p>","protected":false},"excerpt":{"rendered":"<p>Finder 097.58 je dr\u017ea\u010d za oznake izra\u0111en od plastike, namenjen za monta\u017eu na podno\u017eja serija 95, 96, 97 i 99. Omogu\u0107ava jasno ozna\u010davanje relejnih pozicija u upravlja\u010dkim i automatizacionim ormarima.<\/p>","protected":false},"featured_media":29870,"template":"","meta":[],"product_brand":[114],"product_cat":[132],"product_tag":[],"class_list":{"0":"post-29869","1":"product","2":"type-product","3":"status-publish","4":"has-post-thumbnail","6":"product_brand-finder","7":"product_cat-oprema-za-releje","9":"first","10":"instock","11":"taxable","12":"shipping-taxable","13":"product-type-simple"},"_links":{"self":[{"href":"https:\/\/gliki.at\/de\/wp-json\/wp\/v2\/product\/29869","targetHints":{"allow":["GET"]}}],"collection":[{"href":"https:\/\/gliki.at\/de\/wp-json\/wp\/v2\/product"}],"about":[{"href":"https:\/\/gliki.at\/de\/wp-json\/wp\/v2\/types\/product"}],"version-history":[{"count":3,"href":"https:\/\/gliki.at\/de\/wp-json\/wp\/v2\/product\/29869\/revisions"}],"predecessor-version":[{"id":33124,"href":"https:\/\/gliki.at\/de\/wp-json\/wp\/v2\/product\/29869\/revisions\/33124"}],"wp:featuredmedia":[{"embeddable":true,"href":"https:\/\/gliki.at\/de\/wp-json\/wp\/v2\/media\/29870"}],"wp:attachment":[{"href":"https:\/\/gliki.at\/de\/wp-json\/wp\/v2\/media?parent=29869"}],"wp:term":[{"taxonomy":"product_brand","embeddable":true,"href":"https:\/\/gliki.at\/de\/wp-json\/wp\/v2\/product_brand?post=29869"},{"taxonomy":"product_cat","embeddable":true,"href":"https:\/\/gliki.at\/de\/wp-json\/wp\/v2\/product_cat?post=29869"},{"taxonomy":"product_tag","embeddable":true,"href":"https:\/\/gliki.at\/de\/wp-json\/wp\/v2\/product_tag?post=29869"}],"curies":[{"name":"wp","href":"https:\/\/api.w.org\/{rel}","templated":true}]}}