{"id":29872,"date":"2025-05-06T18:42:52","date_gmt":"2025-05-06T16:42:52","guid":{"rendered":"https:\/\/gliki.at\/?post_type=product&#038;p=29872"},"modified":"2025-08-06T12:35:16","modified_gmt":"2025-08-06T10:35:16","slug":"093-20-1-kratkospojnica-za-podnozja","status":"publish","type":"product","link":"https:\/\/gliki.at\/de\/shop\/releji\/oprema-za-releje\/093-20-1-kratkospojnica-za-podnozja\/","title":{"rendered":"Finder 093.20.1 \u2013 mosti\u0107 za povezivanje"},"content":{"rendered":"<p>Crveni spojni most za povezivanje A1 ili A2 terminala na do 20 \u0161rafnih podno\u017eja, du\u017eine 121 mm, za tipove podno\u017eja: 93.01, 93.21 i 93.51.<\/p>","protected":false},"excerpt":{"rendered":"<p>Finder 093.20.1 plug-in visestruki most crveni<\/p>","protected":false},"featured_media":29873,"template":"","meta":[],"product_brand":[114],"product_cat":[132],"product_tag":[],"class_list":{"0":"post-29872","1":"product","2":"type-product","3":"status-publish","4":"has-post-thumbnail","6":"product_brand-finder","7":"product_cat-oprema-za-releje","9":"first","10":"instock","11":"taxable","12":"shipping-taxable","13":"purchasable","14":"product-type-simple"},"_links":{"self":[{"href":"https:\/\/gliki.at\/de\/wp-json\/wp\/v2\/product\/29872","targetHints":{"allow":["GET"]}}],"collection":[{"href":"https:\/\/gliki.at\/de\/wp-json\/wp\/v2\/product"}],"about":[{"href":"https:\/\/gliki.at\/de\/wp-json\/wp\/v2\/types\/product"}],"version-history":[{"count":3,"href":"https:\/\/gliki.at\/de\/wp-json\/wp\/v2\/product\/29872\/revisions"}],"predecessor-version":[{"id":33126,"href":"https:\/\/gliki.at\/de\/wp-json\/wp\/v2\/product\/29872\/revisions\/33126"}],"wp:featuredmedia":[{"embeddable":true,"href":"https:\/\/gliki.at\/de\/wp-json\/wp\/v2\/media\/29873"}],"wp:attachment":[{"href":"https:\/\/gliki.at\/de\/wp-json\/wp\/v2\/media?parent=29872"}],"wp:term":[{"taxonomy":"product_brand","embeddable":true,"href":"https:\/\/gliki.at\/de\/wp-json\/wp\/v2\/product_brand?post=29872"},{"taxonomy":"product_cat","embeddable":true,"href":"https:\/\/gliki.at\/de\/wp-json\/wp\/v2\/product_cat?post=29872"},{"taxonomy":"product_tag","embeddable":true,"href":"https:\/\/gliki.at\/de\/wp-json\/wp\/v2\/product_tag?post=29872"}],"curies":[{"name":"wp","href":"https:\/\/api.w.org\/{rel}","templated":true}]}}