{"id":29891,"date":"2025-05-07T09:27:42","date_gmt":"2025-05-07T07:27:42","guid":{"rendered":"https:\/\/gliki.at\/?post_type=product&#038;p=29891"},"modified":"2025-10-07T16:10:50","modified_gmt":"2025-10-07T14:10:50","slug":"34-51-7-024-0010-slim-relej","status":"publish","type":"product","link":"https:\/\/gliki.at\/de\/shop\/releji\/releji-za-pcb\/34-51-7-024-0010-slim-relej\/","title":{"rendered":"Finder 34.51.7.024.0010 \u2013 Ultra slim PCB relej"},"content":{"rendered":"<p>Opseg radne temperature<br \/>\n-40&#8230;85 \u00b0C<\/p>\n<p>Komercijalni opis<br \/>\nUltra-uski elektromehani\u010dki PCB relej, 6 A, \u0161irine 5 mm, sa niskom potro\u0161njom snage kalema, pogodan za monta\u017eu na \u0161tampanu plo\u010du (PCB) ili u uti\u010dnice iz serije 93. Dostupna je verzija 34.51-5010 sa kontaktima AgNi+Au.<\/p>\n<p>Konfiguracija kontakta<br \/>\n1 pol, promenljivi kontakt (CO \/ nPDT)<\/p>\n<p>Dimenzije<br \/>\n5 x 15 x 28 mm<\/p>\n<p>Elektri\u010dni \u017eivotni vek<br \/>\n60.000 ciklusa<\/p>\n<p>Izolacija kalem\/kontakti<br \/>\n6 kV<\/p>\n<p>Nazivni napon DC<br \/>\n24 V<\/p>\n<p>Radni opseg DC<br \/>\n16.8&#8230;36 V<\/p>\n<p>Nazivni napon kontakata<br \/>\n250 V AC<\/p>\n<p>Nazivna struja (kontakti)<br \/>\n6 A<\/p>\n<p>Nazivna snaga DC<br \/>\n0.17 W<\/p>\n<p>Napajanje<br \/>\nKalem osetljiv na jednosmernu struju (DC)<\/p>","protected":false},"excerpt":{"rendered":"<p>Subminijaturni PCB releji, elektromehani\u010dki (EMR), 1 pol, promenljivi kontakt (CO \/ nPDT), 6 A, AgNi kontakti, kalem osetljiv na DC, 24 V, radni opseg 16.8 do 36 V, nazivna snaga 0.17 W, otpor kalema 3350 \u03a9, potro\u0161nja 7.1 mA, napon zadr\u017eavanja 9.6 V, napon pri kome se relej isklju\u010duje (must drop-out) 1.2 V, opcija: za\u0161tita od fluksa (RT II), radna temperatura od -40 do +85 \u00b0C.<\/p>","protected":false},"featured_media":30198,"template":"","meta":[],"product_brand":[114],"product_cat":[234,76],"product_tag":[],"class_list":{"0":"post-29891","1":"product","2":"type-product","3":"status-publish","4":"has-post-thumbnail","6":"product_brand-finder","7":"product_cat-releji-za-pcb","8":"product_cat-releji","10":"first","11":"instock","12":"taxable","13":"shipping-taxable","14":"purchasable","15":"product-type-simple"},"_links":{"self":[{"href":"https:\/\/gliki.at\/de\/wp-json\/wp\/v2\/product\/29891","targetHints":{"allow":["GET"]}}],"collection":[{"href":"https:\/\/gliki.at\/de\/wp-json\/wp\/v2\/product"}],"about":[{"href":"https:\/\/gliki.at\/de\/wp-json\/wp\/v2\/types\/product"}],"version-history":[{"count":5,"href":"https:\/\/gliki.at\/de\/wp-json\/wp\/v2\/product\/29891\/revisions"}],"predecessor-version":[{"id":33134,"href":"https:\/\/gliki.at\/de\/wp-json\/wp\/v2\/product\/29891\/revisions\/33134"}],"wp:featuredmedia":[{"embeddable":true,"href":"https:\/\/gliki.at\/de\/wp-json\/wp\/v2\/media\/30198"}],"wp:attachment":[{"href":"https:\/\/gliki.at\/de\/wp-json\/wp\/v2\/media?parent=29891"}],"wp:term":[{"taxonomy":"product_brand","embeddable":true,"href":"https:\/\/gliki.at\/de\/wp-json\/wp\/v2\/product_brand?post=29891"},{"taxonomy":"product_cat","embeddable":true,"href":"https:\/\/gliki.at\/de\/wp-json\/wp\/v2\/product_cat?post=29891"},{"taxonomy":"product_tag","embeddable":true,"href":"https:\/\/gliki.at\/de\/wp-json\/wp\/v2\/product_tag?post=29891"}],"curies":[{"name":"wp","href":"https:\/\/api.w.org\/{rel}","templated":true}]}}