{"id":29897,"date":"2025-05-07T09:32:32","date_gmt":"2025-05-07T07:32:32","guid":{"rendered":"https:\/\/gliki.at\/?post_type=product&#038;p=29897"},"modified":"2025-10-07T16:11:25","modified_gmt":"2025-10-07T14:11:25","slug":"34-81-7-024-8240-slim-relej","status":"publish","type":"product","link":"https:\/\/gliki.at\/de\/shop\/releji\/34-81-7-024-8240-slim-relej\/","title":{"rendered":"Finder 34.81.7.024.8240 \u2013 Ultra slim PCB relej"},"content":{"rendered":"<p>Opseg radne temperature<br \/>\n-20&#8230;50 \u00b0C<\/p>\n<p>Komercijalni opis<br \/>\nPoluprovodni\u010dki relej za monta\u017eu na \u0161tampanu plo\u010du (PCB), direktno ili putem PCB uti\u010dnice. Tako\u0111e pogodan za monta\u017eu na DIN \u0161inu od 35 mm pomo\u0107u vij\u010dane, bezvij\u010dane ili push-in uti\u010dnice.<\/p>\n<p>Konfiguracija kontakta<br \/>\n1 NO (jedan normalno otvoreni kontakt, SPST-NO)<\/p>\n<p>Dimenzije<br \/>\n15.6 x 5 x 28 mm<\/p>\n<p>Elektri\u010dni \u017eivotni vek<br \/>\n0 ciklusa<\/p>\n<p>Nazivni napon DC<br \/>\n24 V<\/p>\n<p>Radni opseg DC<br \/>\n16&#8230;30 V<\/p>\n<p>Nazivna struja (kontakti)<br \/>\n2 A<\/p>\n<p>Nazivna snaga DC<br \/>\n0.17 W<\/p>\n<p>Napajanje<br \/>\nVerzija sa jednosmernim ulazom (DC)<\/p>","protected":false},"excerpt":{"rendered":"<p>Subminijaturni PCB releji, poluprovodni\u010dki (SSR), 1 NO (SPST-NO), 2 A, 2 A &#8211; 240 V AC, verzija sa DC ulazom, nazivni napon 24 V, radni opseg od 16 do 30 V, nazivna snaga 0.17 W, potro\u0161nja 7 mA, napon pri kome se relej isklju\u010duje (must drop-out) 10 V, impedansa 3430 \u03a9, radna temperatura od -20 do +50 \u00b0C.<\/p>","protected":false},"featured_media":30186,"template":"","meta":[],"product_brand":[114],"product_cat":[76],"product_tag":[],"class_list":{"0":"post-29897","1":"product","2":"type-product","3":"status-publish","4":"has-post-thumbnail","6":"product_brand-finder","7":"product_cat-releji","9":"first","10":"instock","11":"taxable","12":"shipping-taxable","13":"purchasable","14":"product-type-simple"},"_links":{"self":[{"href":"https:\/\/gliki.at\/de\/wp-json\/wp\/v2\/product\/29897","targetHints":{"allow":["GET"]}}],"collection":[{"href":"https:\/\/gliki.at\/de\/wp-json\/wp\/v2\/product"}],"about":[{"href":"https:\/\/gliki.at\/de\/wp-json\/wp\/v2\/types\/product"}],"version-history":[{"count":5,"href":"https:\/\/gliki.at\/de\/wp-json\/wp\/v2\/product\/29897\/revisions"}],"predecessor-version":[{"id":33136,"href":"https:\/\/gliki.at\/de\/wp-json\/wp\/v2\/product\/29897\/revisions\/33136"}],"wp:featuredmedia":[{"embeddable":true,"href":"https:\/\/gliki.at\/de\/wp-json\/wp\/v2\/media\/30186"}],"wp:attachment":[{"href":"https:\/\/gliki.at\/de\/wp-json\/wp\/v2\/media?parent=29897"}],"wp:term":[{"taxonomy":"product_brand","embeddable":true,"href":"https:\/\/gliki.at\/de\/wp-json\/wp\/v2\/product_brand?post=29897"},{"taxonomy":"product_cat","embeddable":true,"href":"https:\/\/gliki.at\/de\/wp-json\/wp\/v2\/product_cat?post=29897"},{"taxonomy":"product_tag","embeddable":true,"href":"https:\/\/gliki.at\/de\/wp-json\/wp\/v2\/product_tag?post=29897"}],"curies":[{"name":"wp","href":"https:\/\/api.w.org\/{rel}","templated":true}]}}