{"id":29915,"date":"2025-05-07T10:03:02","date_gmt":"2025-05-07T08:03:02","guid":{"rendered":"https:\/\/gliki.at\/?post_type=product&#038;p=29915"},"modified":"2025-10-07T16:12:56","modified_gmt":"2025-10-07T14:12:56","slug":"40-31-7-024-0000-industrijski-relej","status":"publish","type":"product","link":"https:\/\/gliki.at\/de\/shop\/releji\/releji-za-pcb\/40-31-7-024-0000-industrijski-relej\/","title":{"rendered":"Finder 40.31.7.024.0000 \u2013 Minijaturni PCB plug in relej"},"content":{"rendered":"<p>Radna temperatura okoline<br \/>\n-40&#8230;85 \u00b0C<\/p>\n<p>Komercijalni opis<br \/>\nMinijaturni PCB relej, 1 CO (promenljivi kontakt), 12 A. Monta\u017ea na PCB (razmak pinova 3,5 mm) ili priklju\u010divanje putem uti\u010dnica serije 95, DC kalemovi (650 mW ili 500 mW) i AC kalemovi. Varijanta sa kontaktima bez kadmijuma. Izolacija izme\u0111u kalema i kontakata 8 mm, 6 kV (1,2\/50 \u00b5s). Uskla\u0111en sa glow wire testom prema EN 60335-1.<\/p>\n<p>Konfiguracija kontakata<br \/>\n1 pol, CO (nPDT)<\/p>\n<p>Dimenzije<br \/>\n12,4 x 25 x 29 mm<\/p>\n<p>Elektri\u010dni vek<br \/>\n200.000 ciklusa<\/p>\n<p>Izolacija kalem\/kontakti<br \/>\n6 kV<\/p>\n<p>Nazivni napon DC<br \/>\n24 V<\/p>\n<p>Radni opseg DC<br \/>\n17,5&#8230;36 V<\/p>\n<p>Nazivni napon kontakata<br \/>\n250 V AC<\/p>\n<p>Nazivna struja kontakata<br \/>\n12 A<\/p>\n<p>Nazivna snaga DC<br \/>\n0,5 W<\/p>\n<p>Napajanje<br \/>\nDC osetljiv kalem<\/p>\n<p>Minijaturni PCB releji, PCB\/priklju\u010dni \u2013 pinovi 3,5 mm, 1 pol, CO (nPDT), 12 A, AgNi kontakti, DC osetljiv kalem, 24 V, radni opseg 17,5 do 36 V, nazivna snaga 0,5 W, otpor 1150 \u03a9, potro\u0161nja 21 mA, zadr\u017eavaju\u0107i napon 9,6 V, minimalni napon za otpu\u0161tanje 2,4 V, opcija: du\u017eina pina 5,2 mm (priklju\u010dni releji), verzija: otpornost na fluks (RT II), radna temperatura od -40 do +85 \u00b0C<\/p>","protected":false},"excerpt":{"rendered":"<p>Tip 40.31 je minijaturni relej sa 1 CO (promenljivi kontakt), 10 A, razmak pinova 3,5 mm, za \u0161tampane plo\u010de, kao i za priklju\u010divanje na uti\u010dnice serije 95.<\/p>\n<p>Karakteristike uklju\u010duju:<\/p>\n<p>* Du\u017eina pina 3,5 mm za PCB<br \/>\n* Du\u017eina pina 5,3 mm za priklju\u010divanje (plug-in)<br \/>\n* DC kalem (650 mW ili 500 mW)<br \/>\n* Varijanta sa kontaktima bez kadmijuma \u2013 8 mm, izolacija izme\u0111u kalema i kontakata 6 kV (1,2\/50\u00b5s)<br \/>\n* Uskla\u0111en sa glow wire testom prema EN 60335-1<br \/>\n* Namenjen za kori\u0161\u0107enje sa uti\u010dnicama serije 95 sa push-in, \u0161raf ili oprugastim terminalima za monta\u017eu na 35 mm \u0161inu (EN 60715) ili PCB<br \/>\n* Kompatibilan sa modulima indikacije kalema i EMC suzbijanja serije 99 i vremenskim modulima tipa 86.30<br \/>\n* Kategorija za\u0161tite: RT II \u2013 za\u0161tita od fluksa (standardna verzija) i RT III \u2013 otpornost na pranje (specijalna verzija)<\/p>","protected":false},"featured_media":30177,"template":"","meta":[],"product_brand":[114],"product_cat":[234,76],"product_tag":[],"class_list":{"0":"post-29915","1":"product","2":"type-product","3":"status-publish","4":"has-post-thumbnail","6":"product_brand-finder","7":"product_cat-releji-za-pcb","8":"product_cat-releji","10":"first","11":"instock","12":"taxable","13":"shipping-taxable","14":"purchasable","15":"product-type-simple"},"_links":{"self":[{"href":"https:\/\/gliki.at\/de\/wp-json\/wp\/v2\/product\/29915","targetHints":{"allow":["GET"]}}],"collection":[{"href":"https:\/\/gliki.at\/de\/wp-json\/wp\/v2\/product"}],"about":[{"href":"https:\/\/gliki.at\/de\/wp-json\/wp\/v2\/types\/product"}],"version-history":[{"count":5,"href":"https:\/\/gliki.at\/de\/wp-json\/wp\/v2\/product\/29915\/revisions"}],"predecessor-version":[{"id":33142,"href":"https:\/\/gliki.at\/de\/wp-json\/wp\/v2\/product\/29915\/revisions\/33142"}],"wp:featuredmedia":[{"embeddable":true,"href":"https:\/\/gliki.at\/de\/wp-json\/wp\/v2\/media\/30177"}],"wp:attachment":[{"href":"https:\/\/gliki.at\/de\/wp-json\/wp\/v2\/media?parent=29915"}],"wp:term":[{"taxonomy":"product_brand","embeddable":true,"href":"https:\/\/gliki.at\/de\/wp-json\/wp\/v2\/product_brand?post=29915"},{"taxonomy":"product_cat","embeddable":true,"href":"https:\/\/gliki.at\/de\/wp-json\/wp\/v2\/product_cat?post=29915"},{"taxonomy":"product_tag","embeddable":true,"href":"https:\/\/gliki.at\/de\/wp-json\/wp\/v2\/product_tag?post=29915"}],"curies":[{"name":"wp","href":"https:\/\/api.w.org\/{rel}","templated":true}]}}